{"id":4637,"date":"2024-03-04T02:23:52","date_gmt":"2024-03-04T02:23:52","guid":{"rendered":"https:\/\/vidistechnology.com\/?post_type=product&#038;p=4637"},"modified":"2024-03-04T02:23:52","modified_gmt":"2024-03-04T02:23:52","slug":"mb560-vl","status":"publish","type":"product","link":"https:\/\/vidistechnology.com\/index.php\/product\/mb560-vl\/","title":{"rendered":"MB560-VL"},"content":{"rendered":"<p><span>MB560-VL est un terminal d&#8217;identification multibiom\u00e9trique dot\u00e9 de la technologie innovante de reconnaissance faciale par lumi\u00e8re visible de ZKTeco.\u00a0<\/span><span>Dot\u00e9 des derniers algorithmes et technologies li\u00e9es \u00e0 la reconnaissance faciale, l&#8217;appareil peut effectuer la reconnaissance d&#8217;une cible \u00e0 une distance de 0,3 m \u00e0 2 m et fonctionnera automatiquement lorsqu&#8217;il d\u00e9tecte un visage dans la distance de d\u00e9tection afin d&#8217;offrir une meilleure qualit\u00e9 de reconnaissance en termes de vitesse. et une pr\u00e9cision que le pr\u00e9c\u00e9dent terminal de reconnaissance faciale proche infrarouge.\u00a0<\/span><\/p>\n","protected":false},"excerpt":{"rendered":"<p>MB560-VL<\/p>\n<ul>\n<li><span>Capacit\u00e9 faciale : <\/span><span>3 000\u00a0<\/span><\/li>\n<li><span>Capacit\u00e9 d&#8217;empreintes digitales : <\/span><span>3\u00a0000 <\/span><\/li>\n<li><span>Capacit\u00e9 de la carte : <\/span><span>10 000\u00a0<\/span><\/li>\n<li>TCP\/IP, WiFi , h\u00f4te USB<\/li>\n<\/ul>\n","protected":false},"featured_media":4639,"template":"","meta":[],"product_cat":[203,206],"product_tag":[],"class_list":["post-4637","product","type-product","status-publish","has-post-thumbnail","hentry","product_cat-control-dacces","product_cat-pointage"],"yoast_head":"<!-- This site is optimized with the Yoast SEO plugin v21.5 - https:\/\/yoast.com\/wordpress\/plugins\/seo\/ -->\n<title>MB560-VL - Vidistechnologie<\/title>\n<meta name=\"robots\" content=\"index, follow, max-snippet:-1, max-image-preview:large, max-video-preview:-1\" \/>\n<link rel=\"canonical\" href=\"http:\/\/vidistechnology.com\/index.php\/product\/mb560-vl\/\" \/>\n<meta property=\"og:locale\" content=\"fr_FR\" \/>\n<meta property=\"og:type\" content=\"article\" \/>\n<meta property=\"og:title\" content=\"MB560-VL - Vidistechnologie\" \/>\n<meta property=\"og:description\" content=\"MB560-VL   Capacit\u00e9 faciale : 3 000\u00a0  Capacit\u00e9 d&#039;empreintes digitales : 3\u00a0000   Capacit\u00e9 de la carte : 10 000\u00a0  TCP\/IP, WiFi , h\u00f4te USB\" \/>\n<meta property=\"og:url\" content=\"http:\/\/vidistechnology.com\/index.php\/product\/mb560-vl\/\" \/>\n<meta property=\"og:site_name\" content=\"Vidistechnologie\" \/>\n<meta property=\"article:publisher\" content=\"https:\/\/www.facebook.com\/profile.php?id=100089805237154\" \/>\n<meta property=\"og:image\" content=\"http:\/\/vidistechnology.com\/wp-content\/uploads\/2024\/03\/MB560-VL-2-1.png\" \/>\n\t<meta property=\"og:image:width\" content=\"500\" \/>\n\t<meta property=\"og:image:height\" content=\"500\" \/>\n\t<meta property=\"og:image:type\" content=\"image\/png\" \/>\n<meta name=\"twitter:card\" content=\"summary_large_image\" \/>\n<meta name=\"twitter:label1\" content=\"Dur\u00e9e de lecture estim\u00e9e\" \/>\n\t<meta name=\"twitter:data1\" content=\"1 minute\" \/>\n<script type=\"application\/ld+json\" class=\"yoast-schema-graph\">{\"@context\":\"https:\/\/schema.org\",\"@graph\":[{\"@type\":\"WebPage\",\"@id\":\"http:\/\/vidistechnology.com\/index.php\/product\/mb560-vl\/\",\"url\":\"http:\/\/vidistechnology.com\/index.php\/product\/mb560-vl\/\",\"name\":\"MB560-VL - Vidistechnologie\",\"isPartOf\":{\"@id\":\"https:\/\/vidistechnology.com\/#website\"},\"datePublished\":\"2024-03-04T02:23:52+00:00\",\"dateModified\":\"2024-03-04T02:23:52+00:00\",\"breadcrumb\":{\"@id\":\"http:\/\/vidistechnology.com\/index.php\/product\/mb560-vl\/#breadcrumb\"},\"inLanguage\":\"fr-FR\",\"potentialAction\":[{\"@type\":\"ReadAction\",\"target\":[\"http:\/\/vidistechnology.com\/index.php\/product\/mb560-vl\/\"]}]},{\"@type\":\"BreadcrumbList\",\"@id\":\"http:\/\/vidistechnology.com\/index.php\/product\/mb560-vl\/#breadcrumb\",\"itemListElement\":[{\"@type\":\"ListItem\",\"position\":1,\"name\":\"Accueil\",\"item\":\"https:\/\/vidistechnology.com\/\"},{\"@type\":\"ListItem\",\"position\":2,\"name\":\"produits\",\"item\":\"https:\/\/vidistechnology.com\/index.php\/shop-2\/\"},{\"@type\":\"ListItem\",\"position\":3,\"name\":\"MB560-VL\"}]},{\"@type\":\"WebSite\",\"@id\":\"https:\/\/vidistechnology.com\/#website\",\"url\":\"https:\/\/vidistechnology.com\/\",\"name\":\"Vidistechnologie\",\"description\":\"\",\"publisher\":{\"@id\":\"https:\/\/vidistechnology.com\/#organization\"},\"potentialAction\":[{\"@type\":\"SearchAction\",\"target\":{\"@type\":\"EntryPoint\",\"urlTemplate\":\"https:\/\/vidistechnology.com\/?s={search_term_string}\"},\"query-input\":\"required name=search_term_string\"}],\"inLanguage\":\"fr-FR\"},{\"@type\":\"Organization\",\"@id\":\"https:\/\/vidistechnology.com\/#organization\",\"name\":\"Vidistechnologie\",\"url\":\"https:\/\/vidistechnology.com\/\",\"logo\":{\"@type\":\"ImageObject\",\"inLanguage\":\"fr-FR\",\"@id\":\"https:\/\/vidistechnology.com\/#\/schema\/logo\/image\/\",\"url\":\"https:\/\/vidistechnology.com\/wp-content\/uploads\/2023\/09\/332472308_904858154051322_6295981484547826480_n.png\",\"contentUrl\":\"https:\/\/vidistechnology.com\/wp-content\/uploads\/2023\/09\/332472308_904858154051322_6295981484547826480_n.png\",\"width\":1992,\"height\":1259,\"caption\":\"Vidistechnologie\"},\"image\":{\"@id\":\"https:\/\/vidistechnology.com\/#\/schema\/logo\/image\/\"},\"sameAs\":[\"https:\/\/www.facebook.com\/profile.php?id=100089805237154\"]}]}<\/script>\n<!-- \/ Yoast SEO plugin. -->","yoast_head_json":{"title":"MB560-VL - Vidistechnologie","robots":{"index":"index","follow":"follow","max-snippet":"max-snippet:-1","max-image-preview":"max-image-preview:large","max-video-preview":"max-video-preview:-1"},"canonical":"http:\/\/vidistechnology.com\/index.php\/product\/mb560-vl\/","og_locale":"fr_FR","og_type":"article","og_title":"MB560-VL - Vidistechnologie","og_description":"MB560-VL   Capacit\u00e9 faciale : 3 000\u00a0  Capacit\u00e9 d'empreintes digitales : 3\u00a0000   Capacit\u00e9 de la carte : 10 000\u00a0  TCP\/IP, WiFi , h\u00f4te USB","og_url":"http:\/\/vidistechnology.com\/index.php\/product\/mb560-vl\/","og_site_name":"Vidistechnologie","article_publisher":"https:\/\/www.facebook.com\/profile.php?id=100089805237154","og_image":[{"width":500,"height":500,"url":"http:\/\/vidistechnology.com\/wp-content\/uploads\/2024\/03\/MB560-VL-2-1.png","type":"image\/png"}],"twitter_card":"summary_large_image","twitter_misc":{"Dur\u00e9e de lecture estim\u00e9e":"1 minute"},"schema":{"@context":"https:\/\/schema.org","@graph":[{"@type":"WebPage","@id":"http:\/\/vidistechnology.com\/index.php\/product\/mb560-vl\/","url":"http:\/\/vidistechnology.com\/index.php\/product\/mb560-vl\/","name":"MB560-VL - Vidistechnologie","isPartOf":{"@id":"https:\/\/vidistechnology.com\/#website"},"datePublished":"2024-03-04T02:23:52+00:00","dateModified":"2024-03-04T02:23:52+00:00","breadcrumb":{"@id":"http:\/\/vidistechnology.com\/index.php\/product\/mb560-vl\/#breadcrumb"},"inLanguage":"fr-FR","potentialAction":[{"@type":"ReadAction","target":["http:\/\/vidistechnology.com\/index.php\/product\/mb560-vl\/"]}]},{"@type":"BreadcrumbList","@id":"http:\/\/vidistechnology.com\/index.php\/product\/mb560-vl\/#breadcrumb","itemListElement":[{"@type":"ListItem","position":1,"name":"Accueil","item":"https:\/\/vidistechnology.com\/"},{"@type":"ListItem","position":2,"name":"produits","item":"https:\/\/vidistechnology.com\/index.php\/shop-2\/"},{"@type":"ListItem","position":3,"name":"MB560-VL"}]},{"@type":"WebSite","@id":"https:\/\/vidistechnology.com\/#website","url":"https:\/\/vidistechnology.com\/","name":"Vidistechnologie","description":"","publisher":{"@id":"https:\/\/vidistechnology.com\/#organization"},"potentialAction":[{"@type":"SearchAction","target":{"@type":"EntryPoint","urlTemplate":"https:\/\/vidistechnology.com\/?s={search_term_string}"},"query-input":"required name=search_term_string"}],"inLanguage":"fr-FR"},{"@type":"Organization","@id":"https:\/\/vidistechnology.com\/#organization","name":"Vidistechnologie","url":"https:\/\/vidistechnology.com\/","logo":{"@type":"ImageObject","inLanguage":"fr-FR","@id":"https:\/\/vidistechnology.com\/#\/schema\/logo\/image\/","url":"https:\/\/vidistechnology.com\/wp-content\/uploads\/2023\/09\/332472308_904858154051322_6295981484547826480_n.png","contentUrl":"https:\/\/vidistechnology.com\/wp-content\/uploads\/2023\/09\/332472308_904858154051322_6295981484547826480_n.png","width":1992,"height":1259,"caption":"Vidistechnologie"},"image":{"@id":"https:\/\/vidistechnology.com\/#\/schema\/logo\/image\/"},"sameAs":["https:\/\/www.facebook.com\/profile.php?id=100089805237154"]}]}},"_links":{"self":[{"href":"https:\/\/vidistechnology.com\/index.php\/wp-json\/wp\/v2\/product\/4637","targetHints":{"allow":["GET"]}}],"collection":[{"href":"https:\/\/vidistechnology.com\/index.php\/wp-json\/wp\/v2\/product"}],"about":[{"href":"https:\/\/vidistechnology.com\/index.php\/wp-json\/wp\/v2\/types\/product"}],"version-history":[{"count":1,"href":"https:\/\/vidistechnology.com\/index.php\/wp-json\/wp\/v2\/product\/4637\/revisions"}],"predecessor-version":[{"id":4641,"href":"https:\/\/vidistechnology.com\/index.php\/wp-json\/wp\/v2\/product\/4637\/revisions\/4641"}],"wp:featuredmedia":[{"embeddable":true,"href":"https:\/\/vidistechnology.com\/index.php\/wp-json\/wp\/v2\/media\/4639"}],"wp:attachment":[{"href":"https:\/\/vidistechnology.com\/index.php\/wp-json\/wp\/v2\/media?parent=4637"}],"wp:term":[{"taxonomy":"product_cat","embeddable":true,"href":"https:\/\/vidistechnology.com\/index.php\/wp-json\/wp\/v2\/product_cat?post=4637"},{"taxonomy":"product_tag","embeddable":true,"href":"https:\/\/vidistechnology.com\/index.php\/wp-json\/wp\/v2\/product_tag?post=4637"}],"curies":[{"name":"wp","href":"https:\/\/api.w.org\/{rel}","templated":true}]}}