{"id":4634,"date":"2024-03-03T18:45:16","date_gmt":"2024-03-03T18:45:16","guid":{"rendered":"https:\/\/vidistechnology.com\/?post_type=product&#038;p=4634"},"modified":"2024-03-04T11:24:31","modified_gmt":"2024-03-04T11:24:31","slug":"ax-pro","status":"publish","type":"product","link":"https:\/\/vidistechnology.com\/index.php\/product\/ax-pro\/","title":{"rendered":"AX PRO"},"content":{"rendered":"<p><strong>Le syst\u00e8me d&#8217;alarme Hikvision AX PRO est un choix id\u00e9al pour la protection de diff\u00e9rents types de b\u00e2timents tels que les villas, les bureaux, les magasins, etc<\/strong>. Il est dot\u00e9 de d\u00e9tections pr\u00e9cises et offre une protection compl\u00e8te.<\/p>\n<p>AX PRO est n\u00e9cessaire pour avoir une r\u00e9elle assurance en \u00e9tant en mesure de voir ce qui se passe imm\u00e9diatement lorsque vous \u00eates loin de chez vous ou de votre entreprise. C&#8217;est un syst\u00e8me sans fil facile \u00e0 utiliser et flexible.<\/p>\n<p>De plus, AX PRO est \u00e9quip\u00e9 d&#8217;une technologie avanc\u00e9e qui vous permet de surveiller votre propri\u00e9t\u00e9 \u00e0 distance \u00e0 tout moment via une application mobile. Vous pouvez recevoir des alertes en temps r\u00e9el en cas de d\u00e9tection de mouvements ou de sons suspects, et vous pouvez \u00e9galement visualiser des enregistrements en direct ou en diff\u00e9r\u00e9. Cela vous donne une tranquillit\u00e9 d&#8217;esprit suppl\u00e9mentaire en sachant que votre propri\u00e9t\u00e9 est en s\u00e9curit\u00e9, o\u00f9 que vous soyez.<\/p>\n","protected":false},"excerpt":{"rendered":"<ul>\n<li>1 Centrale d&#8217;alarme Ax Pro<\/li>\n<li>1 D\u00e9tecteur de mouvement<\/li>\n<li>1 D\u00e9tecteur d&#8217;ouverture<\/li>\n<li>1 T\u00e9l\u00e9commande<\/li>\n<li>1 Sir\u00e8ne ext\u00e9rieur\u00a0<strong>sans fil<\/strong><\/li>\n<li><em><strong>cam\u00e9ra EZVIZ gratuite (C1T ou C1C)<\/strong><\/em><\/li>\n<\/ul>\n","protected":false},"featured_media":4635,"template":"","meta":[],"product_cat":[220],"product_tag":[],"class_list":["post-4634","product","type-product","status-publish","has-post-thumbnail","hentry","product_cat-hikvision"],"yoast_head":"<!-- This site is optimized with the Yoast SEO plugin v21.5 - https:\/\/yoast.com\/wordpress\/plugins\/seo\/ -->\n<title>AX PRO - Vidistechnologie<\/title>\n<meta name=\"robots\" content=\"index, follow, max-snippet:-1, max-image-preview:large, max-video-preview:-1\" \/>\n<link rel=\"canonical\" href=\"https:\/\/vidistechnology.com\/index.php\/product\/ax-pro\/\" \/>\n<meta property=\"og:locale\" content=\"fr_FR\" \/>\n<meta property=\"og:type\" content=\"article\" \/>\n<meta property=\"og:title\" content=\"AX PRO - Vidistechnologie\" \/>\n<meta property=\"og:description\" content=\"1 Centrale d&#039;alarme Ax Pro  1 D\u00e9tecteur de mouvement  1 D\u00e9tecteur d&#039;ouverture  1 T\u00e9l\u00e9commande  1 Sir\u00e8ne ext\u00e9rieur\u00a0sans fil  cam\u00e9ra EZVIZ gratuite (C1T ou C1C)\" \/>\n<meta property=\"og:url\" content=\"https:\/\/vidistechnology.com\/index.php\/product\/ax-pro\/\" \/>\n<meta property=\"og:site_name\" content=\"Vidistechnologie\" \/>\n<meta property=\"article:publisher\" content=\"https:\/\/www.facebook.com\/profile.php?id=100089805237154\" \/>\n<meta property=\"article:modified_time\" content=\"2024-03-04T11:24:31+00:00\" \/>\n<meta property=\"og:image\" content=\"https:\/\/vidistechnology.com\/wp-content\/uploads\/2024\/03\/ax-pro.jpg\" \/>\n\t<meta property=\"og:image:width\" content=\"600\" \/>\n\t<meta property=\"og:image:height\" content=\"600\" \/>\n\t<meta property=\"og:image:type\" content=\"image\/jpeg\" \/>\n<meta name=\"twitter:card\" content=\"summary_large_image\" \/>\n<meta name=\"twitter:label1\" content=\"Dur\u00e9e de lecture estim\u00e9e\" \/>\n\t<meta name=\"twitter:data1\" content=\"1 minute\" \/>\n<script type=\"application\/ld+json\" class=\"yoast-schema-graph\">{\"@context\":\"https:\/\/schema.org\",\"@graph\":[{\"@type\":\"WebPage\",\"@id\":\"https:\/\/vidistechnology.com\/index.php\/product\/ax-pro\/\",\"url\":\"https:\/\/vidistechnology.com\/index.php\/product\/ax-pro\/\",\"name\":\"AX PRO - Vidistechnologie\",\"isPartOf\":{\"@id\":\"https:\/\/vidistechnology.com\/#website\"},\"datePublished\":\"2024-03-03T18:45:16+00:00\",\"dateModified\":\"2024-03-04T11:24:31+00:00\",\"breadcrumb\":{\"@id\":\"https:\/\/vidistechnology.com\/index.php\/product\/ax-pro\/#breadcrumb\"},\"inLanguage\":\"fr-FR\",\"potentialAction\":[{\"@type\":\"ReadAction\",\"target\":[\"https:\/\/vidistechnology.com\/index.php\/product\/ax-pro\/\"]}]},{\"@type\":\"BreadcrumbList\",\"@id\":\"https:\/\/vidistechnology.com\/index.php\/product\/ax-pro\/#breadcrumb\",\"itemListElement\":[{\"@type\":\"ListItem\",\"position\":1,\"name\":\"Accueil\",\"item\":\"https:\/\/vidistechnology.com\/\"},{\"@type\":\"ListItem\",\"position\":2,\"name\":\"produits\",\"item\":\"https:\/\/vidistechnology.com\/index.php\/shop-2\/\"},{\"@type\":\"ListItem\",\"position\":3,\"name\":\"AX PRO\"}]},{\"@type\":\"WebSite\",\"@id\":\"https:\/\/vidistechnology.com\/#website\",\"url\":\"https:\/\/vidistechnology.com\/\",\"name\":\"Vidistechnologie\",\"description\":\"\",\"publisher\":{\"@id\":\"https:\/\/vidistechnology.com\/#organization\"},\"potentialAction\":[{\"@type\":\"SearchAction\",\"target\":{\"@type\":\"EntryPoint\",\"urlTemplate\":\"https:\/\/vidistechnology.com\/?s={search_term_string}\"},\"query-input\":\"required name=search_term_string\"}],\"inLanguage\":\"fr-FR\"},{\"@type\":\"Organization\",\"@id\":\"https:\/\/vidistechnology.com\/#organization\",\"name\":\"Vidistechnologie\",\"url\":\"https:\/\/vidistechnology.com\/\",\"logo\":{\"@type\":\"ImageObject\",\"inLanguage\":\"fr-FR\",\"@id\":\"https:\/\/vidistechnology.com\/#\/schema\/logo\/image\/\",\"url\":\"https:\/\/vidistechnology.com\/wp-content\/uploads\/2023\/09\/332472308_904858154051322_6295981484547826480_n.png\",\"contentUrl\":\"https:\/\/vidistechnology.com\/wp-content\/uploads\/2023\/09\/332472308_904858154051322_6295981484547826480_n.png\",\"width\":1992,\"height\":1259,\"caption\":\"Vidistechnologie\"},\"image\":{\"@id\":\"https:\/\/vidistechnology.com\/#\/schema\/logo\/image\/\"},\"sameAs\":[\"https:\/\/www.facebook.com\/profile.php?id=100089805237154\"]}]}<\/script>\n<!-- \/ Yoast SEO plugin. -->","yoast_head_json":{"title":"AX PRO - Vidistechnologie","robots":{"index":"index","follow":"follow","max-snippet":"max-snippet:-1","max-image-preview":"max-image-preview:large","max-video-preview":"max-video-preview:-1"},"canonical":"https:\/\/vidistechnology.com\/index.php\/product\/ax-pro\/","og_locale":"fr_FR","og_type":"article","og_title":"AX PRO - Vidistechnologie","og_description":"1 Centrale d'alarme Ax Pro  1 D\u00e9tecteur de mouvement  1 D\u00e9tecteur d'ouverture  1 T\u00e9l\u00e9commande  1 Sir\u00e8ne ext\u00e9rieur\u00a0sans fil  cam\u00e9ra EZVIZ gratuite (C1T ou C1C)","og_url":"https:\/\/vidistechnology.com\/index.php\/product\/ax-pro\/","og_site_name":"Vidistechnologie","article_publisher":"https:\/\/www.facebook.com\/profile.php?id=100089805237154","article_modified_time":"2024-03-04T11:24:31+00:00","og_image":[{"width":600,"height":600,"url":"https:\/\/vidistechnology.com\/wp-content\/uploads\/2024\/03\/ax-pro.jpg","type":"image\/jpeg"}],"twitter_card":"summary_large_image","twitter_misc":{"Dur\u00e9e de lecture estim\u00e9e":"1 minute"},"schema":{"@context":"https:\/\/schema.org","@graph":[{"@type":"WebPage","@id":"https:\/\/vidistechnology.com\/index.php\/product\/ax-pro\/","url":"https:\/\/vidistechnology.com\/index.php\/product\/ax-pro\/","name":"AX PRO - Vidistechnologie","isPartOf":{"@id":"https:\/\/vidistechnology.com\/#website"},"datePublished":"2024-03-03T18:45:16+00:00","dateModified":"2024-03-04T11:24:31+00:00","breadcrumb":{"@id":"https:\/\/vidistechnology.com\/index.php\/product\/ax-pro\/#breadcrumb"},"inLanguage":"fr-FR","potentialAction":[{"@type":"ReadAction","target":["https:\/\/vidistechnology.com\/index.php\/product\/ax-pro\/"]}]},{"@type":"BreadcrumbList","@id":"https:\/\/vidistechnology.com\/index.php\/product\/ax-pro\/#breadcrumb","itemListElement":[{"@type":"ListItem","position":1,"name":"Accueil","item":"https:\/\/vidistechnology.com\/"},{"@type":"ListItem","position":2,"name":"produits","item":"https:\/\/vidistechnology.com\/index.php\/shop-2\/"},{"@type":"ListItem","position":3,"name":"AX PRO"}]},{"@type":"WebSite","@id":"https:\/\/vidistechnology.com\/#website","url":"https:\/\/vidistechnology.com\/","name":"Vidistechnologie","description":"","publisher":{"@id":"https:\/\/vidistechnology.com\/#organization"},"potentialAction":[{"@type":"SearchAction","target":{"@type":"EntryPoint","urlTemplate":"https:\/\/vidistechnology.com\/?s={search_term_string}"},"query-input":"required name=search_term_string"}],"inLanguage":"fr-FR"},{"@type":"Organization","@id":"https:\/\/vidistechnology.com\/#organization","name":"Vidistechnologie","url":"https:\/\/vidistechnology.com\/","logo":{"@type":"ImageObject","inLanguage":"fr-FR","@id":"https:\/\/vidistechnology.com\/#\/schema\/logo\/image\/","url":"https:\/\/vidistechnology.com\/wp-content\/uploads\/2023\/09\/332472308_904858154051322_6295981484547826480_n.png","contentUrl":"https:\/\/vidistechnology.com\/wp-content\/uploads\/2023\/09\/332472308_904858154051322_6295981484547826480_n.png","width":1992,"height":1259,"caption":"Vidistechnologie"},"image":{"@id":"https:\/\/vidistechnology.com\/#\/schema\/logo\/image\/"},"sameAs":["https:\/\/www.facebook.com\/profile.php?id=100089805237154"]}]}},"_links":{"self":[{"href":"https:\/\/vidistechnology.com\/index.php\/wp-json\/wp\/v2\/product\/4634","targetHints":{"allow":["GET"]}}],"collection":[{"href":"https:\/\/vidistechnology.com\/index.php\/wp-json\/wp\/v2\/product"}],"about":[{"href":"https:\/\/vidistechnology.com\/index.php\/wp-json\/wp\/v2\/types\/product"}],"version-history":[{"count":2,"href":"https:\/\/vidistechnology.com\/index.php\/wp-json\/wp\/v2\/product\/4634\/revisions"}],"predecessor-version":[{"id":4642,"href":"https:\/\/vidistechnology.com\/index.php\/wp-json\/wp\/v2\/product\/4634\/revisions\/4642"}],"wp:featuredmedia":[{"embeddable":true,"href":"https:\/\/vidistechnology.com\/index.php\/wp-json\/wp\/v2\/media\/4635"}],"wp:attachment":[{"href":"https:\/\/vidistechnology.com\/index.php\/wp-json\/wp\/v2\/media?parent=4634"}],"wp:term":[{"taxonomy":"product_cat","embeddable":true,"href":"https:\/\/vidistechnology.com\/index.php\/wp-json\/wp\/v2\/product_cat?post=4634"},{"taxonomy":"product_tag","embeddable":true,"href":"https:\/\/vidistechnology.com\/index.php\/wp-json\/wp\/v2\/product_tag?post=4634"}],"curies":[{"name":"wp","href":"https:\/\/api.w.org\/{rel}","templated":true}]}}