{"id":4623,"date":"2024-02-16T17:21:03","date_gmt":"2024-02-16T17:21:03","guid":{"rendered":"https:\/\/vidistechnology.com\/?post_type=product&#038;p=4623"},"modified":"2024-03-01T00:00:10","modified_gmt":"2024-03-01T00:00:10","slug":"ipc-f22p","status":"publish","type":"product","link":"https:\/\/vidistechnology.com\/index.php\/product\/ipc-f22p\/","title":{"rendered":"IPC-F22P"},"content":{"rendered":"<p>Imou Bullet 2C (IPC-F22P) est une cam\u00e9ra de vid\u00e9osurveillance IP moderne avec une r\u00e9solution d\u2019enregistrement de 2 m\u00e9gapixels, un objectif fixe de 2,8 mm en cons\u00e9quence Avec une connexion Wi-Fi et Ethernet, un r\u00e9tro\u00e9clairage infrarouge int\u00e9gr\u00e9, un microphone et un emplacement pour carte microSD jusqu&#8217;\u00e0 256 Gb.<\/p>\n","protected":false},"excerpt":{"rendered":"<p>CAMERA IP SANS FIL IMOU IPC-F22P<br \/>\n2 Megapixel<br \/>\nNight Vision: 30m Distance<br \/>\nFixed Lens 2.8mm<br \/>\nField of View: 102\u00b0 (H)<\/p>\n","protected":false},"featured_media":4624,"template":"","meta":[],"product_cat":[217],"product_tag":[],"class_list":["post-4623","product","type-product","status-publish","has-post-thumbnail","hentry","product_cat-camera-wifi"],"yoast_head":"<!-- This site is optimized with the Yoast SEO plugin v21.5 - https:\/\/yoast.com\/wordpress\/plugins\/seo\/ -->\n<title>IPC-F22P - Vidistechnologie<\/title>\n<meta name=\"robots\" content=\"index, follow, max-snippet:-1, max-image-preview:large, max-video-preview:-1\" \/>\n<link rel=\"canonical\" href=\"http:\/\/vidistechnology.com\/index.php\/product\/ipc-f22p\/\" \/>\n<meta property=\"og:locale\" content=\"fr_FR\" \/>\n<meta property=\"og:type\" content=\"article\" \/>\n<meta property=\"og:title\" content=\"IPC-F22P - Vidistechnologie\" \/>\n<meta property=\"og:description\" content=\"CAMERA IP SANS FIL IMOU IPC-F22P 2 Megapixel Night Vision: 30m Distance Fixed Lens 2.8mm Field of View: 102\u00b0 (H)\" \/>\n<meta property=\"og:url\" content=\"http:\/\/vidistechnology.com\/index.php\/product\/ipc-f22p\/\" \/>\n<meta property=\"og:site_name\" content=\"Vidistechnologie\" \/>\n<meta property=\"article:publisher\" content=\"https:\/\/www.facebook.com\/profile.php?id=100089805237154\" \/>\n<meta property=\"article:modified_time\" content=\"2024-03-01T00:00:10+00:00\" \/>\n<meta property=\"og:image\" content=\"http:\/\/vidistechnology.com\/wp-content\/uploads\/2024\/02\/IPC-F22P.webp\" \/>\n\t<meta property=\"og:image:width\" content=\"500\" \/>\n\t<meta property=\"og:image:height\" content=\"500\" \/>\n\t<meta property=\"og:image:type\" content=\"image\/webp\" \/>\n<meta name=\"twitter:card\" content=\"summary_large_image\" \/>\n<meta name=\"twitter:label1\" content=\"Dur\u00e9e de lecture estim\u00e9e\" \/>\n\t<meta name=\"twitter:data1\" content=\"1 minute\" \/>\n<script type=\"application\/ld+json\" class=\"yoast-schema-graph\">{\"@context\":\"https:\/\/schema.org\",\"@graph\":[{\"@type\":\"WebPage\",\"@id\":\"http:\/\/vidistechnology.com\/index.php\/product\/ipc-f22p\/\",\"url\":\"http:\/\/vidistechnology.com\/index.php\/product\/ipc-f22p\/\",\"name\":\"IPC-F22P - Vidistechnologie\",\"isPartOf\":{\"@id\":\"https:\/\/vidistechnology.com\/#website\"},\"datePublished\":\"2024-02-16T17:21:03+00:00\",\"dateModified\":\"2024-03-01T00:00:10+00:00\",\"breadcrumb\":{\"@id\":\"http:\/\/vidistechnology.com\/index.php\/product\/ipc-f22p\/#breadcrumb\"},\"inLanguage\":\"fr-FR\",\"potentialAction\":[{\"@type\":\"ReadAction\",\"target\":[\"http:\/\/vidistechnology.com\/index.php\/product\/ipc-f22p\/\"]}]},{\"@type\":\"BreadcrumbList\",\"@id\":\"http:\/\/vidistechnology.com\/index.php\/product\/ipc-f22p\/#breadcrumb\",\"itemListElement\":[{\"@type\":\"ListItem\",\"position\":1,\"name\":\"Accueil\",\"item\":\"https:\/\/vidistechnology.com\/\"},{\"@type\":\"ListItem\",\"position\":2,\"name\":\"produits\",\"item\":\"https:\/\/vidistechnology.com\/index.php\/shop-2\/\"},{\"@type\":\"ListItem\",\"position\":3,\"name\":\"IPC-F22P\"}]},{\"@type\":\"WebSite\",\"@id\":\"https:\/\/vidistechnology.com\/#website\",\"url\":\"https:\/\/vidistechnology.com\/\",\"name\":\"Vidistechnologie\",\"description\":\"\",\"publisher\":{\"@id\":\"https:\/\/vidistechnology.com\/#organization\"},\"potentialAction\":[{\"@type\":\"SearchAction\",\"target\":{\"@type\":\"EntryPoint\",\"urlTemplate\":\"https:\/\/vidistechnology.com\/?s={search_term_string}\"},\"query-input\":\"required name=search_term_string\"}],\"inLanguage\":\"fr-FR\"},{\"@type\":\"Organization\",\"@id\":\"https:\/\/vidistechnology.com\/#organization\",\"name\":\"Vidistechnologie\",\"url\":\"https:\/\/vidistechnology.com\/\",\"logo\":{\"@type\":\"ImageObject\",\"inLanguage\":\"fr-FR\",\"@id\":\"https:\/\/vidistechnology.com\/#\/schema\/logo\/image\/\",\"url\":\"https:\/\/vidistechnology.com\/wp-content\/uploads\/2023\/09\/332472308_904858154051322_6295981484547826480_n.png\",\"contentUrl\":\"https:\/\/vidistechnology.com\/wp-content\/uploads\/2023\/09\/332472308_904858154051322_6295981484547826480_n.png\",\"width\":1992,\"height\":1259,\"caption\":\"Vidistechnologie\"},\"image\":{\"@id\":\"https:\/\/vidistechnology.com\/#\/schema\/logo\/image\/\"},\"sameAs\":[\"https:\/\/www.facebook.com\/profile.php?id=100089805237154\"]}]}<\/script>\n<!-- \/ Yoast SEO plugin. -->","yoast_head_json":{"title":"IPC-F22P - Vidistechnologie","robots":{"index":"index","follow":"follow","max-snippet":"max-snippet:-1","max-image-preview":"max-image-preview:large","max-video-preview":"max-video-preview:-1"},"canonical":"http:\/\/vidistechnology.com\/index.php\/product\/ipc-f22p\/","og_locale":"fr_FR","og_type":"article","og_title":"IPC-F22P - Vidistechnologie","og_description":"CAMERA IP SANS FIL IMOU IPC-F22P 2 Megapixel Night Vision: 30m Distance Fixed Lens 2.8mm Field of View: 102\u00b0 (H)","og_url":"http:\/\/vidistechnology.com\/index.php\/product\/ipc-f22p\/","og_site_name":"Vidistechnologie","article_publisher":"https:\/\/www.facebook.com\/profile.php?id=100089805237154","article_modified_time":"2024-03-01T00:00:10+00:00","og_image":[{"width":500,"height":500,"url":"http:\/\/vidistechnology.com\/wp-content\/uploads\/2024\/02\/IPC-F22P.webp","type":"image\/webp"}],"twitter_card":"summary_large_image","twitter_misc":{"Dur\u00e9e de lecture estim\u00e9e":"1 minute"},"schema":{"@context":"https:\/\/schema.org","@graph":[{"@type":"WebPage","@id":"http:\/\/vidistechnology.com\/index.php\/product\/ipc-f22p\/","url":"http:\/\/vidistechnology.com\/index.php\/product\/ipc-f22p\/","name":"IPC-F22P - Vidistechnologie","isPartOf":{"@id":"https:\/\/vidistechnology.com\/#website"},"datePublished":"2024-02-16T17:21:03+00:00","dateModified":"2024-03-01T00:00:10+00:00","breadcrumb":{"@id":"http:\/\/vidistechnology.com\/index.php\/product\/ipc-f22p\/#breadcrumb"},"inLanguage":"fr-FR","potentialAction":[{"@type":"ReadAction","target":["http:\/\/vidistechnology.com\/index.php\/product\/ipc-f22p\/"]}]},{"@type":"BreadcrumbList","@id":"http:\/\/vidistechnology.com\/index.php\/product\/ipc-f22p\/#breadcrumb","itemListElement":[{"@type":"ListItem","position":1,"name":"Accueil","item":"https:\/\/vidistechnology.com\/"},{"@type":"ListItem","position":2,"name":"produits","item":"https:\/\/vidistechnology.com\/index.php\/shop-2\/"},{"@type":"ListItem","position":3,"name":"IPC-F22P"}]},{"@type":"WebSite","@id":"https:\/\/vidistechnology.com\/#website","url":"https:\/\/vidistechnology.com\/","name":"Vidistechnologie","description":"","publisher":{"@id":"https:\/\/vidistechnology.com\/#organization"},"potentialAction":[{"@type":"SearchAction","target":{"@type":"EntryPoint","urlTemplate":"https:\/\/vidistechnology.com\/?s={search_term_string}"},"query-input":"required name=search_term_string"}],"inLanguage":"fr-FR"},{"@type":"Organization","@id":"https:\/\/vidistechnology.com\/#organization","name":"Vidistechnologie","url":"https:\/\/vidistechnology.com\/","logo":{"@type":"ImageObject","inLanguage":"fr-FR","@id":"https:\/\/vidistechnology.com\/#\/schema\/logo\/image\/","url":"https:\/\/vidistechnology.com\/wp-content\/uploads\/2023\/09\/332472308_904858154051322_6295981484547826480_n.png","contentUrl":"https:\/\/vidistechnology.com\/wp-content\/uploads\/2023\/09\/332472308_904858154051322_6295981484547826480_n.png","width":1992,"height":1259,"caption":"Vidistechnologie"},"image":{"@id":"https:\/\/vidistechnology.com\/#\/schema\/logo\/image\/"},"sameAs":["https:\/\/www.facebook.com\/profile.php?id=100089805237154"]}]}},"_links":{"self":[{"href":"https:\/\/vidistechnology.com\/index.php\/wp-json\/wp\/v2\/product\/4623","targetHints":{"allow":["GET"]}}],"collection":[{"href":"https:\/\/vidistechnology.com\/index.php\/wp-json\/wp\/v2\/product"}],"about":[{"href":"https:\/\/vidistechnology.com\/index.php\/wp-json\/wp\/v2\/types\/product"}],"version-history":[{"count":1,"href":"https:\/\/vidistechnology.com\/index.php\/wp-json\/wp\/v2\/product\/4623\/revisions"}],"predecessor-version":[{"id":4625,"href":"https:\/\/vidistechnology.com\/index.php\/wp-json\/wp\/v2\/product\/4623\/revisions\/4625"}],"wp:featuredmedia":[{"embeddable":true,"href":"https:\/\/vidistechnology.com\/index.php\/wp-json\/wp\/v2\/media\/4624"}],"wp:attachment":[{"href":"https:\/\/vidistechnology.com\/index.php\/wp-json\/wp\/v2\/media?parent=4623"}],"wp:term":[{"taxonomy":"product_cat","embeddable":true,"href":"https:\/\/vidistechnology.com\/index.php\/wp-json\/wp\/v2\/product_cat?post=4623"},{"taxonomy":"product_tag","embeddable":true,"href":"https:\/\/vidistechnology.com\/index.php\/wp-json\/wp\/v2\/product_tag?post=4623"}],"curies":[{"name":"wp","href":"https:\/\/api.w.org\/{rel}","templated":true}]}}