{"id":4610,"date":"2024-02-15T16:03:50","date_gmt":"2024-02-15T16:03:50","guid":{"rendered":"https:\/\/vidistechnology.com\/?post_type=product&#038;p=4610"},"modified":"2024-02-15T16:40:12","modified_gmt":"2024-02-15T16:40:12","slug":"clavier-km24","status":"publish","type":"product","link":"https:\/\/vidistechnology.com\/index.php\/product\/clavier-km24\/","title":{"rendered":"Clavier KM24"},"content":{"rendered":"<p>KM24 est un clavier \u00e0 cristaux liquides de classe \u00e9conomique qui conviennent \u00e0 tous les syst\u00e8mes d&#8217;alarme SECOLINK.<\/p>\n","protected":false},"excerpt":{"rendered":"<p>KM24 est un clavier \u00e0 cristaux liquides de classe \u00e9conomique qui conviennent \u00e0 tous les syst\u00e8mes d&#8217;alarme SECOLINK.<\/p>\n","protected":false},"featured_media":4611,"template":"","meta":[],"product_cat":[218],"product_tag":[],"class_list":["post-4610","product","type-product","status-publish","has-post-thumbnail","hentry","product_cat-secolink"],"yoast_head":"<!-- This site is optimized with the Yoast SEO plugin v21.5 - https:\/\/yoast.com\/wordpress\/plugins\/seo\/ -->\n<title>Clavier KM24 - Vidistechnologie<\/title>\n<meta name=\"robots\" content=\"index, follow, max-snippet:-1, max-image-preview:large, max-video-preview:-1\" \/>\n<link rel=\"canonical\" href=\"https:\/\/vidistechnology.com\/index.php\/product\/clavier-km24\/\" \/>\n<meta property=\"og:locale\" content=\"fr_FR\" \/>\n<meta property=\"og:type\" content=\"article\" \/>\n<meta property=\"og:title\" content=\"Clavier KM24 - Vidistechnologie\" \/>\n<meta property=\"og:description\" content=\"KM24 est un clavier \u00e0 cristaux liquides de classe \u00e9conomique qui conviennent \u00e0 tous les syst\u00e8mes d&#8217;alarme SECOLINK.\" \/>\n<meta property=\"og:url\" content=\"https:\/\/vidistechnology.com\/index.php\/product\/clavier-km24\/\" \/>\n<meta property=\"og:site_name\" content=\"Vidistechnologie\" \/>\n<meta property=\"article:publisher\" content=\"https:\/\/www.facebook.com\/profile.php?id=100089805237154\" \/>\n<meta property=\"article:modified_time\" content=\"2024-02-15T16:40:12+00:00\" \/>\n<meta property=\"og:image\" content=\"https:\/\/vidistechnology.com\/wp-content\/uploads\/2024\/02\/KM24.jpg\" \/>\n\t<meta property=\"og:image:width\" content=\"375\" \/>\n\t<meta property=\"og:image:height\" content=\"240\" \/>\n\t<meta property=\"og:image:type\" content=\"image\/jpeg\" \/>\n<meta name=\"twitter:card\" content=\"summary_large_image\" \/>\n<meta name=\"twitter:label1\" content=\"Dur\u00e9e de lecture estim\u00e9e\" \/>\n\t<meta name=\"twitter:data1\" content=\"1 minute\" \/>\n<script type=\"application\/ld+json\" class=\"yoast-schema-graph\">{\"@context\":\"https:\/\/schema.org\",\"@graph\":[{\"@type\":\"WebPage\",\"@id\":\"https:\/\/vidistechnology.com\/index.php\/product\/clavier-km24\/\",\"url\":\"https:\/\/vidistechnology.com\/index.php\/product\/clavier-km24\/\",\"name\":\"Clavier KM24 - Vidistechnologie\",\"isPartOf\":{\"@id\":\"https:\/\/vidistechnology.com\/#website\"},\"datePublished\":\"2024-02-15T16:03:50+00:00\",\"dateModified\":\"2024-02-15T16:40:12+00:00\",\"breadcrumb\":{\"@id\":\"https:\/\/vidistechnology.com\/index.php\/product\/clavier-km24\/#breadcrumb\"},\"inLanguage\":\"fr-FR\",\"potentialAction\":[{\"@type\":\"ReadAction\",\"target\":[\"https:\/\/vidistechnology.com\/index.php\/product\/clavier-km24\/\"]}]},{\"@type\":\"BreadcrumbList\",\"@id\":\"https:\/\/vidistechnology.com\/index.php\/product\/clavier-km24\/#breadcrumb\",\"itemListElement\":[{\"@type\":\"ListItem\",\"position\":1,\"name\":\"Accueil\",\"item\":\"https:\/\/vidistechnology.com\/\"},{\"@type\":\"ListItem\",\"position\":2,\"name\":\"produits\",\"item\":\"https:\/\/vidistechnology.com\/index.php\/shop-2\/\"},{\"@type\":\"ListItem\",\"position\":3,\"name\":\"Clavier KM24\"}]},{\"@type\":\"WebSite\",\"@id\":\"https:\/\/vidistechnology.com\/#website\",\"url\":\"https:\/\/vidistechnology.com\/\",\"name\":\"Vidistechnologie\",\"description\":\"\",\"publisher\":{\"@id\":\"https:\/\/vidistechnology.com\/#organization\"},\"potentialAction\":[{\"@type\":\"SearchAction\",\"target\":{\"@type\":\"EntryPoint\",\"urlTemplate\":\"https:\/\/vidistechnology.com\/?s={search_term_string}\"},\"query-input\":\"required name=search_term_string\"}],\"inLanguage\":\"fr-FR\"},{\"@type\":\"Organization\",\"@id\":\"https:\/\/vidistechnology.com\/#organization\",\"name\":\"Vidistechnologie\",\"url\":\"https:\/\/vidistechnology.com\/\",\"logo\":{\"@type\":\"ImageObject\",\"inLanguage\":\"fr-FR\",\"@id\":\"https:\/\/vidistechnology.com\/#\/schema\/logo\/image\/\",\"url\":\"https:\/\/vidistechnology.com\/wp-content\/uploads\/2023\/09\/332472308_904858154051322_6295981484547826480_n.png\",\"contentUrl\":\"https:\/\/vidistechnology.com\/wp-content\/uploads\/2023\/09\/332472308_904858154051322_6295981484547826480_n.png\",\"width\":1992,\"height\":1259,\"caption\":\"Vidistechnologie\"},\"image\":{\"@id\":\"https:\/\/vidistechnology.com\/#\/schema\/logo\/image\/\"},\"sameAs\":[\"https:\/\/www.facebook.com\/profile.php?id=100089805237154\"]}]}<\/script>\n<!-- \/ Yoast SEO plugin. -->","yoast_head_json":{"title":"Clavier KM24 - Vidistechnologie","robots":{"index":"index","follow":"follow","max-snippet":"max-snippet:-1","max-image-preview":"max-image-preview:large","max-video-preview":"max-video-preview:-1"},"canonical":"https:\/\/vidistechnology.com\/index.php\/product\/clavier-km24\/","og_locale":"fr_FR","og_type":"article","og_title":"Clavier KM24 - Vidistechnologie","og_description":"KM24 est un clavier \u00e0 cristaux liquides de classe \u00e9conomique qui conviennent \u00e0 tous les syst\u00e8mes d&#8217;alarme SECOLINK.","og_url":"https:\/\/vidistechnology.com\/index.php\/product\/clavier-km24\/","og_site_name":"Vidistechnologie","article_publisher":"https:\/\/www.facebook.com\/profile.php?id=100089805237154","article_modified_time":"2024-02-15T16:40:12+00:00","og_image":[{"width":375,"height":240,"url":"https:\/\/vidistechnology.com\/wp-content\/uploads\/2024\/02\/KM24.jpg","type":"image\/jpeg"}],"twitter_card":"summary_large_image","twitter_misc":{"Dur\u00e9e de lecture estim\u00e9e":"1 minute"},"schema":{"@context":"https:\/\/schema.org","@graph":[{"@type":"WebPage","@id":"https:\/\/vidistechnology.com\/index.php\/product\/clavier-km24\/","url":"https:\/\/vidistechnology.com\/index.php\/product\/clavier-km24\/","name":"Clavier KM24 - Vidistechnologie","isPartOf":{"@id":"https:\/\/vidistechnology.com\/#website"},"datePublished":"2024-02-15T16:03:50+00:00","dateModified":"2024-02-15T16:40:12+00:00","breadcrumb":{"@id":"https:\/\/vidistechnology.com\/index.php\/product\/clavier-km24\/#breadcrumb"},"inLanguage":"fr-FR","potentialAction":[{"@type":"ReadAction","target":["https:\/\/vidistechnology.com\/index.php\/product\/clavier-km24\/"]}]},{"@type":"BreadcrumbList","@id":"https:\/\/vidistechnology.com\/index.php\/product\/clavier-km24\/#breadcrumb","itemListElement":[{"@type":"ListItem","position":1,"name":"Accueil","item":"https:\/\/vidistechnology.com\/"},{"@type":"ListItem","position":2,"name":"produits","item":"https:\/\/vidistechnology.com\/index.php\/shop-2\/"},{"@type":"ListItem","position":3,"name":"Clavier KM24"}]},{"@type":"WebSite","@id":"https:\/\/vidistechnology.com\/#website","url":"https:\/\/vidistechnology.com\/","name":"Vidistechnologie","description":"","publisher":{"@id":"https:\/\/vidistechnology.com\/#organization"},"potentialAction":[{"@type":"SearchAction","target":{"@type":"EntryPoint","urlTemplate":"https:\/\/vidistechnology.com\/?s={search_term_string}"},"query-input":"required name=search_term_string"}],"inLanguage":"fr-FR"},{"@type":"Organization","@id":"https:\/\/vidistechnology.com\/#organization","name":"Vidistechnologie","url":"https:\/\/vidistechnology.com\/","logo":{"@type":"ImageObject","inLanguage":"fr-FR","@id":"https:\/\/vidistechnology.com\/#\/schema\/logo\/image\/","url":"https:\/\/vidistechnology.com\/wp-content\/uploads\/2023\/09\/332472308_904858154051322_6295981484547826480_n.png","contentUrl":"https:\/\/vidistechnology.com\/wp-content\/uploads\/2023\/09\/332472308_904858154051322_6295981484547826480_n.png","width":1992,"height":1259,"caption":"Vidistechnologie"},"image":{"@id":"https:\/\/vidistechnology.com\/#\/schema\/logo\/image\/"},"sameAs":["https:\/\/www.facebook.com\/profile.php?id=100089805237154"]}]}},"_links":{"self":[{"href":"https:\/\/vidistechnology.com\/index.php\/wp-json\/wp\/v2\/product\/4610","targetHints":{"allow":["GET"]}}],"collection":[{"href":"https:\/\/vidistechnology.com\/index.php\/wp-json\/wp\/v2\/product"}],"about":[{"href":"https:\/\/vidistechnology.com\/index.php\/wp-json\/wp\/v2\/types\/product"}],"version-history":[{"count":1,"href":"https:\/\/vidistechnology.com\/index.php\/wp-json\/wp\/v2\/product\/4610\/revisions"}],"predecessor-version":[{"id":4612,"href":"https:\/\/vidistechnology.com\/index.php\/wp-json\/wp\/v2\/product\/4610\/revisions\/4612"}],"wp:featuredmedia":[{"embeddable":true,"href":"https:\/\/vidistechnology.com\/index.php\/wp-json\/wp\/v2\/media\/4611"}],"wp:attachment":[{"href":"https:\/\/vidistechnology.com\/index.php\/wp-json\/wp\/v2\/media?parent=4610"}],"wp:term":[{"taxonomy":"product_cat","embeddable":true,"href":"https:\/\/vidistechnology.com\/index.php\/wp-json\/wp\/v2\/product_cat?post=4610"},{"taxonomy":"product_tag","embeddable":true,"href":"https:\/\/vidistechnology.com\/index.php\/wp-json\/wp\/v2\/product_tag?post=4610"}],"curies":[{"name":"wp","href":"https:\/\/api.w.org\/{rel}","templated":true}]}}