{"id":4605,"date":"2024-02-15T15:57:58","date_gmt":"2024-02-15T15:57:58","guid":{"rendered":"https:\/\/vidistechnology.com\/?post_type=product&#038;p=4605"},"modified":"2024-02-15T16:40:20","modified_gmt":"2024-02-15T16:40:20","slug":"sirene-kr100","status":"publish","type":"product","link":"https:\/\/vidistechnology.com\/index.php\/product\/sirene-kr100\/","title":{"rendered":"sir\u00e8ne KR100"},"content":{"rendered":"<p>KR100 est une sir\u00e8ne ext\u00e9rieure, con\u00e7ue pour les syst\u00e8mes d&#8217;alarme anti-intrusion, d&#8217;agression et de protection incendie. La source du signal acoustique est l&#8217;efficacit\u00e9 \u00e9lev\u00e9e du transducteur pi\u00e9zo-\u00e9lectrique sp\u00e9cial quasi dynamique. Les sources du signal optique sont deux LED haute luminosit\u00e9. Le bo\u00eetier a une protection anti-effraction de l&#8217;ouverture du couvercle et du d\u00e9tachement de la base.<\/p>\n","protected":false},"excerpt":{"rendered":"<p>KR100 est une sir\u00e8ne ext\u00e9rieure, con\u00e7ue pour les syst\u00e8mes d&#8217;alarme anti-intrusion, d&#8217;agression et de protection incendie. La source du signal acoustique est l&#8217;efficacit\u00e9 \u00e9lev\u00e9e du transducteur pi\u00e9zo-\u00e9lectrique sp\u00e9cial quasi dynamique. Les sources du signal optique sont deux LED haute luminosit\u00e9. Le bo\u00eetier a une protection anti-effraction de l&#8217;ouverture du couvercle et du d\u00e9tachement de la<\/p>\n<div class=\"klb-readmore button\"><a class=\"btn link\" href=\"https:\/\/vidistechnology.com\/index.php\/product\/sirene-kr100\/\">Read More <i class=\"klbth-icon-right-arrow\"><\/i><\/a><\/div>\n","protected":false},"featured_media":4606,"template":"","meta":[],"product_cat":[218],"product_tag":[],"class_list":["post-4605","product","type-product","status-publish","has-post-thumbnail","hentry","product_cat-secolink"],"yoast_head":"<!-- This site is optimized with the Yoast SEO plugin v21.5 - https:\/\/yoast.com\/wordpress\/plugins\/seo\/ -->\n<title>sir\u00e8ne KR100 - Vidistechnologie<\/title>\n<meta name=\"robots\" content=\"index, follow, max-snippet:-1, max-image-preview:large, max-video-preview:-1\" \/>\n<link rel=\"canonical\" href=\"http:\/\/vidistechnology.com\/index.php\/product\/sirene-kr100\/\" \/>\n<meta property=\"og:locale\" content=\"fr_FR\" \/>\n<meta property=\"og:type\" content=\"article\" \/>\n<meta property=\"og:title\" content=\"sir\u00e8ne KR100 - Vidistechnologie\" \/>\n<meta property=\"og:description\" content=\"KR100 est une sir\u00e8ne ext\u00e9rieure, con\u00e7ue pour les syst\u00e8mes d&#8217;alarme anti-intrusion, d&#8217;agression et de protection incendie. La source du signal acoustique est l&#8217;efficacit\u00e9 \u00e9lev\u00e9e du transducteur pi\u00e9zo-\u00e9lectrique sp\u00e9cial quasi dynamique. Les sources du signal optique sont deux LED haute luminosit\u00e9. Le bo\u00eetier a une protection anti-effraction de l&#8217;ouverture du couvercle et du d\u00e9tachement de laRead More\" \/>\n<meta property=\"og:url\" content=\"http:\/\/vidistechnology.com\/index.php\/product\/sirene-kr100\/\" \/>\n<meta property=\"og:site_name\" content=\"Vidistechnologie\" \/>\n<meta property=\"article:publisher\" content=\"https:\/\/www.facebook.com\/profile.php?id=100089805237154\" \/>\n<meta property=\"article:modified_time\" content=\"2024-02-15T16:40:20+00:00\" \/>\n<meta property=\"og:image\" content=\"http:\/\/vidistechnology.com\/wp-content\/uploads\/2024\/02\/kr100.png\" \/>\n\t<meta property=\"og:image:width\" content=\"375\" \/>\n\t<meta property=\"og:image:height\" content=\"240\" \/>\n\t<meta property=\"og:image:type\" content=\"image\/png\" \/>\n<meta name=\"twitter:card\" content=\"summary_large_image\" \/>\n<meta name=\"twitter:label1\" content=\"Dur\u00e9e de lecture estim\u00e9e\" \/>\n\t<meta name=\"twitter:data1\" content=\"1 minute\" \/>\n<script type=\"application\/ld+json\" class=\"yoast-schema-graph\">{\"@context\":\"https:\/\/schema.org\",\"@graph\":[{\"@type\":\"WebPage\",\"@id\":\"http:\/\/vidistechnology.com\/index.php\/product\/sirene-kr100\/\",\"url\":\"http:\/\/vidistechnology.com\/index.php\/product\/sirene-kr100\/\",\"name\":\"sir\u00e8ne KR100 - Vidistechnologie\",\"isPartOf\":{\"@id\":\"https:\/\/vidistechnology.com\/#website\"},\"datePublished\":\"2024-02-15T15:57:58+00:00\",\"dateModified\":\"2024-02-15T16:40:20+00:00\",\"breadcrumb\":{\"@id\":\"http:\/\/vidistechnology.com\/index.php\/product\/sirene-kr100\/#breadcrumb\"},\"inLanguage\":\"fr-FR\",\"potentialAction\":[{\"@type\":\"ReadAction\",\"target\":[\"http:\/\/vidistechnology.com\/index.php\/product\/sirene-kr100\/\"]}]},{\"@type\":\"BreadcrumbList\",\"@id\":\"http:\/\/vidistechnology.com\/index.php\/product\/sirene-kr100\/#breadcrumb\",\"itemListElement\":[{\"@type\":\"ListItem\",\"position\":1,\"name\":\"Accueil\",\"item\":\"https:\/\/vidistechnology.com\/\"},{\"@type\":\"ListItem\",\"position\":2,\"name\":\"produits\",\"item\":\"https:\/\/vidistechnology.com\/index.php\/shop-2\/\"},{\"@type\":\"ListItem\",\"position\":3,\"name\":\"sir\u00e8ne KR100\"}]},{\"@type\":\"WebSite\",\"@id\":\"https:\/\/vidistechnology.com\/#website\",\"url\":\"https:\/\/vidistechnology.com\/\",\"name\":\"Vidistechnologie\",\"description\":\"\",\"publisher\":{\"@id\":\"https:\/\/vidistechnology.com\/#organization\"},\"potentialAction\":[{\"@type\":\"SearchAction\",\"target\":{\"@type\":\"EntryPoint\",\"urlTemplate\":\"https:\/\/vidistechnology.com\/?s={search_term_string}\"},\"query-input\":\"required name=search_term_string\"}],\"inLanguage\":\"fr-FR\"},{\"@type\":\"Organization\",\"@id\":\"https:\/\/vidistechnology.com\/#organization\",\"name\":\"Vidistechnologie\",\"url\":\"https:\/\/vidistechnology.com\/\",\"logo\":{\"@type\":\"ImageObject\",\"inLanguage\":\"fr-FR\",\"@id\":\"https:\/\/vidistechnology.com\/#\/schema\/logo\/image\/\",\"url\":\"https:\/\/vidistechnology.com\/wp-content\/uploads\/2023\/09\/332472308_904858154051322_6295981484547826480_n.png\",\"contentUrl\":\"https:\/\/vidistechnology.com\/wp-content\/uploads\/2023\/09\/332472308_904858154051322_6295981484547826480_n.png\",\"width\":1992,\"height\":1259,\"caption\":\"Vidistechnologie\"},\"image\":{\"@id\":\"https:\/\/vidistechnology.com\/#\/schema\/logo\/image\/\"},\"sameAs\":[\"https:\/\/www.facebook.com\/profile.php?id=100089805237154\"]}]}<\/script>\n<!-- \/ Yoast SEO plugin. -->","yoast_head_json":{"title":"sir\u00e8ne KR100 - Vidistechnologie","robots":{"index":"index","follow":"follow","max-snippet":"max-snippet:-1","max-image-preview":"max-image-preview:large","max-video-preview":"max-video-preview:-1"},"canonical":"http:\/\/vidistechnology.com\/index.php\/product\/sirene-kr100\/","og_locale":"fr_FR","og_type":"article","og_title":"sir\u00e8ne KR100 - Vidistechnologie","og_description":"KR100 est une sir\u00e8ne ext\u00e9rieure, con\u00e7ue pour les syst\u00e8mes d&#8217;alarme anti-intrusion, d&#8217;agression et de protection incendie. La source du signal acoustique est l&#8217;efficacit\u00e9 \u00e9lev\u00e9e du transducteur pi\u00e9zo-\u00e9lectrique sp\u00e9cial quasi dynamique. Les sources du signal optique sont deux LED haute luminosit\u00e9. Le bo\u00eetier a une protection anti-effraction de l&#8217;ouverture du couvercle et du d\u00e9tachement de laRead More","og_url":"http:\/\/vidistechnology.com\/index.php\/product\/sirene-kr100\/","og_site_name":"Vidistechnologie","article_publisher":"https:\/\/www.facebook.com\/profile.php?id=100089805237154","article_modified_time":"2024-02-15T16:40:20+00:00","og_image":[{"width":375,"height":240,"url":"http:\/\/vidistechnology.com\/wp-content\/uploads\/2024\/02\/kr100.png","type":"image\/png"}],"twitter_card":"summary_large_image","twitter_misc":{"Dur\u00e9e de lecture estim\u00e9e":"1 minute"},"schema":{"@context":"https:\/\/schema.org","@graph":[{"@type":"WebPage","@id":"http:\/\/vidistechnology.com\/index.php\/product\/sirene-kr100\/","url":"http:\/\/vidistechnology.com\/index.php\/product\/sirene-kr100\/","name":"sir\u00e8ne KR100 - Vidistechnologie","isPartOf":{"@id":"https:\/\/vidistechnology.com\/#website"},"datePublished":"2024-02-15T15:57:58+00:00","dateModified":"2024-02-15T16:40:20+00:00","breadcrumb":{"@id":"http:\/\/vidistechnology.com\/index.php\/product\/sirene-kr100\/#breadcrumb"},"inLanguage":"fr-FR","potentialAction":[{"@type":"ReadAction","target":["http:\/\/vidistechnology.com\/index.php\/product\/sirene-kr100\/"]}]},{"@type":"BreadcrumbList","@id":"http:\/\/vidistechnology.com\/index.php\/product\/sirene-kr100\/#breadcrumb","itemListElement":[{"@type":"ListItem","position":1,"name":"Accueil","item":"https:\/\/vidistechnology.com\/"},{"@type":"ListItem","position":2,"name":"produits","item":"https:\/\/vidistechnology.com\/index.php\/shop-2\/"},{"@type":"ListItem","position":3,"name":"sir\u00e8ne KR100"}]},{"@type":"WebSite","@id":"https:\/\/vidistechnology.com\/#website","url":"https:\/\/vidistechnology.com\/","name":"Vidistechnologie","description":"","publisher":{"@id":"https:\/\/vidistechnology.com\/#organization"},"potentialAction":[{"@type":"SearchAction","target":{"@type":"EntryPoint","urlTemplate":"https:\/\/vidistechnology.com\/?s={search_term_string}"},"query-input":"required name=search_term_string"}],"inLanguage":"fr-FR"},{"@type":"Organization","@id":"https:\/\/vidistechnology.com\/#organization","name":"Vidistechnologie","url":"https:\/\/vidistechnology.com\/","logo":{"@type":"ImageObject","inLanguage":"fr-FR","@id":"https:\/\/vidistechnology.com\/#\/schema\/logo\/image\/","url":"https:\/\/vidistechnology.com\/wp-content\/uploads\/2023\/09\/332472308_904858154051322_6295981484547826480_n.png","contentUrl":"https:\/\/vidistechnology.com\/wp-content\/uploads\/2023\/09\/332472308_904858154051322_6295981484547826480_n.png","width":1992,"height":1259,"caption":"Vidistechnologie"},"image":{"@id":"https:\/\/vidistechnology.com\/#\/schema\/logo\/image\/"},"sameAs":["https:\/\/www.facebook.com\/profile.php?id=100089805237154"]}]}},"_links":{"self":[{"href":"https:\/\/vidistechnology.com\/index.php\/wp-json\/wp\/v2\/product\/4605","targetHints":{"allow":["GET"]}}],"collection":[{"href":"https:\/\/vidistechnology.com\/index.php\/wp-json\/wp\/v2\/product"}],"about":[{"href":"https:\/\/vidistechnology.com\/index.php\/wp-json\/wp\/v2\/types\/product"}],"version-history":[{"count":1,"href":"https:\/\/vidistechnology.com\/index.php\/wp-json\/wp\/v2\/product\/4605\/revisions"}],"predecessor-version":[{"id":4607,"href":"https:\/\/vidistechnology.com\/index.php\/wp-json\/wp\/v2\/product\/4605\/revisions\/4607"}],"wp:featuredmedia":[{"embeddable":true,"href":"https:\/\/vidistechnology.com\/index.php\/wp-json\/wp\/v2\/media\/4606"}],"wp:attachment":[{"href":"https:\/\/vidistechnology.com\/index.php\/wp-json\/wp\/v2\/media?parent=4605"}],"wp:term":[{"taxonomy":"product_cat","embeddable":true,"href":"https:\/\/vidistechnology.com\/index.php\/wp-json\/wp\/v2\/product_cat?post=4605"},{"taxonomy":"product_tag","embeddable":true,"href":"https:\/\/vidistechnology.com\/index.php\/wp-json\/wp\/v2\/product_tag?post=4605"}],"curies":[{"name":"wp","href":"https:\/\/api.w.org\/{rel}","templated":true}]}}