{"id":4602,"date":"2024-02-15T15:55:15","date_gmt":"2024-02-15T15:55:15","guid":{"rendered":"https:\/\/vidistechnology.com\/?post_type=product&#038;p=4602"},"modified":"2024-02-15T16:40:27","modified_gmt":"2024-02-15T16:40:27","slug":"central-s16cm-clavierkm24","status":"publish","type":"product","link":"https:\/\/vidistechnology.com\/index.php\/product\/central-s16cm-clavierkm24\/","title":{"rendered":"Central S16CM"},"content":{"rendered":"<p>Centrale Secolink S16cm de 5 zones extensibles jusqu&#8217;\u00e0 16 zones\u00a0 avec transmetteur GSM int\u00e9gr\u00e9e, ce panneau de contr\u00f4le est compl\u00e9t\u00e9 par des fonctions permettant la gestion toutes les fonctions n\u00e9cessaires et adapt\u00e9 pour la protection des maisons, des villas ou des boutiques.<\/p>\n","protected":false},"excerpt":{"rendered":"<ul>\n<li>5 zones extensible \u00e0 16 avec carte d\u2019extension ou sans fil<\/li>\n<li>4 Partitions<\/li>\n<li>3 sorties programmables PGM<\/li>\n<li>transmetteur GSM ( 5 num\u00e9ros de t\u00e9l\u00e9phone )<\/li>\n<li>16 programmes horaires<\/li>\n<li>Jusqu\u2019\u00e0 3 modules ou\/et claviers<\/li>\n<li>5 num\u00e9ros de t\u00e9l\u00e9phones<\/li>\n<\/ul>\n","protected":false},"featured_media":4608,"template":"","meta":[],"product_cat":[218],"product_tag":[],"class_list":["post-4602","product","type-product","status-publish","has-post-thumbnail","hentry","product_cat-secolink"],"yoast_head":"<!-- This site is optimized with the Yoast SEO plugin v21.5 - https:\/\/yoast.com\/wordpress\/plugins\/seo\/ -->\n<title>Central S16CM - Vidistechnologie<\/title>\n<meta name=\"robots\" content=\"index, follow, max-snippet:-1, max-image-preview:large, max-video-preview:-1\" \/>\n<link rel=\"canonical\" href=\"https:\/\/vidistechnology.com\/index.php\/product\/central-s16cm-clavierkm24\/\" \/>\n<meta property=\"og:locale\" content=\"fr_FR\" \/>\n<meta property=\"og:type\" content=\"article\" \/>\n<meta property=\"og:title\" content=\"Central S16CM - Vidistechnologie\" \/>\n<meta property=\"og:description\" content=\"5 zones extensible \u00e0 16 avec carte d\u2019extension ou sans fil  4 Partitions  3 sorties programmables PGM  transmetteur GSM ( 5 num\u00e9ros de t\u00e9l\u00e9phone )  16 programmes horaires  Jusqu\u2019\u00e0 3 modules ou\/et claviers  5 num\u00e9ros de t\u00e9l\u00e9phones\" \/>\n<meta property=\"og:url\" content=\"https:\/\/vidistechnology.com\/index.php\/product\/central-s16cm-clavierkm24\/\" \/>\n<meta property=\"og:site_name\" content=\"Vidistechnologie\" \/>\n<meta property=\"article:publisher\" content=\"https:\/\/www.facebook.com\/profile.php?id=100089805237154\" \/>\n<meta property=\"article:modified_time\" content=\"2024-02-15T16:40:27+00:00\" \/>\n<meta property=\"og:image\" content=\"https:\/\/vidistechnology.com\/wp-content\/uploads\/2024\/02\/cas4.jpg\" \/>\n\t<meta property=\"og:image:width\" content=\"375\" \/>\n\t<meta property=\"og:image:height\" content=\"240\" \/>\n\t<meta property=\"og:image:type\" content=\"image\/jpeg\" \/>\n<meta name=\"twitter:card\" content=\"summary_large_image\" \/>\n<meta name=\"twitter:label1\" content=\"Dur\u00e9e de lecture estim\u00e9e\" \/>\n\t<meta name=\"twitter:data1\" content=\"1 minute\" \/>\n<script type=\"application\/ld+json\" class=\"yoast-schema-graph\">{\"@context\":\"https:\/\/schema.org\",\"@graph\":[{\"@type\":\"WebPage\",\"@id\":\"https:\/\/vidistechnology.com\/index.php\/product\/central-s16cm-clavierkm24\/\",\"url\":\"https:\/\/vidistechnology.com\/index.php\/product\/central-s16cm-clavierkm24\/\",\"name\":\"Central S16CM - Vidistechnologie\",\"isPartOf\":{\"@id\":\"https:\/\/vidistechnology.com\/#website\"},\"datePublished\":\"2024-02-15T15:55:15+00:00\",\"dateModified\":\"2024-02-15T16:40:27+00:00\",\"breadcrumb\":{\"@id\":\"https:\/\/vidistechnology.com\/index.php\/product\/central-s16cm-clavierkm24\/#breadcrumb\"},\"inLanguage\":\"fr-FR\",\"potentialAction\":[{\"@type\":\"ReadAction\",\"target\":[\"https:\/\/vidistechnology.com\/index.php\/product\/central-s16cm-clavierkm24\/\"]}]},{\"@type\":\"BreadcrumbList\",\"@id\":\"https:\/\/vidistechnology.com\/index.php\/product\/central-s16cm-clavierkm24\/#breadcrumb\",\"itemListElement\":[{\"@type\":\"ListItem\",\"position\":1,\"name\":\"Accueil\",\"item\":\"https:\/\/vidistechnology.com\/\"},{\"@type\":\"ListItem\",\"position\":2,\"name\":\"produits\",\"item\":\"https:\/\/vidistechnology.com\/index.php\/shop-2\/\"},{\"@type\":\"ListItem\",\"position\":3,\"name\":\"Central S16CM\"}]},{\"@type\":\"WebSite\",\"@id\":\"https:\/\/vidistechnology.com\/#website\",\"url\":\"https:\/\/vidistechnology.com\/\",\"name\":\"Vidistechnologie\",\"description\":\"\",\"publisher\":{\"@id\":\"https:\/\/vidistechnology.com\/#organization\"},\"potentialAction\":[{\"@type\":\"SearchAction\",\"target\":{\"@type\":\"EntryPoint\",\"urlTemplate\":\"https:\/\/vidistechnology.com\/?s={search_term_string}\"},\"query-input\":\"required name=search_term_string\"}],\"inLanguage\":\"fr-FR\"},{\"@type\":\"Organization\",\"@id\":\"https:\/\/vidistechnology.com\/#organization\",\"name\":\"Vidistechnologie\",\"url\":\"https:\/\/vidistechnology.com\/\",\"logo\":{\"@type\":\"ImageObject\",\"inLanguage\":\"fr-FR\",\"@id\":\"https:\/\/vidistechnology.com\/#\/schema\/logo\/image\/\",\"url\":\"https:\/\/vidistechnology.com\/wp-content\/uploads\/2023\/09\/332472308_904858154051322_6295981484547826480_n.png\",\"contentUrl\":\"https:\/\/vidistechnology.com\/wp-content\/uploads\/2023\/09\/332472308_904858154051322_6295981484547826480_n.png\",\"width\":1992,\"height\":1259,\"caption\":\"Vidistechnologie\"},\"image\":{\"@id\":\"https:\/\/vidistechnology.com\/#\/schema\/logo\/image\/\"},\"sameAs\":[\"https:\/\/www.facebook.com\/profile.php?id=100089805237154\"]}]}<\/script>\n<!-- \/ Yoast SEO plugin. -->","yoast_head_json":{"title":"Central S16CM - Vidistechnologie","robots":{"index":"index","follow":"follow","max-snippet":"max-snippet:-1","max-image-preview":"max-image-preview:large","max-video-preview":"max-video-preview:-1"},"canonical":"https:\/\/vidistechnology.com\/index.php\/product\/central-s16cm-clavierkm24\/","og_locale":"fr_FR","og_type":"article","og_title":"Central S16CM - Vidistechnologie","og_description":"5 zones extensible \u00e0 16 avec carte d\u2019extension ou sans fil  4 Partitions  3 sorties programmables PGM  transmetteur GSM ( 5 num\u00e9ros de t\u00e9l\u00e9phone )  16 programmes horaires  Jusqu\u2019\u00e0 3 modules ou\/et claviers  5 num\u00e9ros de t\u00e9l\u00e9phones","og_url":"https:\/\/vidistechnology.com\/index.php\/product\/central-s16cm-clavierkm24\/","og_site_name":"Vidistechnologie","article_publisher":"https:\/\/www.facebook.com\/profile.php?id=100089805237154","article_modified_time":"2024-02-15T16:40:27+00:00","og_image":[{"width":375,"height":240,"url":"https:\/\/vidistechnology.com\/wp-content\/uploads\/2024\/02\/cas4.jpg","type":"image\/jpeg"}],"twitter_card":"summary_large_image","twitter_misc":{"Dur\u00e9e de lecture estim\u00e9e":"1 minute"},"schema":{"@context":"https:\/\/schema.org","@graph":[{"@type":"WebPage","@id":"https:\/\/vidistechnology.com\/index.php\/product\/central-s16cm-clavierkm24\/","url":"https:\/\/vidistechnology.com\/index.php\/product\/central-s16cm-clavierkm24\/","name":"Central S16CM - Vidistechnologie","isPartOf":{"@id":"https:\/\/vidistechnology.com\/#website"},"datePublished":"2024-02-15T15:55:15+00:00","dateModified":"2024-02-15T16:40:27+00:00","breadcrumb":{"@id":"https:\/\/vidistechnology.com\/index.php\/product\/central-s16cm-clavierkm24\/#breadcrumb"},"inLanguage":"fr-FR","potentialAction":[{"@type":"ReadAction","target":["https:\/\/vidistechnology.com\/index.php\/product\/central-s16cm-clavierkm24\/"]}]},{"@type":"BreadcrumbList","@id":"https:\/\/vidistechnology.com\/index.php\/product\/central-s16cm-clavierkm24\/#breadcrumb","itemListElement":[{"@type":"ListItem","position":1,"name":"Accueil","item":"https:\/\/vidistechnology.com\/"},{"@type":"ListItem","position":2,"name":"produits","item":"https:\/\/vidistechnology.com\/index.php\/shop-2\/"},{"@type":"ListItem","position":3,"name":"Central S16CM"}]},{"@type":"WebSite","@id":"https:\/\/vidistechnology.com\/#website","url":"https:\/\/vidistechnology.com\/","name":"Vidistechnologie","description":"","publisher":{"@id":"https:\/\/vidistechnology.com\/#organization"},"potentialAction":[{"@type":"SearchAction","target":{"@type":"EntryPoint","urlTemplate":"https:\/\/vidistechnology.com\/?s={search_term_string}"},"query-input":"required name=search_term_string"}],"inLanguage":"fr-FR"},{"@type":"Organization","@id":"https:\/\/vidistechnology.com\/#organization","name":"Vidistechnologie","url":"https:\/\/vidistechnology.com\/","logo":{"@type":"ImageObject","inLanguage":"fr-FR","@id":"https:\/\/vidistechnology.com\/#\/schema\/logo\/image\/","url":"https:\/\/vidistechnology.com\/wp-content\/uploads\/2023\/09\/332472308_904858154051322_6295981484547826480_n.png","contentUrl":"https:\/\/vidistechnology.com\/wp-content\/uploads\/2023\/09\/332472308_904858154051322_6295981484547826480_n.png","width":1992,"height":1259,"caption":"Vidistechnologie"},"image":{"@id":"https:\/\/vidistechnology.com\/#\/schema\/logo\/image\/"},"sameAs":["https:\/\/www.facebook.com\/profile.php?id=100089805237154"]}]}},"_links":{"self":[{"href":"https:\/\/vidistechnology.com\/index.php\/wp-json\/wp\/v2\/product\/4602","targetHints":{"allow":["GET"]}}],"collection":[{"href":"https:\/\/vidistechnology.com\/index.php\/wp-json\/wp\/v2\/product"}],"about":[{"href":"https:\/\/vidistechnology.com\/index.php\/wp-json\/wp\/v2\/types\/product"}],"version-history":[{"count":4,"href":"https:\/\/vidistechnology.com\/index.php\/wp-json\/wp\/v2\/product\/4602\/revisions"}],"predecessor-version":[{"id":4619,"href":"https:\/\/vidistechnology.com\/index.php\/wp-json\/wp\/v2\/product\/4602\/revisions\/4619"}],"wp:featuredmedia":[{"embeddable":true,"href":"https:\/\/vidistechnology.com\/index.php\/wp-json\/wp\/v2\/media\/4608"}],"wp:attachment":[{"href":"https:\/\/vidistechnology.com\/index.php\/wp-json\/wp\/v2\/media?parent=4602"}],"wp:term":[{"taxonomy":"product_cat","embeddable":true,"href":"https:\/\/vidistechnology.com\/index.php\/wp-json\/wp\/v2\/product_cat?post=4602"},{"taxonomy":"product_tag","embeddable":true,"href":"https:\/\/vidistechnology.com\/index.php\/wp-json\/wp\/v2\/product_tag?post=4602"}],"curies":[{"name":"wp","href":"https:\/\/api.w.org\/{rel}","templated":true}]}}