{"id":4595,"date":"2024-01-26T20:18:44","date_gmt":"2024-01-26T20:18:44","guid":{"rendered":"https:\/\/vidistechnology.com\/?post_type=product&#038;p=4595"},"modified":"2024-01-26T20:19:53","modified_gmt":"2024-01-26T20:19:53","slug":"db2c-sonnette-video-sans-fil","status":"publish","type":"product","link":"https:\/\/vidistechnology.com\/index.php\/product\/db2c-sonnette-video-sans-fil\/","title":{"rendered":"DB2C sonnette vid\u00e9o sans fil"},"content":{"rendered":"<p>Le DB2C est un kit de sonnette intelligente qui contient une sonnette vid\u00e9o sans fil et un carillon.\u00a0Puisqu&#8217;aucun rec\u00e2blage n&#8217;est n\u00e9cessaire, vous pouvez voir et entendre vos visiteurs et r\u00e9pondre \u00e0 la porte de n&#8217;importe o\u00f9.\u00a0Commencez une vie intelligente, s\u00fbre et pratique gr\u00e2ce \u00e0 ses nombreuses fonctionnalit\u00e9s puissantes<\/p>\n","protected":false},"excerpt":{"rendered":"<p>Le DB2C est un kit de sonnette intelligente qui contient une sonnette vid\u00e9o sans fil et un carillon.\u00a0Puisqu&#8217;aucun rec\u00e2blage n&#8217;est n\u00e9cessaire, vous pouvez voir et entendre vos visiteurs et r\u00e9pondre \u00e0 la porte de n&#8217;importe o\u00f9.\u00a0Commencez une vie intelligente, s\u00fbre et pratique gr\u00e2ce \u00e0 ses nombreuses fonctionnalit\u00e9s puissantes<\/p>\n","protected":false},"featured_media":4596,"template":"","meta":[],"product_cat":[217],"product_tag":[],"class_list":["post-4595","product","type-product","status-publish","has-post-thumbnail","hentry","product_cat-camera-wifi"],"yoast_head":"<!-- This site is optimized with the Yoast SEO plugin v21.5 - https:\/\/yoast.com\/wordpress\/plugins\/seo\/ -->\n<title>DB2C sonnette vid\u00e9o sans fil - Vidistechnologie<\/title>\n<meta name=\"robots\" content=\"index, follow, max-snippet:-1, max-image-preview:large, max-video-preview:-1\" \/>\n<link rel=\"canonical\" href=\"http:\/\/vidistechnology.com\/index.php\/product\/db2c-sonnette-video-sans-fil\/\" \/>\n<meta property=\"og:locale\" content=\"fr_FR\" \/>\n<meta property=\"og:type\" content=\"article\" \/>\n<meta property=\"og:title\" content=\"DB2C sonnette vid\u00e9o sans fil - Vidistechnologie\" \/>\n<meta property=\"og:description\" content=\"Le DB2C est un kit de sonnette intelligente qui contient une sonnette vid\u00e9o sans fil et un carillon.\u00a0Puisqu&#8217;aucun rec\u00e2blage n&#8217;est n\u00e9cessaire, vous pouvez voir et entendre vos visiteurs et r\u00e9pondre \u00e0 la porte de n&#8217;importe o\u00f9.\u00a0Commencez une vie intelligente, s\u00fbre et pratique gr\u00e2ce \u00e0 ses nombreuses fonctionnalit\u00e9s puissantes\" \/>\n<meta property=\"og:url\" content=\"http:\/\/vidistechnology.com\/index.php\/product\/db2c-sonnette-video-sans-fil\/\" \/>\n<meta property=\"og:site_name\" content=\"Vidistechnologie\" \/>\n<meta property=\"article:publisher\" content=\"https:\/\/www.facebook.com\/profile.php?id=100089805237154\" \/>\n<meta property=\"article:modified_time\" content=\"2024-01-26T20:19:53+00:00\" \/>\n<meta property=\"og:image\" content=\"http:\/\/vidistechnology.com\/wp-content\/uploads\/2024\/01\/df974a08e99c159b70def92de8300843.jpg\" \/>\n\t<meta property=\"og:image:width\" content=\"750\" \/>\n\t<meta property=\"og:image:height\" content=\"785\" \/>\n\t<meta property=\"og:image:type\" content=\"image\/jpeg\" \/>\n<meta name=\"twitter:card\" content=\"summary_large_image\" \/>\n<meta name=\"twitter:label1\" content=\"Dur\u00e9e de lecture estim\u00e9e\" \/>\n\t<meta name=\"twitter:data1\" content=\"1 minute\" \/>\n<script type=\"application\/ld+json\" class=\"yoast-schema-graph\">{\"@context\":\"https:\/\/schema.org\",\"@graph\":[{\"@type\":\"WebPage\",\"@id\":\"http:\/\/vidistechnology.com\/index.php\/product\/db2c-sonnette-video-sans-fil\/\",\"url\":\"http:\/\/vidistechnology.com\/index.php\/product\/db2c-sonnette-video-sans-fil\/\",\"name\":\"DB2C sonnette vid\u00e9o sans fil - Vidistechnologie\",\"isPartOf\":{\"@id\":\"https:\/\/vidistechnology.com\/#website\"},\"datePublished\":\"2024-01-26T20:18:44+00:00\",\"dateModified\":\"2024-01-26T20:19:53+00:00\",\"breadcrumb\":{\"@id\":\"http:\/\/vidistechnology.com\/index.php\/product\/db2c-sonnette-video-sans-fil\/#breadcrumb\"},\"inLanguage\":\"fr-FR\",\"potentialAction\":[{\"@type\":\"ReadAction\",\"target\":[\"http:\/\/vidistechnology.com\/index.php\/product\/db2c-sonnette-video-sans-fil\/\"]}]},{\"@type\":\"BreadcrumbList\",\"@id\":\"http:\/\/vidistechnology.com\/index.php\/product\/db2c-sonnette-video-sans-fil\/#breadcrumb\",\"itemListElement\":[{\"@type\":\"ListItem\",\"position\":1,\"name\":\"Accueil\",\"item\":\"https:\/\/vidistechnology.com\/\"},{\"@type\":\"ListItem\",\"position\":2,\"name\":\"produits\",\"item\":\"https:\/\/vidistechnology.com\/index.php\/shop-2\/\"},{\"@type\":\"ListItem\",\"position\":3,\"name\":\"DB2C sonnette vid\u00e9o sans fil\"}]},{\"@type\":\"WebSite\",\"@id\":\"https:\/\/vidistechnology.com\/#website\",\"url\":\"https:\/\/vidistechnology.com\/\",\"name\":\"Vidistechnologie\",\"description\":\"\",\"publisher\":{\"@id\":\"https:\/\/vidistechnology.com\/#organization\"},\"potentialAction\":[{\"@type\":\"SearchAction\",\"target\":{\"@type\":\"EntryPoint\",\"urlTemplate\":\"https:\/\/vidistechnology.com\/?s={search_term_string}\"},\"query-input\":\"required name=search_term_string\"}],\"inLanguage\":\"fr-FR\"},{\"@type\":\"Organization\",\"@id\":\"https:\/\/vidistechnology.com\/#organization\",\"name\":\"Vidistechnologie\",\"url\":\"https:\/\/vidistechnology.com\/\",\"logo\":{\"@type\":\"ImageObject\",\"inLanguage\":\"fr-FR\",\"@id\":\"https:\/\/vidistechnology.com\/#\/schema\/logo\/image\/\",\"url\":\"https:\/\/vidistechnology.com\/wp-content\/uploads\/2023\/09\/332472308_904858154051322_6295981484547826480_n.png\",\"contentUrl\":\"https:\/\/vidistechnology.com\/wp-content\/uploads\/2023\/09\/332472308_904858154051322_6295981484547826480_n.png\",\"width\":1992,\"height\":1259,\"caption\":\"Vidistechnologie\"},\"image\":{\"@id\":\"https:\/\/vidistechnology.com\/#\/schema\/logo\/image\/\"},\"sameAs\":[\"https:\/\/www.facebook.com\/profile.php?id=100089805237154\"]}]}<\/script>\n<!-- \/ Yoast SEO plugin. -->","yoast_head_json":{"title":"DB2C sonnette vid\u00e9o sans fil - Vidistechnologie","robots":{"index":"index","follow":"follow","max-snippet":"max-snippet:-1","max-image-preview":"max-image-preview:large","max-video-preview":"max-video-preview:-1"},"canonical":"http:\/\/vidistechnology.com\/index.php\/product\/db2c-sonnette-video-sans-fil\/","og_locale":"fr_FR","og_type":"article","og_title":"DB2C sonnette vid\u00e9o sans fil - Vidistechnologie","og_description":"Le DB2C est un kit de sonnette intelligente qui contient une sonnette vid\u00e9o sans fil et un carillon.\u00a0Puisqu&#8217;aucun rec\u00e2blage n&#8217;est n\u00e9cessaire, vous pouvez voir et entendre vos visiteurs et r\u00e9pondre \u00e0 la porte de n&#8217;importe o\u00f9.\u00a0Commencez une vie intelligente, s\u00fbre et pratique gr\u00e2ce \u00e0 ses nombreuses fonctionnalit\u00e9s puissantes","og_url":"http:\/\/vidistechnology.com\/index.php\/product\/db2c-sonnette-video-sans-fil\/","og_site_name":"Vidistechnologie","article_publisher":"https:\/\/www.facebook.com\/profile.php?id=100089805237154","article_modified_time":"2024-01-26T20:19:53+00:00","og_image":[{"width":750,"height":785,"url":"http:\/\/vidistechnology.com\/wp-content\/uploads\/2024\/01\/df974a08e99c159b70def92de8300843.jpg","type":"image\/jpeg"}],"twitter_card":"summary_large_image","twitter_misc":{"Dur\u00e9e de lecture estim\u00e9e":"1 minute"},"schema":{"@context":"https:\/\/schema.org","@graph":[{"@type":"WebPage","@id":"http:\/\/vidistechnology.com\/index.php\/product\/db2c-sonnette-video-sans-fil\/","url":"http:\/\/vidistechnology.com\/index.php\/product\/db2c-sonnette-video-sans-fil\/","name":"DB2C sonnette vid\u00e9o sans fil - Vidistechnologie","isPartOf":{"@id":"https:\/\/vidistechnology.com\/#website"},"datePublished":"2024-01-26T20:18:44+00:00","dateModified":"2024-01-26T20:19:53+00:00","breadcrumb":{"@id":"http:\/\/vidistechnology.com\/index.php\/product\/db2c-sonnette-video-sans-fil\/#breadcrumb"},"inLanguage":"fr-FR","potentialAction":[{"@type":"ReadAction","target":["http:\/\/vidistechnology.com\/index.php\/product\/db2c-sonnette-video-sans-fil\/"]}]},{"@type":"BreadcrumbList","@id":"http:\/\/vidistechnology.com\/index.php\/product\/db2c-sonnette-video-sans-fil\/#breadcrumb","itemListElement":[{"@type":"ListItem","position":1,"name":"Accueil","item":"https:\/\/vidistechnology.com\/"},{"@type":"ListItem","position":2,"name":"produits","item":"https:\/\/vidistechnology.com\/index.php\/shop-2\/"},{"@type":"ListItem","position":3,"name":"DB2C sonnette vid\u00e9o sans fil"}]},{"@type":"WebSite","@id":"https:\/\/vidistechnology.com\/#website","url":"https:\/\/vidistechnology.com\/","name":"Vidistechnologie","description":"","publisher":{"@id":"https:\/\/vidistechnology.com\/#organization"},"potentialAction":[{"@type":"SearchAction","target":{"@type":"EntryPoint","urlTemplate":"https:\/\/vidistechnology.com\/?s={search_term_string}"},"query-input":"required name=search_term_string"}],"inLanguage":"fr-FR"},{"@type":"Organization","@id":"https:\/\/vidistechnology.com\/#organization","name":"Vidistechnologie","url":"https:\/\/vidistechnology.com\/","logo":{"@type":"ImageObject","inLanguage":"fr-FR","@id":"https:\/\/vidistechnology.com\/#\/schema\/logo\/image\/","url":"https:\/\/vidistechnology.com\/wp-content\/uploads\/2023\/09\/332472308_904858154051322_6295981484547826480_n.png","contentUrl":"https:\/\/vidistechnology.com\/wp-content\/uploads\/2023\/09\/332472308_904858154051322_6295981484547826480_n.png","width":1992,"height":1259,"caption":"Vidistechnologie"},"image":{"@id":"https:\/\/vidistechnology.com\/#\/schema\/logo\/image\/"},"sameAs":["https:\/\/www.facebook.com\/profile.php?id=100089805237154"]}]}},"_links":{"self":[{"href":"https:\/\/vidistechnology.com\/index.php\/wp-json\/wp\/v2\/product\/4595","targetHints":{"allow":["GET"]}}],"collection":[{"href":"https:\/\/vidistechnology.com\/index.php\/wp-json\/wp\/v2\/product"}],"about":[{"href":"https:\/\/vidistechnology.com\/index.php\/wp-json\/wp\/v2\/types\/product"}],"version-history":[{"count":2,"href":"https:\/\/vidistechnology.com\/index.php\/wp-json\/wp\/v2\/product\/4595\/revisions"}],"predecessor-version":[{"id":4598,"href":"https:\/\/vidistechnology.com\/index.php\/wp-json\/wp\/v2\/product\/4595\/revisions\/4598"}],"wp:featuredmedia":[{"embeddable":true,"href":"https:\/\/vidistechnology.com\/index.php\/wp-json\/wp\/v2\/media\/4596"}],"wp:attachment":[{"href":"https:\/\/vidistechnology.com\/index.php\/wp-json\/wp\/v2\/media?parent=4595"}],"wp:term":[{"taxonomy":"product_cat","embeddable":true,"href":"https:\/\/vidistechnology.com\/index.php\/wp-json\/wp\/v2\/product_cat?post=4595"},{"taxonomy":"product_tag","embeddable":true,"href":"https:\/\/vidistechnology.com\/index.php\/wp-json\/wp\/v2\/product_tag?post=4595"}],"curies":[{"name":"wp","href":"https:\/\/api.w.org\/{rel}","templated":true}]}}