{"id":4580,"date":"2024-01-15T17:03:43","date_gmt":"2024-01-15T17:03:43","guid":{"rendered":"https:\/\/vidistechnology.com\/?post_type=product&#038;p=4580"},"modified":"2024-01-15T17:36:32","modified_gmt":"2024-01-15T17:36:32","slug":"tc-h356s","status":"publish","type":"product","link":"https:\/\/vidistechnology.com\/index.php\/product\/tc-h356s\/","title":{"rendered":"TC-H356S"},"content":{"rendered":"<ul>\n<li>Support Auto-tracking.<\/li>\n<li>Optical zoom: 30\u00d7, digital zoom 16\u00d7<\/li>\n<li>Up to 2880\u00d71620@30fps<\/li>\n<li>Min. illumination Color: 0.001Lux@F1.5<\/li>\n<li>Smart IR, IR Range: 200m<\/li>\n<li>S+265\/H.265\/H.264\/M-JPEG<\/li>\n<li>Intelligent monitoring\/ Face Capture mode<\/li>\n<li>Support Human\/V\u00e9hicul\u00e9 Classification<\/li>\n<li>Plugin Free<\/li>\n<li>IP66<\/li>\n<\/ul>\n","protected":false},"excerpt":{"rendered":"<p>Support Auto-tracking. Optical zoom: 30\u00d7, digital zoom 16\u00d7 Up to 2880\u00d71620@30fps Min. illumination Color: 0.001Lux@F1.5 Smart IR, IR Range: 200m S+265\/H.265\/H.264\/M-JPEG Intelligent monitoring\/ Face Capture mode Support Human\/V\u00e9hicul\u00e9 Classification Plugin Free IP66<\/p>\n","protected":false},"featured_media":4581,"template":"","meta":[],"product_cat":[216],"product_tag":[],"class_list":["post-4580","product","type-product","status-publish","has-post-thumbnail","hentry","product_cat-ptz-ip"],"yoast_head":"<!-- This site is optimized with the Yoast SEO plugin v21.5 - https:\/\/yoast.com\/wordpress\/plugins\/seo\/ -->\n<title>TC-H356S - Vidistechnologie<\/title>\n<meta name=\"robots\" content=\"index, follow, max-snippet:-1, max-image-preview:large, max-video-preview:-1\" \/>\n<link rel=\"canonical\" href=\"https:\/\/vidistechnology.com\/index.php\/product\/tc-h356s\/\" \/>\n<meta property=\"og:locale\" content=\"fr_FR\" \/>\n<meta property=\"og:type\" content=\"article\" \/>\n<meta property=\"og:title\" content=\"TC-H356S - Vidistechnologie\" \/>\n<meta property=\"og:description\" content=\"Support Auto-tracking. Optical zoom: 30\u00d7, digital zoom 16\u00d7 Up to 2880\u00d71620@30fps Min. illumination Color: 0.001Lux@F1.5 Smart IR, IR Range: 200m S+265\/H.265\/H.264\/M-JPEG Intelligent monitoring\/ Face Capture mode Support Human\/V\u00e9hicul\u00e9 Classification Plugin Free IP66\" \/>\n<meta property=\"og:url\" content=\"https:\/\/vidistechnology.com\/index.php\/product\/tc-h356s\/\" \/>\n<meta property=\"og:site_name\" content=\"Vidistechnologie\" \/>\n<meta property=\"article:publisher\" content=\"https:\/\/www.facebook.com\/profile.php?id=100089805237154\" \/>\n<meta property=\"article:modified_time\" content=\"2024-01-15T17:36:32+00:00\" \/>\n<meta property=\"og:image\" content=\"https:\/\/vidistechnology.com\/wp-content\/uploads\/2024\/01\/IR-PTZ.png\" \/>\n\t<meta property=\"og:image:width\" content=\"600\" \/>\n\t<meta property=\"og:image:height\" content=\"400\" \/>\n\t<meta property=\"og:image:type\" content=\"image\/png\" \/>\n<meta name=\"twitter:card\" content=\"summary_large_image\" \/>\n<meta name=\"twitter:label1\" content=\"Dur\u00e9e de lecture estim\u00e9e\" \/>\n\t<meta name=\"twitter:data1\" content=\"1 minute\" \/>\n<script type=\"application\/ld+json\" class=\"yoast-schema-graph\">{\"@context\":\"https:\/\/schema.org\",\"@graph\":[{\"@type\":\"WebPage\",\"@id\":\"https:\/\/vidistechnology.com\/index.php\/product\/tc-h356s\/\",\"url\":\"https:\/\/vidistechnology.com\/index.php\/product\/tc-h356s\/\",\"name\":\"TC-H356S - Vidistechnologie\",\"isPartOf\":{\"@id\":\"https:\/\/vidistechnology.com\/#website\"},\"datePublished\":\"2024-01-15T17:03:43+00:00\",\"dateModified\":\"2024-01-15T17:36:32+00:00\",\"breadcrumb\":{\"@id\":\"https:\/\/vidistechnology.com\/index.php\/product\/tc-h356s\/#breadcrumb\"},\"inLanguage\":\"fr-FR\",\"potentialAction\":[{\"@type\":\"ReadAction\",\"target\":[\"https:\/\/vidistechnology.com\/index.php\/product\/tc-h356s\/\"]}]},{\"@type\":\"BreadcrumbList\",\"@id\":\"https:\/\/vidistechnology.com\/index.php\/product\/tc-h356s\/#breadcrumb\",\"itemListElement\":[{\"@type\":\"ListItem\",\"position\":1,\"name\":\"Accueil\",\"item\":\"https:\/\/vidistechnology.com\/\"},{\"@type\":\"ListItem\",\"position\":2,\"name\":\"produits\",\"item\":\"https:\/\/vidistechnology.com\/index.php\/shop-2\/\"},{\"@type\":\"ListItem\",\"position\":3,\"name\":\"TC-H356S\"}]},{\"@type\":\"WebSite\",\"@id\":\"https:\/\/vidistechnology.com\/#website\",\"url\":\"https:\/\/vidistechnology.com\/\",\"name\":\"Vidistechnologie\",\"description\":\"\",\"publisher\":{\"@id\":\"https:\/\/vidistechnology.com\/#organization\"},\"potentialAction\":[{\"@type\":\"SearchAction\",\"target\":{\"@type\":\"EntryPoint\",\"urlTemplate\":\"https:\/\/vidistechnology.com\/?s={search_term_string}\"},\"query-input\":\"required name=search_term_string\"}],\"inLanguage\":\"fr-FR\"},{\"@type\":\"Organization\",\"@id\":\"https:\/\/vidistechnology.com\/#organization\",\"name\":\"Vidistechnologie\",\"url\":\"https:\/\/vidistechnology.com\/\",\"logo\":{\"@type\":\"ImageObject\",\"inLanguage\":\"fr-FR\",\"@id\":\"https:\/\/vidistechnology.com\/#\/schema\/logo\/image\/\",\"url\":\"https:\/\/vidistechnology.com\/wp-content\/uploads\/2023\/09\/332472308_904858154051322_6295981484547826480_n.png\",\"contentUrl\":\"https:\/\/vidistechnology.com\/wp-content\/uploads\/2023\/09\/332472308_904858154051322_6295981484547826480_n.png\",\"width\":1992,\"height\":1259,\"caption\":\"Vidistechnologie\"},\"image\":{\"@id\":\"https:\/\/vidistechnology.com\/#\/schema\/logo\/image\/\"},\"sameAs\":[\"https:\/\/www.facebook.com\/profile.php?id=100089805237154\"]}]}<\/script>\n<!-- \/ Yoast SEO plugin. -->","yoast_head_json":{"title":"TC-H356S - Vidistechnologie","robots":{"index":"index","follow":"follow","max-snippet":"max-snippet:-1","max-image-preview":"max-image-preview:large","max-video-preview":"max-video-preview:-1"},"canonical":"https:\/\/vidistechnology.com\/index.php\/product\/tc-h356s\/","og_locale":"fr_FR","og_type":"article","og_title":"TC-H356S - Vidistechnologie","og_description":"Support Auto-tracking. Optical zoom: 30\u00d7, digital zoom 16\u00d7 Up to 2880\u00d71620@30fps Min. illumination Color: 0.001Lux@F1.5 Smart IR, IR Range: 200m S+265\/H.265\/H.264\/M-JPEG Intelligent monitoring\/ Face Capture mode Support Human\/V\u00e9hicul\u00e9 Classification Plugin Free IP66","og_url":"https:\/\/vidistechnology.com\/index.php\/product\/tc-h356s\/","og_site_name":"Vidistechnologie","article_publisher":"https:\/\/www.facebook.com\/profile.php?id=100089805237154","article_modified_time":"2024-01-15T17:36:32+00:00","og_image":[{"width":600,"height":400,"url":"https:\/\/vidistechnology.com\/wp-content\/uploads\/2024\/01\/IR-PTZ.png","type":"image\/png"}],"twitter_card":"summary_large_image","twitter_misc":{"Dur\u00e9e de lecture estim\u00e9e":"1 minute"},"schema":{"@context":"https:\/\/schema.org","@graph":[{"@type":"WebPage","@id":"https:\/\/vidistechnology.com\/index.php\/product\/tc-h356s\/","url":"https:\/\/vidistechnology.com\/index.php\/product\/tc-h356s\/","name":"TC-H356S - Vidistechnologie","isPartOf":{"@id":"https:\/\/vidistechnology.com\/#website"},"datePublished":"2024-01-15T17:03:43+00:00","dateModified":"2024-01-15T17:36:32+00:00","breadcrumb":{"@id":"https:\/\/vidistechnology.com\/index.php\/product\/tc-h356s\/#breadcrumb"},"inLanguage":"fr-FR","potentialAction":[{"@type":"ReadAction","target":["https:\/\/vidistechnology.com\/index.php\/product\/tc-h356s\/"]}]},{"@type":"BreadcrumbList","@id":"https:\/\/vidistechnology.com\/index.php\/product\/tc-h356s\/#breadcrumb","itemListElement":[{"@type":"ListItem","position":1,"name":"Accueil","item":"https:\/\/vidistechnology.com\/"},{"@type":"ListItem","position":2,"name":"produits","item":"https:\/\/vidistechnology.com\/index.php\/shop-2\/"},{"@type":"ListItem","position":3,"name":"TC-H356S"}]},{"@type":"WebSite","@id":"https:\/\/vidistechnology.com\/#website","url":"https:\/\/vidistechnology.com\/","name":"Vidistechnologie","description":"","publisher":{"@id":"https:\/\/vidistechnology.com\/#organization"},"potentialAction":[{"@type":"SearchAction","target":{"@type":"EntryPoint","urlTemplate":"https:\/\/vidistechnology.com\/?s={search_term_string}"},"query-input":"required name=search_term_string"}],"inLanguage":"fr-FR"},{"@type":"Organization","@id":"https:\/\/vidistechnology.com\/#organization","name":"Vidistechnologie","url":"https:\/\/vidistechnology.com\/","logo":{"@type":"ImageObject","inLanguage":"fr-FR","@id":"https:\/\/vidistechnology.com\/#\/schema\/logo\/image\/","url":"https:\/\/vidistechnology.com\/wp-content\/uploads\/2023\/09\/332472308_904858154051322_6295981484547826480_n.png","contentUrl":"https:\/\/vidistechnology.com\/wp-content\/uploads\/2023\/09\/332472308_904858154051322_6295981484547826480_n.png","width":1992,"height":1259,"caption":"Vidistechnologie"},"image":{"@id":"https:\/\/vidistechnology.com\/#\/schema\/logo\/image\/"},"sameAs":["https:\/\/www.facebook.com\/profile.php?id=100089805237154"]}]}},"_links":{"self":[{"href":"https:\/\/vidistechnology.com\/index.php\/wp-json\/wp\/v2\/product\/4580","targetHints":{"allow":["GET"]}}],"collection":[{"href":"https:\/\/vidistechnology.com\/index.php\/wp-json\/wp\/v2\/product"}],"about":[{"href":"https:\/\/vidistechnology.com\/index.php\/wp-json\/wp\/v2\/types\/product"}],"version-history":[{"count":1,"href":"https:\/\/vidistechnology.com\/index.php\/wp-json\/wp\/v2\/product\/4580\/revisions"}],"predecessor-version":[{"id":4582,"href":"https:\/\/vidistechnology.com\/index.php\/wp-json\/wp\/v2\/product\/4580\/revisions\/4582"}],"wp:featuredmedia":[{"embeddable":true,"href":"https:\/\/vidistechnology.com\/index.php\/wp-json\/wp\/v2\/media\/4581"}],"wp:attachment":[{"href":"https:\/\/vidistechnology.com\/index.php\/wp-json\/wp\/v2\/media?parent=4580"}],"wp:term":[{"taxonomy":"product_cat","embeddable":true,"href":"https:\/\/vidistechnology.com\/index.php\/wp-json\/wp\/v2\/product_cat?post=4580"},{"taxonomy":"product_tag","embeddable":true,"href":"https:\/\/vidistechnology.com\/index.php\/wp-json\/wp\/v2\/product_tag?post=4580"}],"curies":[{"name":"wp","href":"https:\/\/api.w.org\/{rel}","templated":true}]}}