{"id":4544,"date":"2023-11-09T16:33:11","date_gmt":"2023-11-09T16:33:11","guid":{"rendered":"https:\/\/vidistechnology.com\/?post_type=product&#038;p=4544"},"modified":"2023-11-09T16:33:12","modified_gmt":"2023-11-09T16:33:12","slug":"acurgym","status":"publish","type":"product","link":"https:\/\/vidistechnology.com\/index.php\/product\/acurgym\/","title":{"rendered":"ACURGYM"},"content":{"rendered":"<p>Acurgym est un\u00a0<strong>logiciel de gestion de salle de sport Tunisien,<\/strong>\u00a0avanc\u00e9e multiplateformes (desktop, web et mobile) et multi utilisateurs (diff\u00e9rents niveaux d\u2019administration) d\u00e9velopp\u00e9e avec une haute technologie, qui communique d\u2019une fa\u00e7on native avec plusieurs syst\u00e8mes de contr\u00f4le d\u2019acc\u00e8s (pointeuses, tourniquets, etc.) et qui permet de g\u00e9rer une ou plusieurs salles \u00e0 la fois<\/p>\n<ul>\n<li class=\"feature-1 wow fadeInUp\" data-wow-duration=\"1s\"><span class=\"feture-title\">STATISTIQUE ET ANALYSE<\/span><i class=\"fa fa-check classis-icon\"><\/i><\/li>\n<\/ul>\n<p>&#8211; G\u00e9rer et personnaliser vos rapports (rapport financier, Blacklist, pointage, adh\u00e9rents actifs, recette, reste \u00e0 payer, fin d\u2019abonnement\u2026)<\/p>\n<ul>\n<li class=\"feature-2 wow fadeInUp\" data-wow-duration=\"2s\"><span class=\"feture-title\">D\u00c9PENSES ET RECETTES<\/span><i class=\"fa fa-check classis-icon\"><\/i><\/li>\n<\/ul>\n<p>&#8211; Gestion avanc\u00e9e des charges et des ventes et g\u00e9n\u00e9ration des rapports financiers complets et d\u00e9taill\u00e9s<br \/>\n<i class=\"fa fa-check classis-icon\"><\/i>\u00a0 &#8211; Saisie des modes de r\u00e8glement (ch\u00e8que, esp\u00e8ce, carte)<br \/>\n<i class=\"fa fa-check classis-icon\"><\/i>\u00a0 &#8211; Rappels et notifications automatiques pour les \u00e9ch\u00e9ances des ch\u00e8ques et les retards de paiement.<\/p>\n<ul>\n<li>GESTION DES TERMINAUX<\/li>\n<\/ul>\n<p><i class=\"fa fa-check classis-icon\"><\/i>\u00a0&#8211; G\u00e9rer vos tourniquets, terminaux de contr\u00f4le d\u2019acc\u00e8s, lecteurs d\u2019empreinte USB<br \/>\n<i class=\"fa fa-check classis-icon\"><\/i>\u00a0&#8211; Limitation des acc\u00e8s par nombre de s\u00e9ances ou dur\u00e9e.<br \/>\n<i class=\"fa fa-check classis-icon\"><\/i>\u00a0&#8211; Ouverture \u00e0 distance via le logiciel<br \/>\n<i class=\"fa fa-check classis-icon\"><\/i>\u00a0&#8211; Gestion des modes (libre, contr\u00f4l\u00e9, bloqu\u00e9)<\/p>\n<ul>\n<li><span class=\"feture-title\">GESTION RELATION CLIENT<\/span><i class=\"fa fa-check classis-icon\"><\/i><\/li>\n<\/ul>\n<p>&#8211; Gestion des prospects, relance client des s\u00e9ances d&#8217;essai<br \/>\n<i class=\"fa fa-check classis-icon\"><\/i>&#8211; Syst\u00e8me de parrainage (Coach, personnel, adh\u00e9rents)<\/p>\n","protected":false},"excerpt":{"rendered":"<p>Acurgym est un\u00a0logiciel de gestion de salle de sport Tunisien,\u00a0avanc\u00e9e multiplateformes (desktop, web et mobile) et multi utilisateurs (diff\u00e9rents niveaux d\u2019administration) d\u00e9velopp\u00e9e avec une haute technologie, qui communique d\u2019une fa\u00e7on native avec plusieurs syst\u00e8mes de contr\u00f4le d\u2019acc\u00e8s (pointeuses, tourniquets, etc.) et qui permet de g\u00e9rer une ou plusieurs salles \u00e0 la fois STATISTIQUE ET ANALYSE<\/p>\n<div class=\"klb-readmore button\"><a class=\"btn link\" href=\"https:\/\/vidistechnology.com\/index.php\/product\/acurgym\/\">Read More <i class=\"klbth-icon-right-arrow\"><\/i><\/a><\/div>\n","protected":false},"featured_media":4545,"template":"","meta":[],"product_cat":[213],"product_tag":[],"class_list":["post-4544","product","type-product","status-publish","has-post-thumbnail","hentry","product_cat-solution"],"yoast_head":"<!-- This site is optimized with the Yoast SEO plugin v21.5 - https:\/\/yoast.com\/wordpress\/plugins\/seo\/ -->\n<title>ACURGYM - Vidistechnologie<\/title>\n<meta name=\"robots\" content=\"index, follow, max-snippet:-1, max-image-preview:large, max-video-preview:-1\" \/>\n<link rel=\"canonical\" href=\"https:\/\/vidistechnology.com\/index.php\/product\/acurgym\/\" \/>\n<meta property=\"og:locale\" content=\"fr_FR\" \/>\n<meta property=\"og:type\" content=\"article\" \/>\n<meta property=\"og:title\" content=\"ACURGYM - Vidistechnologie\" \/>\n<meta property=\"og:description\" content=\"Acurgym est un\u00a0logiciel de gestion de salle de sport Tunisien,\u00a0avanc\u00e9e multiplateformes (desktop, web et mobile) et multi utilisateurs (diff\u00e9rents niveaux d\u2019administration) d\u00e9velopp\u00e9e avec une haute technologie, qui communique d\u2019une fa\u00e7on native avec plusieurs syst\u00e8mes de contr\u00f4le d\u2019acc\u00e8s (pointeuses, tourniquets, etc.) et qui permet de g\u00e9rer une ou plusieurs salles \u00e0 la fois STATISTIQUE ET ANALYSERead More\" \/>\n<meta property=\"og:url\" content=\"https:\/\/vidistechnology.com\/index.php\/product\/acurgym\/\" \/>\n<meta property=\"og:site_name\" content=\"Vidistechnologie\" \/>\n<meta property=\"article:publisher\" content=\"https:\/\/www.facebook.com\/profile.php?id=100089805237154\" \/>\n<meta property=\"article:modified_time\" content=\"2023-11-09T16:33:12+00:00\" \/>\n<meta property=\"og:image\" content=\"https:\/\/vidistechnology.com\/wp-content\/uploads\/2023\/11\/acurgym.png\" \/>\n\t<meta property=\"og:image:width\" content=\"550\" \/>\n\t<meta property=\"og:image:height\" content=\"610\" \/>\n\t<meta property=\"og:image:type\" content=\"image\/png\" \/>\n<meta name=\"twitter:card\" content=\"summary_large_image\" \/>\n<meta name=\"twitter:label1\" content=\"Dur\u00e9e de lecture estim\u00e9e\" \/>\n\t<meta name=\"twitter:data1\" content=\"1 minute\" \/>\n<script type=\"application\/ld+json\" class=\"yoast-schema-graph\">{\"@context\":\"https:\/\/schema.org\",\"@graph\":[{\"@type\":\"WebPage\",\"@id\":\"https:\/\/vidistechnology.com\/index.php\/product\/acurgym\/\",\"url\":\"https:\/\/vidistechnology.com\/index.php\/product\/acurgym\/\",\"name\":\"ACURGYM - Vidistechnologie\",\"isPartOf\":{\"@id\":\"https:\/\/vidistechnology.com\/#website\"},\"datePublished\":\"2023-11-09T16:33:11+00:00\",\"dateModified\":\"2023-11-09T16:33:12+00:00\",\"breadcrumb\":{\"@id\":\"https:\/\/vidistechnology.com\/index.php\/product\/acurgym\/#breadcrumb\"},\"inLanguage\":\"fr-FR\",\"potentialAction\":[{\"@type\":\"ReadAction\",\"target\":[\"https:\/\/vidistechnology.com\/index.php\/product\/acurgym\/\"]}]},{\"@type\":\"BreadcrumbList\",\"@id\":\"https:\/\/vidistechnology.com\/index.php\/product\/acurgym\/#breadcrumb\",\"itemListElement\":[{\"@type\":\"ListItem\",\"position\":1,\"name\":\"Accueil\",\"item\":\"https:\/\/vidistechnology.com\/\"},{\"@type\":\"ListItem\",\"position\":2,\"name\":\"produits\",\"item\":\"https:\/\/vidistechnology.com\/index.php\/shop-2\/\"},{\"@type\":\"ListItem\",\"position\":3,\"name\":\"ACURGYM\"}]},{\"@type\":\"WebSite\",\"@id\":\"https:\/\/vidistechnology.com\/#website\",\"url\":\"https:\/\/vidistechnology.com\/\",\"name\":\"Vidistechnologie\",\"description\":\"\",\"publisher\":{\"@id\":\"https:\/\/vidistechnology.com\/#organization\"},\"potentialAction\":[{\"@type\":\"SearchAction\",\"target\":{\"@type\":\"EntryPoint\",\"urlTemplate\":\"https:\/\/vidistechnology.com\/?s={search_term_string}\"},\"query-input\":\"required name=search_term_string\"}],\"inLanguage\":\"fr-FR\"},{\"@type\":\"Organization\",\"@id\":\"https:\/\/vidistechnology.com\/#organization\",\"name\":\"Vidistechnologie\",\"url\":\"https:\/\/vidistechnology.com\/\",\"logo\":{\"@type\":\"ImageObject\",\"inLanguage\":\"fr-FR\",\"@id\":\"https:\/\/vidistechnology.com\/#\/schema\/logo\/image\/\",\"url\":\"https:\/\/vidistechnology.com\/wp-content\/uploads\/2023\/09\/332472308_904858154051322_6295981484547826480_n.png\",\"contentUrl\":\"https:\/\/vidistechnology.com\/wp-content\/uploads\/2023\/09\/332472308_904858154051322_6295981484547826480_n.png\",\"width\":1992,\"height\":1259,\"caption\":\"Vidistechnologie\"},\"image\":{\"@id\":\"https:\/\/vidistechnology.com\/#\/schema\/logo\/image\/\"},\"sameAs\":[\"https:\/\/www.facebook.com\/profile.php?id=100089805237154\"]}]}<\/script>\n<!-- \/ Yoast SEO plugin. -->","yoast_head_json":{"title":"ACURGYM - Vidistechnologie","robots":{"index":"index","follow":"follow","max-snippet":"max-snippet:-1","max-image-preview":"max-image-preview:large","max-video-preview":"max-video-preview:-1"},"canonical":"https:\/\/vidistechnology.com\/index.php\/product\/acurgym\/","og_locale":"fr_FR","og_type":"article","og_title":"ACURGYM - Vidistechnologie","og_description":"Acurgym est un\u00a0logiciel de gestion de salle de sport Tunisien,\u00a0avanc\u00e9e multiplateformes (desktop, web et mobile) et multi utilisateurs (diff\u00e9rents niveaux d\u2019administration) d\u00e9velopp\u00e9e avec une haute technologie, qui communique d\u2019une fa\u00e7on native avec plusieurs syst\u00e8mes de contr\u00f4le d\u2019acc\u00e8s (pointeuses, tourniquets, etc.) et qui permet de g\u00e9rer une ou plusieurs salles \u00e0 la fois STATISTIQUE ET ANALYSERead More","og_url":"https:\/\/vidistechnology.com\/index.php\/product\/acurgym\/","og_site_name":"Vidistechnologie","article_publisher":"https:\/\/www.facebook.com\/profile.php?id=100089805237154","article_modified_time":"2023-11-09T16:33:12+00:00","og_image":[{"width":550,"height":610,"url":"https:\/\/vidistechnology.com\/wp-content\/uploads\/2023\/11\/acurgym.png","type":"image\/png"}],"twitter_card":"summary_large_image","twitter_misc":{"Dur\u00e9e de lecture estim\u00e9e":"1 minute"},"schema":{"@context":"https:\/\/schema.org","@graph":[{"@type":"WebPage","@id":"https:\/\/vidistechnology.com\/index.php\/product\/acurgym\/","url":"https:\/\/vidistechnology.com\/index.php\/product\/acurgym\/","name":"ACURGYM - Vidistechnologie","isPartOf":{"@id":"https:\/\/vidistechnology.com\/#website"},"datePublished":"2023-11-09T16:33:11+00:00","dateModified":"2023-11-09T16:33:12+00:00","breadcrumb":{"@id":"https:\/\/vidistechnology.com\/index.php\/product\/acurgym\/#breadcrumb"},"inLanguage":"fr-FR","potentialAction":[{"@type":"ReadAction","target":["https:\/\/vidistechnology.com\/index.php\/product\/acurgym\/"]}]},{"@type":"BreadcrumbList","@id":"https:\/\/vidistechnology.com\/index.php\/product\/acurgym\/#breadcrumb","itemListElement":[{"@type":"ListItem","position":1,"name":"Accueil","item":"https:\/\/vidistechnology.com\/"},{"@type":"ListItem","position":2,"name":"produits","item":"https:\/\/vidistechnology.com\/index.php\/shop-2\/"},{"@type":"ListItem","position":3,"name":"ACURGYM"}]},{"@type":"WebSite","@id":"https:\/\/vidistechnology.com\/#website","url":"https:\/\/vidistechnology.com\/","name":"Vidistechnologie","description":"","publisher":{"@id":"https:\/\/vidistechnology.com\/#organization"},"potentialAction":[{"@type":"SearchAction","target":{"@type":"EntryPoint","urlTemplate":"https:\/\/vidistechnology.com\/?s={search_term_string}"},"query-input":"required name=search_term_string"}],"inLanguage":"fr-FR"},{"@type":"Organization","@id":"https:\/\/vidistechnology.com\/#organization","name":"Vidistechnologie","url":"https:\/\/vidistechnology.com\/","logo":{"@type":"ImageObject","inLanguage":"fr-FR","@id":"https:\/\/vidistechnology.com\/#\/schema\/logo\/image\/","url":"https:\/\/vidistechnology.com\/wp-content\/uploads\/2023\/09\/332472308_904858154051322_6295981484547826480_n.png","contentUrl":"https:\/\/vidistechnology.com\/wp-content\/uploads\/2023\/09\/332472308_904858154051322_6295981484547826480_n.png","width":1992,"height":1259,"caption":"Vidistechnologie"},"image":{"@id":"https:\/\/vidistechnology.com\/#\/schema\/logo\/image\/"},"sameAs":["https:\/\/www.facebook.com\/profile.php?id=100089805237154"]}]}},"_links":{"self":[{"href":"https:\/\/vidistechnology.com\/index.php\/wp-json\/wp\/v2\/product\/4544","targetHints":{"allow":["GET"]}}],"collection":[{"href":"https:\/\/vidistechnology.com\/index.php\/wp-json\/wp\/v2\/product"}],"about":[{"href":"https:\/\/vidistechnology.com\/index.php\/wp-json\/wp\/v2\/types\/product"}],"version-history":[{"count":1,"href":"https:\/\/vidistechnology.com\/index.php\/wp-json\/wp\/v2\/product\/4544\/revisions"}],"predecessor-version":[{"id":4546,"href":"https:\/\/vidistechnology.com\/index.php\/wp-json\/wp\/v2\/product\/4544\/revisions\/4546"}],"wp:featuredmedia":[{"embeddable":true,"href":"https:\/\/vidistechnology.com\/index.php\/wp-json\/wp\/v2\/media\/4545"}],"wp:attachment":[{"href":"https:\/\/vidistechnology.com\/index.php\/wp-json\/wp\/v2\/media?parent=4544"}],"wp:term":[{"taxonomy":"product_cat","embeddable":true,"href":"https:\/\/vidistechnology.com\/index.php\/wp-json\/wp\/v2\/product_cat?post=4544"},{"taxonomy":"product_tag","embeddable":true,"href":"https:\/\/vidistechnology.com\/index.php\/wp-json\/wp\/v2\/product_tag?post=4544"}],"curies":[{"name":"wp","href":"https:\/\/api.w.org\/{rel}","templated":true}]}}