{"id":4532,"date":"2023-11-04T19:05:53","date_gmt":"2023-11-04T19:05:53","guid":{"rendered":"https:\/\/vidistechnology.com\/?post_type=product&#038;p=4532"},"modified":"2023-11-04T19:05:54","modified_gmt":"2023-11-04T19:05:54","slug":"tfda-str1-detecteur-de-fumee-et-chaleur-adressable","status":"publish","type":"product","link":"https:\/\/vidistechnology.com\/index.php\/product\/tfda-str1-detecteur-de-fumee-et-chaleur-adressable\/","title":{"rendered":"TFDA-STR1 &#8211; D\u00e9tecteur de fum\u00e9e et chaleur adressable"},"content":{"rendered":"<p>D\u00e9tecteur Combo 2T adressable, compos\u00e9 de 2 sections ind\u00e9pendantes, un d\u00e9tecteur de fum\u00e9e optique et d\u2019un d\u00e9tecteur thermov\u00e9locim\u00e9trique classe A1R (temp\u00e9rature de r\u00e9ponse statique 58\u00b0C) Le fonctionnement est supervis\u00e9 par un microprocesseur. L\u2019algorithme utilis\u00e9 garantit les meilleures fonctionnalit\u00e9s de d\u00e9tection et une grande pr\u00e9cision de l\u2019analyse densim\u00e9trique de la fum\u00e9e captur\u00e9e par la chambre de fum\u00e9e. L\u2019algorithme de contr\u00f4le automatique de gain (CAG) est en mesure de compenser dynamiquement la perte de sensibilit\u00e9 due aux d\u00e9p\u00f4ts dans la chambre de fum\u00e9e. Si la capacit\u00e9 de d\u00e9tection est compromise par le d\u00e9p\u00f4t de poussi\u00e8re dans la chambre de fum\u00e9e, ceci est automatiquement signal\u00e9 \u00e0 la centrale de d\u00e9tection incendie qui requiert l\u2019entretien. Fonctions programmables: 3 niveaux de sensibilit\u00e9, fonction pr\u00e9-alarme pouvant \u00eatre exclue, 4 logiques de d\u00e9tection pouvant \u00eatre exclues singuli\u00e8rement, LED de signalisation pour la communication de donn\u00e9es &#8211; Actionneur pour test de connexion \u00e9lectrique int\u00e9gr\u00e9 &#8211; Technologie RSC\u00ae int\u00e9gr\u00e9e: programmation, gestion \u00e0 distance de tous les param\u00e8tres de fonctionnement &#8211; 2 LED de signalisation visible \u00e0 360\u00b0 &#8211; Double isolateur de boucle &#8211; Connexion \u00e0 la boucle &#8211; Protocole propri\u00e9taire grande vitesse Fire-Speed &#8211; Montage sur base universelle TFBASE01 &#8211; IP22 &#8211; Bo\u00eetier en ABS V0 &#8211; Dimensions (\u00d8 x H) 100 x 52mm (base de montage non incluse) &#8211; Couleur blanc EN 54-7: 2000 + A1: 2002 + A2: 2006 &#8211; EN 54-5: 2000 + A1: 2002 &#8211; EN 54-17: 2005 &#8211; Num\u00e9ro de certification 1293-CPR-0423<\/p>\n","protected":false},"excerpt":{"rendered":"<p>D\u00e9tecteur Combo 2T adressable, compos\u00e9 de 2 sections ind\u00e9pendantes, un d\u00e9tecteur de fum\u00e9e optique et d\u2019un d\u00e9tecteur thermov\u00e9locim\u00e9trique classe A1R (temp\u00e9rature de r\u00e9ponse statique 58\u00b0C) Le fonctionnement est supervis\u00e9 par un microprocesseur. L\u2019algorithme utilis\u00e9 garantit les meilleures fonctionnalit\u00e9s de d\u00e9tection et une grande pr\u00e9cision de l\u2019analyse densim\u00e9trique de la fum\u00e9e captur\u00e9e par la chambre de<\/p>\n<div class=\"klb-readmore button\"><a class=\"btn link\" href=\"https:\/\/vidistechnology.com\/index.php\/product\/tfda-str1-detecteur-de-fumee-et-chaleur-adressable\/\">Read More <i class=\"klbth-icon-right-arrow\"><\/i><\/a><\/div>\n","protected":false},"featured_media":4533,"template":"","meta":[],"product_cat":[202],"product_tag":[],"class_list":["post-4532","product","type-product","status-publish","has-post-thumbnail","hentry","product_cat-detection-incendie"],"yoast_head":"<!-- This site is optimized with the Yoast SEO plugin v21.5 - https:\/\/yoast.com\/wordpress\/plugins\/seo\/ -->\n<title>TFDA-STR1 - D\u00e9tecteur de fum\u00e9e et chaleur adressable - Vidistechnologie<\/title>\n<meta name=\"robots\" content=\"index, follow, max-snippet:-1, max-image-preview:large, max-video-preview:-1\" \/>\n<link rel=\"canonical\" href=\"https:\/\/vidistechnology.com\/index.php\/product\/tfda-str1-detecteur-de-fumee-et-chaleur-adressable\/\" \/>\n<meta property=\"og:locale\" content=\"fr_FR\" \/>\n<meta property=\"og:type\" content=\"article\" \/>\n<meta property=\"og:title\" content=\"TFDA-STR1 - D\u00e9tecteur de fum\u00e9e et chaleur adressable - Vidistechnologie\" \/>\n<meta property=\"og:description\" content=\"D\u00e9tecteur Combo 2T adressable, compos\u00e9 de 2 sections ind\u00e9pendantes, un d\u00e9tecteur de fum\u00e9e optique et d\u2019un d\u00e9tecteur thermov\u00e9locim\u00e9trique classe A1R (temp\u00e9rature de r\u00e9ponse statique 58\u00b0C) Le fonctionnement est supervis\u00e9 par un microprocesseur. L\u2019algorithme utilis\u00e9 garantit les meilleures fonctionnalit\u00e9s de d\u00e9tection et une grande pr\u00e9cision de l\u2019analyse densim\u00e9trique de la fum\u00e9e captur\u00e9e par la chambre deRead More\" \/>\n<meta property=\"og:url\" content=\"https:\/\/vidistechnology.com\/index.php\/product\/tfda-str1-detecteur-de-fumee-et-chaleur-adressable\/\" \/>\n<meta property=\"og:site_name\" content=\"Vidistechnologie\" \/>\n<meta property=\"article:publisher\" content=\"https:\/\/www.facebook.com\/profile.php?id=100089805237154\" \/>\n<meta property=\"article:modified_time\" content=\"2023-11-04T19:05:54+00:00\" \/>\n<meta property=\"og:image\" content=\"https:\/\/vidistechnology.com\/wp-content\/uploads\/2023\/11\/TF3TFDASTR1-TFDA-STR1_06_11_2014_10_43.png\" \/>\n\t<meta property=\"og:image:width\" content=\"1024\" \/>\n\t<meta property=\"og:image:height\" content=\"1024\" \/>\n\t<meta property=\"og:image:type\" content=\"image\/png\" \/>\n<meta name=\"twitter:card\" content=\"summary_large_image\" \/>\n<meta name=\"twitter:label1\" content=\"Dur\u00e9e de lecture estim\u00e9e\" \/>\n\t<meta name=\"twitter:data1\" content=\"1 minute\" \/>\n<script type=\"application\/ld+json\" class=\"yoast-schema-graph\">{\"@context\":\"https:\/\/schema.org\",\"@graph\":[{\"@type\":\"WebPage\",\"@id\":\"https:\/\/vidistechnology.com\/index.php\/product\/tfda-str1-detecteur-de-fumee-et-chaleur-adressable\/\",\"url\":\"https:\/\/vidistechnology.com\/index.php\/product\/tfda-str1-detecteur-de-fumee-et-chaleur-adressable\/\",\"name\":\"TFDA-STR1 - D\u00e9tecteur de fum\u00e9e et chaleur adressable - Vidistechnologie\",\"isPartOf\":{\"@id\":\"https:\/\/vidistechnology.com\/#website\"},\"datePublished\":\"2023-11-04T19:05:53+00:00\",\"dateModified\":\"2023-11-04T19:05:54+00:00\",\"breadcrumb\":{\"@id\":\"https:\/\/vidistechnology.com\/index.php\/product\/tfda-str1-detecteur-de-fumee-et-chaleur-adressable\/#breadcrumb\"},\"inLanguage\":\"fr-FR\",\"potentialAction\":[{\"@type\":\"ReadAction\",\"target\":[\"https:\/\/vidistechnology.com\/index.php\/product\/tfda-str1-detecteur-de-fumee-et-chaleur-adressable\/\"]}]},{\"@type\":\"BreadcrumbList\",\"@id\":\"https:\/\/vidistechnology.com\/index.php\/product\/tfda-str1-detecteur-de-fumee-et-chaleur-adressable\/#breadcrumb\",\"itemListElement\":[{\"@type\":\"ListItem\",\"position\":1,\"name\":\"Accueil\",\"item\":\"https:\/\/vidistechnology.com\/\"},{\"@type\":\"ListItem\",\"position\":2,\"name\":\"produits\",\"item\":\"https:\/\/vidistechnology.com\/index.php\/shop-2\/\"},{\"@type\":\"ListItem\",\"position\":3,\"name\":\"TFDA-STR1 &#8211; D\u00e9tecteur de fum\u00e9e et chaleur adressable\"}]},{\"@type\":\"WebSite\",\"@id\":\"https:\/\/vidistechnology.com\/#website\",\"url\":\"https:\/\/vidistechnology.com\/\",\"name\":\"Vidistechnologie\",\"description\":\"\",\"publisher\":{\"@id\":\"https:\/\/vidistechnology.com\/#organization\"},\"potentialAction\":[{\"@type\":\"SearchAction\",\"target\":{\"@type\":\"EntryPoint\",\"urlTemplate\":\"https:\/\/vidistechnology.com\/?s={search_term_string}\"},\"query-input\":\"required name=search_term_string\"}],\"inLanguage\":\"fr-FR\"},{\"@type\":\"Organization\",\"@id\":\"https:\/\/vidistechnology.com\/#organization\",\"name\":\"Vidistechnologie\",\"url\":\"https:\/\/vidistechnology.com\/\",\"logo\":{\"@type\":\"ImageObject\",\"inLanguage\":\"fr-FR\",\"@id\":\"https:\/\/vidistechnology.com\/#\/schema\/logo\/image\/\",\"url\":\"https:\/\/vidistechnology.com\/wp-content\/uploads\/2023\/09\/332472308_904858154051322_6295981484547826480_n.png\",\"contentUrl\":\"https:\/\/vidistechnology.com\/wp-content\/uploads\/2023\/09\/332472308_904858154051322_6295981484547826480_n.png\",\"width\":1992,\"height\":1259,\"caption\":\"Vidistechnologie\"},\"image\":{\"@id\":\"https:\/\/vidistechnology.com\/#\/schema\/logo\/image\/\"},\"sameAs\":[\"https:\/\/www.facebook.com\/profile.php?id=100089805237154\"]}]}<\/script>\n<!-- \/ Yoast SEO plugin. -->","yoast_head_json":{"title":"TFDA-STR1 - D\u00e9tecteur de fum\u00e9e et chaleur adressable - Vidistechnologie","robots":{"index":"index","follow":"follow","max-snippet":"max-snippet:-1","max-image-preview":"max-image-preview:large","max-video-preview":"max-video-preview:-1"},"canonical":"https:\/\/vidistechnology.com\/index.php\/product\/tfda-str1-detecteur-de-fumee-et-chaleur-adressable\/","og_locale":"fr_FR","og_type":"article","og_title":"TFDA-STR1 - D\u00e9tecteur de fum\u00e9e et chaleur adressable - Vidistechnologie","og_description":"D\u00e9tecteur Combo 2T adressable, compos\u00e9 de 2 sections ind\u00e9pendantes, un d\u00e9tecteur de fum\u00e9e optique et d\u2019un d\u00e9tecteur thermov\u00e9locim\u00e9trique classe A1R (temp\u00e9rature de r\u00e9ponse statique 58\u00b0C) Le fonctionnement est supervis\u00e9 par un microprocesseur. L\u2019algorithme utilis\u00e9 garantit les meilleures fonctionnalit\u00e9s de d\u00e9tection et une grande pr\u00e9cision de l\u2019analyse densim\u00e9trique de la fum\u00e9e captur\u00e9e par la chambre deRead More","og_url":"https:\/\/vidistechnology.com\/index.php\/product\/tfda-str1-detecteur-de-fumee-et-chaleur-adressable\/","og_site_name":"Vidistechnologie","article_publisher":"https:\/\/www.facebook.com\/profile.php?id=100089805237154","article_modified_time":"2023-11-04T19:05:54+00:00","og_image":[{"width":1024,"height":1024,"url":"https:\/\/vidistechnology.com\/wp-content\/uploads\/2023\/11\/TF3TFDASTR1-TFDA-STR1_06_11_2014_10_43.png","type":"image\/png"}],"twitter_card":"summary_large_image","twitter_misc":{"Dur\u00e9e de lecture estim\u00e9e":"1 minute"},"schema":{"@context":"https:\/\/schema.org","@graph":[{"@type":"WebPage","@id":"https:\/\/vidistechnology.com\/index.php\/product\/tfda-str1-detecteur-de-fumee-et-chaleur-adressable\/","url":"https:\/\/vidistechnology.com\/index.php\/product\/tfda-str1-detecteur-de-fumee-et-chaleur-adressable\/","name":"TFDA-STR1 - D\u00e9tecteur de fum\u00e9e et chaleur adressable - Vidistechnologie","isPartOf":{"@id":"https:\/\/vidistechnology.com\/#website"},"datePublished":"2023-11-04T19:05:53+00:00","dateModified":"2023-11-04T19:05:54+00:00","breadcrumb":{"@id":"https:\/\/vidistechnology.com\/index.php\/product\/tfda-str1-detecteur-de-fumee-et-chaleur-adressable\/#breadcrumb"},"inLanguage":"fr-FR","potentialAction":[{"@type":"ReadAction","target":["https:\/\/vidistechnology.com\/index.php\/product\/tfda-str1-detecteur-de-fumee-et-chaleur-adressable\/"]}]},{"@type":"BreadcrumbList","@id":"https:\/\/vidistechnology.com\/index.php\/product\/tfda-str1-detecteur-de-fumee-et-chaleur-adressable\/#breadcrumb","itemListElement":[{"@type":"ListItem","position":1,"name":"Accueil","item":"https:\/\/vidistechnology.com\/"},{"@type":"ListItem","position":2,"name":"produits","item":"https:\/\/vidistechnology.com\/index.php\/shop-2\/"},{"@type":"ListItem","position":3,"name":"TFDA-STR1 &#8211; D\u00e9tecteur de fum\u00e9e et chaleur adressable"}]},{"@type":"WebSite","@id":"https:\/\/vidistechnology.com\/#website","url":"https:\/\/vidistechnology.com\/","name":"Vidistechnologie","description":"","publisher":{"@id":"https:\/\/vidistechnology.com\/#organization"},"potentialAction":[{"@type":"SearchAction","target":{"@type":"EntryPoint","urlTemplate":"https:\/\/vidistechnology.com\/?s={search_term_string}"},"query-input":"required name=search_term_string"}],"inLanguage":"fr-FR"},{"@type":"Organization","@id":"https:\/\/vidistechnology.com\/#organization","name":"Vidistechnologie","url":"https:\/\/vidistechnology.com\/","logo":{"@type":"ImageObject","inLanguage":"fr-FR","@id":"https:\/\/vidistechnology.com\/#\/schema\/logo\/image\/","url":"https:\/\/vidistechnology.com\/wp-content\/uploads\/2023\/09\/332472308_904858154051322_6295981484547826480_n.png","contentUrl":"https:\/\/vidistechnology.com\/wp-content\/uploads\/2023\/09\/332472308_904858154051322_6295981484547826480_n.png","width":1992,"height":1259,"caption":"Vidistechnologie"},"image":{"@id":"https:\/\/vidistechnology.com\/#\/schema\/logo\/image\/"},"sameAs":["https:\/\/www.facebook.com\/profile.php?id=100089805237154"]}]}},"_links":{"self":[{"href":"https:\/\/vidistechnology.com\/index.php\/wp-json\/wp\/v2\/product\/4532","targetHints":{"allow":["GET"]}}],"collection":[{"href":"https:\/\/vidistechnology.com\/index.php\/wp-json\/wp\/v2\/product"}],"about":[{"href":"https:\/\/vidistechnology.com\/index.php\/wp-json\/wp\/v2\/types\/product"}],"version-history":[{"count":1,"href":"https:\/\/vidistechnology.com\/index.php\/wp-json\/wp\/v2\/product\/4532\/revisions"}],"predecessor-version":[{"id":4534,"href":"https:\/\/vidistechnology.com\/index.php\/wp-json\/wp\/v2\/product\/4532\/revisions\/4534"}],"wp:featuredmedia":[{"embeddable":true,"href":"https:\/\/vidistechnology.com\/index.php\/wp-json\/wp\/v2\/media\/4533"}],"wp:attachment":[{"href":"https:\/\/vidistechnology.com\/index.php\/wp-json\/wp\/v2\/media?parent=4532"}],"wp:term":[{"taxonomy":"product_cat","embeddable":true,"href":"https:\/\/vidistechnology.com\/index.php\/wp-json\/wp\/v2\/product_cat?post=4532"},{"taxonomy":"product_tag","embeddable":true,"href":"https:\/\/vidistechnology.com\/index.php\/wp-json\/wp\/v2\/product_tag?post=4532"}],"curies":[{"name":"wp","href":"https:\/\/api.w.org\/{rel}","templated":true}]}}