{"id":4529,"date":"2023-11-04T19:04:35","date_gmt":"2023-11-04T19:04:35","guid":{"rendered":"https:\/\/vidistechnology.com\/?post_type=product&#038;p=4529"},"modified":"2023-11-04T19:04:36","modified_gmt":"2023-11-04T19:04:36","slug":"tfda-tr1-detecteur-de-chaleur-adressable","status":"publish","type":"product","link":"https:\/\/vidistechnology.com\/index.php\/product\/tfda-tr1-detecteur-de-chaleur-adressable\/","title":{"rendered":"TFDA-TR1 &#8211; D\u00e9tecteur de chaleur adressable"},"content":{"rendered":"<p>D\u00e9tecteur thermov\u00e9locim\u00e9trique adressable avec classe et suffixe programmable Le fonctionnement est supervis\u00e9 par un microprocesseur. L\u2019algorithme utilis\u00e9 garantit les meilleures fonctionnalit\u00e9s de d\u00e9tection de la temp\u00e9rature ambiante. Fonctions programmables: classe thermique A1, A2 ou B (temp\u00e9rature de r\u00e9ponse statique d\u00e9pendant de la classe programm\u00e9e), suffixe S ou R, LED de signalisation pour la communication de donn\u00e9es pouvant \u00eatre exclue &#8211; Actionneur pour test de connexion \u00e9lectrique int\u00e9gr\u00e9 &#8211; Technologie RSC\u00ae int\u00e9gr\u00e9e: programmation, gestion \u00e0 distance de tous les param\u00e8tres de fonctionnement &#8211; 2 LED de signalisation visible \u00e0 360\u00b0 &#8211; Double isolateur de boucle &#8211; Connexion \u00e0 la boucle &#8211; Protocole propri\u00e9taire grande vitesse Fire-Speed &#8211; Protocole propri\u00e9taire grande vitesse Fire-Speed &#8211; Montage sur base universelle TFBASE01 &#8211; IP22 &#8211; Bo\u00eetier en ABS V0 &#8211; Dimensions (\u00d8 x H) 100 x 52mm (base de montage non incluse) &#8211; Couleur blanc EN 54-5: 2000 + A1: 2002 &#8211; EN 54-17: 2005 &#8211; Num\u00e9ro de certification 1293-CPR-0526<\/p>\n","protected":false},"excerpt":{"rendered":"<p>D\u00e9tecteur thermov\u00e9locim\u00e9trique adressable avec classe et suffixe programmable Le fonctionnement est supervis\u00e9 par un microprocesseur. L\u2019algorithme utilis\u00e9 garantit les meilleures fonctionnalit\u00e9s de d\u00e9tection de la temp\u00e9rature ambiante. Fonctions programmables: classe thermique A1, A2 ou B (temp\u00e9rature de r\u00e9ponse statique d\u00e9pendant de la classe programm\u00e9e), suffixe S ou R, LED de signalisation pour la communication de<\/p>\n<div class=\"klb-readmore button\"><a class=\"btn link\" href=\"https:\/\/vidistechnology.com\/index.php\/product\/tfda-tr1-detecteur-de-chaleur-adressable\/\">Read More <i class=\"klbth-icon-right-arrow\"><\/i><\/a><\/div>\n","protected":false},"featured_media":4530,"template":"","meta":[],"product_cat":[202],"product_tag":[],"class_list":["post-4529","product","type-product","status-publish","has-post-thumbnail","hentry","product_cat-detection-incendie"],"yoast_head":"<!-- This site is optimized with the Yoast SEO plugin v21.5 - https:\/\/yoast.com\/wordpress\/plugins\/seo\/ -->\n<title>TFDA-TR1 - D\u00e9tecteur de chaleur adressable - Vidistechnologie<\/title>\n<meta name=\"robots\" content=\"index, follow, max-snippet:-1, max-image-preview:large, max-video-preview:-1\" \/>\n<link rel=\"canonical\" href=\"http:\/\/vidistechnology.com\/index.php\/product\/tfda-tr1-detecteur-de-chaleur-adressable\/\" \/>\n<meta property=\"og:locale\" content=\"fr_FR\" \/>\n<meta property=\"og:type\" content=\"article\" \/>\n<meta property=\"og:title\" content=\"TFDA-TR1 - D\u00e9tecteur de chaleur adressable - Vidistechnologie\" \/>\n<meta property=\"og:description\" content=\"D\u00e9tecteur thermov\u00e9locim\u00e9trique adressable avec classe et suffixe programmable Le fonctionnement est supervis\u00e9 par un microprocesseur. L\u2019algorithme utilis\u00e9 garantit les meilleures fonctionnalit\u00e9s de d\u00e9tection de la temp\u00e9rature ambiante. Fonctions programmables: classe thermique A1, A2 ou B (temp\u00e9rature de r\u00e9ponse statique d\u00e9pendant de la classe programm\u00e9e), suffixe S ou R, LED de signalisation pour la communication deRead More\" \/>\n<meta property=\"og:url\" content=\"http:\/\/vidistechnology.com\/index.php\/product\/tfda-tr1-detecteur-de-chaleur-adressable\/\" \/>\n<meta property=\"og:site_name\" content=\"Vidistechnologie\" \/>\n<meta property=\"article:publisher\" content=\"https:\/\/www.facebook.com\/profile.php?id=100089805237154\" \/>\n<meta property=\"article:modified_time\" content=\"2023-11-04T19:04:36+00:00\" \/>\n<meta property=\"og:image\" content=\"http:\/\/vidistechnology.com\/wp-content\/uploads\/2023\/11\/TFDA-TR1-TF3TFDATR1_prospettiva_1024x1024_30_03_2021_20_56.png\" \/>\n\t<meta property=\"og:image:width\" content=\"1024\" \/>\n\t<meta property=\"og:image:height\" content=\"1024\" \/>\n\t<meta property=\"og:image:type\" content=\"image\/png\" \/>\n<meta name=\"twitter:card\" content=\"summary_large_image\" \/>\n<meta name=\"twitter:label1\" content=\"Dur\u00e9e de lecture estim\u00e9e\" \/>\n\t<meta name=\"twitter:data1\" content=\"1 minute\" \/>\n<script type=\"application\/ld+json\" class=\"yoast-schema-graph\">{\"@context\":\"https:\/\/schema.org\",\"@graph\":[{\"@type\":\"WebPage\",\"@id\":\"http:\/\/vidistechnology.com\/index.php\/product\/tfda-tr1-detecteur-de-chaleur-adressable\/\",\"url\":\"http:\/\/vidistechnology.com\/index.php\/product\/tfda-tr1-detecteur-de-chaleur-adressable\/\",\"name\":\"TFDA-TR1 - D\u00e9tecteur de chaleur adressable - Vidistechnologie\",\"isPartOf\":{\"@id\":\"https:\/\/vidistechnology.com\/#website\"},\"datePublished\":\"2023-11-04T19:04:35+00:00\",\"dateModified\":\"2023-11-04T19:04:36+00:00\",\"breadcrumb\":{\"@id\":\"http:\/\/vidistechnology.com\/index.php\/product\/tfda-tr1-detecteur-de-chaleur-adressable\/#breadcrumb\"},\"inLanguage\":\"fr-FR\",\"potentialAction\":[{\"@type\":\"ReadAction\",\"target\":[\"http:\/\/vidistechnology.com\/index.php\/product\/tfda-tr1-detecteur-de-chaleur-adressable\/\"]}]},{\"@type\":\"BreadcrumbList\",\"@id\":\"http:\/\/vidistechnology.com\/index.php\/product\/tfda-tr1-detecteur-de-chaleur-adressable\/#breadcrumb\",\"itemListElement\":[{\"@type\":\"ListItem\",\"position\":1,\"name\":\"Accueil\",\"item\":\"https:\/\/vidistechnology.com\/\"},{\"@type\":\"ListItem\",\"position\":2,\"name\":\"produits\",\"item\":\"https:\/\/vidistechnology.com\/index.php\/shop-2\/\"},{\"@type\":\"ListItem\",\"position\":3,\"name\":\"TFDA-TR1 &#8211; D\u00e9tecteur de chaleur adressable\"}]},{\"@type\":\"WebSite\",\"@id\":\"https:\/\/vidistechnology.com\/#website\",\"url\":\"https:\/\/vidistechnology.com\/\",\"name\":\"Vidistechnologie\",\"description\":\"\",\"publisher\":{\"@id\":\"https:\/\/vidistechnology.com\/#organization\"},\"potentialAction\":[{\"@type\":\"SearchAction\",\"target\":{\"@type\":\"EntryPoint\",\"urlTemplate\":\"https:\/\/vidistechnology.com\/?s={search_term_string}\"},\"query-input\":\"required name=search_term_string\"}],\"inLanguage\":\"fr-FR\"},{\"@type\":\"Organization\",\"@id\":\"https:\/\/vidistechnology.com\/#organization\",\"name\":\"Vidistechnologie\",\"url\":\"https:\/\/vidistechnology.com\/\",\"logo\":{\"@type\":\"ImageObject\",\"inLanguage\":\"fr-FR\",\"@id\":\"https:\/\/vidistechnology.com\/#\/schema\/logo\/image\/\",\"url\":\"https:\/\/vidistechnology.com\/wp-content\/uploads\/2023\/09\/332472308_904858154051322_6295981484547826480_n.png\",\"contentUrl\":\"https:\/\/vidistechnology.com\/wp-content\/uploads\/2023\/09\/332472308_904858154051322_6295981484547826480_n.png\",\"width\":1992,\"height\":1259,\"caption\":\"Vidistechnologie\"},\"image\":{\"@id\":\"https:\/\/vidistechnology.com\/#\/schema\/logo\/image\/\"},\"sameAs\":[\"https:\/\/www.facebook.com\/profile.php?id=100089805237154\"]}]}<\/script>\n<!-- \/ Yoast SEO plugin. -->","yoast_head_json":{"title":"TFDA-TR1 - D\u00e9tecteur de chaleur adressable - Vidistechnologie","robots":{"index":"index","follow":"follow","max-snippet":"max-snippet:-1","max-image-preview":"max-image-preview:large","max-video-preview":"max-video-preview:-1"},"canonical":"http:\/\/vidistechnology.com\/index.php\/product\/tfda-tr1-detecteur-de-chaleur-adressable\/","og_locale":"fr_FR","og_type":"article","og_title":"TFDA-TR1 - D\u00e9tecteur de chaleur adressable - Vidistechnologie","og_description":"D\u00e9tecteur thermov\u00e9locim\u00e9trique adressable avec classe et suffixe programmable Le fonctionnement est supervis\u00e9 par un microprocesseur. L\u2019algorithme utilis\u00e9 garantit les meilleures fonctionnalit\u00e9s de d\u00e9tection de la temp\u00e9rature ambiante. Fonctions programmables: classe thermique A1, A2 ou B (temp\u00e9rature de r\u00e9ponse statique d\u00e9pendant de la classe programm\u00e9e), suffixe S ou R, LED de signalisation pour la communication deRead More","og_url":"http:\/\/vidistechnology.com\/index.php\/product\/tfda-tr1-detecteur-de-chaleur-adressable\/","og_site_name":"Vidistechnologie","article_publisher":"https:\/\/www.facebook.com\/profile.php?id=100089805237154","article_modified_time":"2023-11-04T19:04:36+00:00","og_image":[{"width":1024,"height":1024,"url":"http:\/\/vidistechnology.com\/wp-content\/uploads\/2023\/11\/TFDA-TR1-TF3TFDATR1_prospettiva_1024x1024_30_03_2021_20_56.png","type":"image\/png"}],"twitter_card":"summary_large_image","twitter_misc":{"Dur\u00e9e de lecture estim\u00e9e":"1 minute"},"schema":{"@context":"https:\/\/schema.org","@graph":[{"@type":"WebPage","@id":"http:\/\/vidistechnology.com\/index.php\/product\/tfda-tr1-detecteur-de-chaleur-adressable\/","url":"http:\/\/vidistechnology.com\/index.php\/product\/tfda-tr1-detecteur-de-chaleur-adressable\/","name":"TFDA-TR1 - D\u00e9tecteur de chaleur adressable - Vidistechnologie","isPartOf":{"@id":"https:\/\/vidistechnology.com\/#website"},"datePublished":"2023-11-04T19:04:35+00:00","dateModified":"2023-11-04T19:04:36+00:00","breadcrumb":{"@id":"http:\/\/vidistechnology.com\/index.php\/product\/tfda-tr1-detecteur-de-chaleur-adressable\/#breadcrumb"},"inLanguage":"fr-FR","potentialAction":[{"@type":"ReadAction","target":["http:\/\/vidistechnology.com\/index.php\/product\/tfda-tr1-detecteur-de-chaleur-adressable\/"]}]},{"@type":"BreadcrumbList","@id":"http:\/\/vidistechnology.com\/index.php\/product\/tfda-tr1-detecteur-de-chaleur-adressable\/#breadcrumb","itemListElement":[{"@type":"ListItem","position":1,"name":"Accueil","item":"https:\/\/vidistechnology.com\/"},{"@type":"ListItem","position":2,"name":"produits","item":"https:\/\/vidistechnology.com\/index.php\/shop-2\/"},{"@type":"ListItem","position":3,"name":"TFDA-TR1 &#8211; D\u00e9tecteur de chaleur adressable"}]},{"@type":"WebSite","@id":"https:\/\/vidistechnology.com\/#website","url":"https:\/\/vidistechnology.com\/","name":"Vidistechnologie","description":"","publisher":{"@id":"https:\/\/vidistechnology.com\/#organization"},"potentialAction":[{"@type":"SearchAction","target":{"@type":"EntryPoint","urlTemplate":"https:\/\/vidistechnology.com\/?s={search_term_string}"},"query-input":"required name=search_term_string"}],"inLanguage":"fr-FR"},{"@type":"Organization","@id":"https:\/\/vidistechnology.com\/#organization","name":"Vidistechnologie","url":"https:\/\/vidistechnology.com\/","logo":{"@type":"ImageObject","inLanguage":"fr-FR","@id":"https:\/\/vidistechnology.com\/#\/schema\/logo\/image\/","url":"https:\/\/vidistechnology.com\/wp-content\/uploads\/2023\/09\/332472308_904858154051322_6295981484547826480_n.png","contentUrl":"https:\/\/vidistechnology.com\/wp-content\/uploads\/2023\/09\/332472308_904858154051322_6295981484547826480_n.png","width":1992,"height":1259,"caption":"Vidistechnologie"},"image":{"@id":"https:\/\/vidistechnology.com\/#\/schema\/logo\/image\/"},"sameAs":["https:\/\/www.facebook.com\/profile.php?id=100089805237154"]}]}},"_links":{"self":[{"href":"https:\/\/vidistechnology.com\/index.php\/wp-json\/wp\/v2\/product\/4529","targetHints":{"allow":["GET"]}}],"collection":[{"href":"https:\/\/vidistechnology.com\/index.php\/wp-json\/wp\/v2\/product"}],"about":[{"href":"https:\/\/vidistechnology.com\/index.php\/wp-json\/wp\/v2\/types\/product"}],"version-history":[{"count":1,"href":"https:\/\/vidistechnology.com\/index.php\/wp-json\/wp\/v2\/product\/4529\/revisions"}],"predecessor-version":[{"id":4531,"href":"https:\/\/vidistechnology.com\/index.php\/wp-json\/wp\/v2\/product\/4529\/revisions\/4531"}],"wp:featuredmedia":[{"embeddable":true,"href":"https:\/\/vidistechnology.com\/index.php\/wp-json\/wp\/v2\/media\/4530"}],"wp:attachment":[{"href":"https:\/\/vidistechnology.com\/index.php\/wp-json\/wp\/v2\/media?parent=4529"}],"wp:term":[{"taxonomy":"product_cat","embeddable":true,"href":"https:\/\/vidistechnology.com\/index.php\/wp-json\/wp\/v2\/product_cat?post=4529"},{"taxonomy":"product_tag","embeddable":true,"href":"https:\/\/vidistechnology.com\/index.php\/wp-json\/wp\/v2\/product_tag?post=4529"}],"curies":[{"name":"wp","href":"https:\/\/api.w.org\/{rel}","templated":true}]}}