{"id":4520,"date":"2023-11-04T18:53:34","date_gmt":"2023-11-04T18:53:34","guid":{"rendered":"https:\/\/vidistechnology.com\/?post_type=product&#038;p=4520"},"modified":"2023-11-04T18:53:34","modified_gmt":"2023-11-04T18:53:34","slug":"tft-7s-panneau-repetiteur-et-gestion-des-plans","status":"publish","type":"product","link":"https:\/\/vidistechnology.com\/index.php\/product\/tft-7s-panneau-repetiteur-et-gestion-des-plans\/","title":{"rendered":"TFT-7S &#8211; Panneau r\u00e9p\u00e9titeur et gestion des plans"},"content":{"rendered":"<p>Panneau r\u00e9p\u00e9titeur avec la gestion des plans Il pr\u00e9sente les m\u00eames caract\u00e9ristiques du panneau TFT-7 tout en impl\u00e9mentant la gestion interactive des plans. Le panneau r\u00e9p\u00e9titeur g\u00e8re jusqu\u2019\u00e0 32 plans qui sont visualis\u00e9s selon diff\u00e9rents \u00e9tats de fonctionnement. Sur chaque plan il est possible de positionner un total de 32 ic\u00f4nes qui sont associ\u00e9es aux dispositifs du syst\u00e8me ou qui fonctionnent comme une touche de navigation. En cas d\u2019alarme, le plan qui identifie l\u2019emplacement d\u2019origine de l\u2019alarme est automatiquement visualis\u00e9. Connexion s\u00e9riel RS485 &#8211; Montage en surface ou encastr\u00e9 &#8211; Design raffin\u00e9 ultramince &#8211; Bo\u00eetier en ABS V0 &#8211; IP40<\/p>\n","protected":false},"excerpt":{"rendered":"<p>Panneau r\u00e9p\u00e9titeur avec la gestion des plans Il pr\u00e9sente les m\u00eames caract\u00e9ristiques du panneau TFT-7 tout en impl\u00e9mentant la gestion interactive des plans. Le panneau r\u00e9p\u00e9titeur g\u00e8re jusqu\u2019\u00e0 32 plans qui sont visualis\u00e9s selon diff\u00e9rents \u00e9tats de fonctionnement. Sur chaque plan il est possible de positionner un total de 32 ic\u00f4nes qui sont associ\u00e9es aux<\/p>\n<div class=\"klb-readmore button\"><a class=\"btn link\" href=\"https:\/\/vidistechnology.com\/index.php\/product\/tft-7s-panneau-repetiteur-et-gestion-des-plans\/\">Read More <i class=\"klbth-icon-right-arrow\"><\/i><\/a><\/div>\n","protected":false},"featured_media":4521,"template":"","meta":[],"product_cat":[202],"product_tag":[],"class_list":["post-4520","product","type-product","status-publish","has-post-thumbnail","hentry","product_cat-detection-incendie"],"yoast_head":"<!-- This site is optimized with the Yoast SEO plugin v21.5 - https:\/\/yoast.com\/wordpress\/plugins\/seo\/ -->\n<title>TFT-7S - Panneau r\u00e9p\u00e9titeur et gestion des plans - Vidistechnologie<\/title>\n<meta name=\"robots\" content=\"index, follow, max-snippet:-1, max-image-preview:large, max-video-preview:-1\" \/>\n<link rel=\"canonical\" href=\"http:\/\/vidistechnology.com\/index.php\/product\/tft-7s-panneau-repetiteur-et-gestion-des-plans\/\" \/>\n<meta property=\"og:locale\" content=\"fr_FR\" \/>\n<meta property=\"og:type\" content=\"article\" \/>\n<meta property=\"og:title\" content=\"TFT-7S - Panneau r\u00e9p\u00e9titeur et gestion des plans - Vidistechnologie\" \/>\n<meta property=\"og:description\" content=\"Panneau r\u00e9p\u00e9titeur avec la gestion des plans Il pr\u00e9sente les m\u00eames caract\u00e9ristiques du panneau TFT-7 tout en impl\u00e9mentant la gestion interactive des plans. Le panneau r\u00e9p\u00e9titeur g\u00e8re jusqu\u2019\u00e0 32 plans qui sont visualis\u00e9s selon diff\u00e9rents \u00e9tats de fonctionnement. Sur chaque plan il est possible de positionner un total de 32 ic\u00f4nes qui sont associ\u00e9es auxRead More\" \/>\n<meta property=\"og:url\" content=\"http:\/\/vidistechnology.com\/index.php\/product\/tft-7s-panneau-repetiteur-et-gestion-des-plans\/\" \/>\n<meta property=\"og:site_name\" content=\"Vidistechnologie\" \/>\n<meta property=\"article:publisher\" content=\"https:\/\/www.facebook.com\/profile.php?id=100089805237154\" \/>\n<meta property=\"og:image\" content=\"http:\/\/vidistechnology.com\/wp-content\/uploads\/2023\/11\/TFT7S_27_04_2017_15_27.png\" \/>\n\t<meta property=\"og:image:width\" content=\"1024\" \/>\n\t<meta property=\"og:image:height\" content=\"1024\" \/>\n\t<meta property=\"og:image:type\" content=\"image\/png\" \/>\n<meta name=\"twitter:card\" content=\"summary_large_image\" \/>\n<meta name=\"twitter:label1\" content=\"Dur\u00e9e de lecture estim\u00e9e\" \/>\n\t<meta name=\"twitter:data1\" content=\"1 minute\" \/>\n<script type=\"application\/ld+json\" class=\"yoast-schema-graph\">{\"@context\":\"https:\/\/schema.org\",\"@graph\":[{\"@type\":\"WebPage\",\"@id\":\"http:\/\/vidistechnology.com\/index.php\/product\/tft-7s-panneau-repetiteur-et-gestion-des-plans\/\",\"url\":\"http:\/\/vidistechnology.com\/index.php\/product\/tft-7s-panneau-repetiteur-et-gestion-des-plans\/\",\"name\":\"TFT-7S - Panneau r\u00e9p\u00e9titeur et gestion des plans - Vidistechnologie\",\"isPartOf\":{\"@id\":\"https:\/\/vidistechnology.com\/#website\"},\"datePublished\":\"2023-11-04T18:53:34+00:00\",\"dateModified\":\"2023-11-04T18:53:34+00:00\",\"breadcrumb\":{\"@id\":\"http:\/\/vidistechnology.com\/index.php\/product\/tft-7s-panneau-repetiteur-et-gestion-des-plans\/#breadcrumb\"},\"inLanguage\":\"fr-FR\",\"potentialAction\":[{\"@type\":\"ReadAction\",\"target\":[\"http:\/\/vidistechnology.com\/index.php\/product\/tft-7s-panneau-repetiteur-et-gestion-des-plans\/\"]}]},{\"@type\":\"BreadcrumbList\",\"@id\":\"http:\/\/vidistechnology.com\/index.php\/product\/tft-7s-panneau-repetiteur-et-gestion-des-plans\/#breadcrumb\",\"itemListElement\":[{\"@type\":\"ListItem\",\"position\":1,\"name\":\"Accueil\",\"item\":\"https:\/\/vidistechnology.com\/\"},{\"@type\":\"ListItem\",\"position\":2,\"name\":\"produits\",\"item\":\"https:\/\/vidistechnology.com\/index.php\/shop-2\/\"},{\"@type\":\"ListItem\",\"position\":3,\"name\":\"TFT-7S &#8211; Panneau r\u00e9p\u00e9titeur et gestion des plans\"}]},{\"@type\":\"WebSite\",\"@id\":\"https:\/\/vidistechnology.com\/#website\",\"url\":\"https:\/\/vidistechnology.com\/\",\"name\":\"Vidistechnologie\",\"description\":\"\",\"publisher\":{\"@id\":\"https:\/\/vidistechnology.com\/#organization\"},\"potentialAction\":[{\"@type\":\"SearchAction\",\"target\":{\"@type\":\"EntryPoint\",\"urlTemplate\":\"https:\/\/vidistechnology.com\/?s={search_term_string}\"},\"query-input\":\"required name=search_term_string\"}],\"inLanguage\":\"fr-FR\"},{\"@type\":\"Organization\",\"@id\":\"https:\/\/vidistechnology.com\/#organization\",\"name\":\"Vidistechnologie\",\"url\":\"https:\/\/vidistechnology.com\/\",\"logo\":{\"@type\":\"ImageObject\",\"inLanguage\":\"fr-FR\",\"@id\":\"https:\/\/vidistechnology.com\/#\/schema\/logo\/image\/\",\"url\":\"https:\/\/vidistechnology.com\/wp-content\/uploads\/2023\/09\/332472308_904858154051322_6295981484547826480_n.png\",\"contentUrl\":\"https:\/\/vidistechnology.com\/wp-content\/uploads\/2023\/09\/332472308_904858154051322_6295981484547826480_n.png\",\"width\":1992,\"height\":1259,\"caption\":\"Vidistechnologie\"},\"image\":{\"@id\":\"https:\/\/vidistechnology.com\/#\/schema\/logo\/image\/\"},\"sameAs\":[\"https:\/\/www.facebook.com\/profile.php?id=100089805237154\"]}]}<\/script>\n<!-- \/ Yoast SEO plugin. -->","yoast_head_json":{"title":"TFT-7S - Panneau r\u00e9p\u00e9titeur et gestion des plans - Vidistechnologie","robots":{"index":"index","follow":"follow","max-snippet":"max-snippet:-1","max-image-preview":"max-image-preview:large","max-video-preview":"max-video-preview:-1"},"canonical":"http:\/\/vidistechnology.com\/index.php\/product\/tft-7s-panneau-repetiteur-et-gestion-des-plans\/","og_locale":"fr_FR","og_type":"article","og_title":"TFT-7S - Panneau r\u00e9p\u00e9titeur et gestion des plans - Vidistechnologie","og_description":"Panneau r\u00e9p\u00e9titeur avec la gestion des plans Il pr\u00e9sente les m\u00eames caract\u00e9ristiques du panneau TFT-7 tout en impl\u00e9mentant la gestion interactive des plans. Le panneau r\u00e9p\u00e9titeur g\u00e8re jusqu\u2019\u00e0 32 plans qui sont visualis\u00e9s selon diff\u00e9rents \u00e9tats de fonctionnement. Sur chaque plan il est possible de positionner un total de 32 ic\u00f4nes qui sont associ\u00e9es auxRead More","og_url":"http:\/\/vidistechnology.com\/index.php\/product\/tft-7s-panneau-repetiteur-et-gestion-des-plans\/","og_site_name":"Vidistechnologie","article_publisher":"https:\/\/www.facebook.com\/profile.php?id=100089805237154","og_image":[{"width":1024,"height":1024,"url":"http:\/\/vidistechnology.com\/wp-content\/uploads\/2023\/11\/TFT7S_27_04_2017_15_27.png","type":"image\/png"}],"twitter_card":"summary_large_image","twitter_misc":{"Dur\u00e9e de lecture estim\u00e9e":"1 minute"},"schema":{"@context":"https:\/\/schema.org","@graph":[{"@type":"WebPage","@id":"http:\/\/vidistechnology.com\/index.php\/product\/tft-7s-panneau-repetiteur-et-gestion-des-plans\/","url":"http:\/\/vidistechnology.com\/index.php\/product\/tft-7s-panneau-repetiteur-et-gestion-des-plans\/","name":"TFT-7S - Panneau r\u00e9p\u00e9titeur et gestion des plans - Vidistechnologie","isPartOf":{"@id":"https:\/\/vidistechnology.com\/#website"},"datePublished":"2023-11-04T18:53:34+00:00","dateModified":"2023-11-04T18:53:34+00:00","breadcrumb":{"@id":"http:\/\/vidistechnology.com\/index.php\/product\/tft-7s-panneau-repetiteur-et-gestion-des-plans\/#breadcrumb"},"inLanguage":"fr-FR","potentialAction":[{"@type":"ReadAction","target":["http:\/\/vidistechnology.com\/index.php\/product\/tft-7s-panneau-repetiteur-et-gestion-des-plans\/"]}]},{"@type":"BreadcrumbList","@id":"http:\/\/vidistechnology.com\/index.php\/product\/tft-7s-panneau-repetiteur-et-gestion-des-plans\/#breadcrumb","itemListElement":[{"@type":"ListItem","position":1,"name":"Accueil","item":"https:\/\/vidistechnology.com\/"},{"@type":"ListItem","position":2,"name":"produits","item":"https:\/\/vidistechnology.com\/index.php\/shop-2\/"},{"@type":"ListItem","position":3,"name":"TFT-7S &#8211; Panneau r\u00e9p\u00e9titeur et gestion des plans"}]},{"@type":"WebSite","@id":"https:\/\/vidistechnology.com\/#website","url":"https:\/\/vidistechnology.com\/","name":"Vidistechnologie","description":"","publisher":{"@id":"https:\/\/vidistechnology.com\/#organization"},"potentialAction":[{"@type":"SearchAction","target":{"@type":"EntryPoint","urlTemplate":"https:\/\/vidistechnology.com\/?s={search_term_string}"},"query-input":"required name=search_term_string"}],"inLanguage":"fr-FR"},{"@type":"Organization","@id":"https:\/\/vidistechnology.com\/#organization","name":"Vidistechnologie","url":"https:\/\/vidistechnology.com\/","logo":{"@type":"ImageObject","inLanguage":"fr-FR","@id":"https:\/\/vidistechnology.com\/#\/schema\/logo\/image\/","url":"https:\/\/vidistechnology.com\/wp-content\/uploads\/2023\/09\/332472308_904858154051322_6295981484547826480_n.png","contentUrl":"https:\/\/vidistechnology.com\/wp-content\/uploads\/2023\/09\/332472308_904858154051322_6295981484547826480_n.png","width":1992,"height":1259,"caption":"Vidistechnologie"},"image":{"@id":"https:\/\/vidistechnology.com\/#\/schema\/logo\/image\/"},"sameAs":["https:\/\/www.facebook.com\/profile.php?id=100089805237154"]}]}},"_links":{"self":[{"href":"https:\/\/vidistechnology.com\/index.php\/wp-json\/wp\/v2\/product\/4520","targetHints":{"allow":["GET"]}}],"collection":[{"href":"https:\/\/vidistechnology.com\/index.php\/wp-json\/wp\/v2\/product"}],"about":[{"href":"https:\/\/vidistechnology.com\/index.php\/wp-json\/wp\/v2\/types\/product"}],"version-history":[{"count":1,"href":"https:\/\/vidistechnology.com\/index.php\/wp-json\/wp\/v2\/product\/4520\/revisions"}],"predecessor-version":[{"id":4522,"href":"https:\/\/vidistechnology.com\/index.php\/wp-json\/wp\/v2\/product\/4520\/revisions\/4522"}],"wp:featuredmedia":[{"embeddable":true,"href":"https:\/\/vidistechnology.com\/index.php\/wp-json\/wp\/v2\/media\/4521"}],"wp:attachment":[{"href":"https:\/\/vidistechnology.com\/index.php\/wp-json\/wp\/v2\/media?parent=4520"}],"wp:term":[{"taxonomy":"product_cat","embeddable":true,"href":"https:\/\/vidistechnology.com\/index.php\/wp-json\/wp\/v2\/product_cat?post=4520"},{"taxonomy":"product_tag","embeddable":true,"href":"https:\/\/vidistechnology.com\/index.php\/wp-json\/wp\/v2\/product_tag?post=4520"}],"curies":[{"name":"wp","href":"https:\/\/api.w.org\/{rel}","templated":true}]}}