{"id":4517,"date":"2023-11-04T18:52:11","date_gmt":"2023-11-04T18:52:11","guid":{"rendered":"https:\/\/vidistechnology.com\/?post_type=product&#038;p=4517"},"modified":"2023-11-04T18:52:12","modified_gmt":"2023-11-04T18:52:12","slug":"tft-7-panneau-repetiteur","status":"publish","type":"product","link":"https:\/\/vidistechnology.com\/index.php\/product\/tft-7-panneau-repetiteur\/","title":{"rendered":"TFT-7 &#8211; Panneau r\u00e9p\u00e9titeur"},"content":{"rendered":"<p>Panneau r\u00e9p\u00e9titeur dot\u00e9 d&#8217;une interface utilisateur polyvalente compos\u00e9e d\u2019un \u00e9cran TFT de 7\u2018\u2019, une fonction de synth\u00e8se vocale multilingue avec une modalit\u00e9 bilingue, un dispositif de signalisation acoustique ainsi qu\u2019une fonction Help vocale et graphique Un total de 16 panneaux r\u00e9p\u00e9titeurs peut \u00eatre distribu\u00e9 sur le syst\u00e8me. La m\u00e9moire int\u00e9gr\u00e9e Flash permet de personnaliser l\u2019interface graphique et le vocabulaire au moyen d\u2019un PC ou d\u2019un disque dur externe raccord\u00e9 au port USB. Un module logiciel sp\u00e9cifi que optionnel permet l\u2019impl\u00e9mentation de la gestion des plans. Connexion s\u00e9riel RS485 &#8211; Montage en surface ou encastr\u00e9 &#8211; Design raffin\u00e9 ultramince &#8211; Bo\u00eetier en ABS V0 &#8211; IP40 &#8211;<\/p>\n","protected":false},"excerpt":{"rendered":"<p>Panneau r\u00e9p\u00e9titeur dot\u00e9 d&#8217;une interface utilisateur polyvalente compos\u00e9e d\u2019un \u00e9cran TFT de 7\u2018\u2019, une fonction de synth\u00e8se vocale multilingue avec une modalit\u00e9 bilingue, un dispositif de signalisation acoustique ainsi qu\u2019une fonction Help vocale et graphique Un total de 16 panneaux r\u00e9p\u00e9titeurs peut \u00eatre distribu\u00e9 sur le syst\u00e8me. La m\u00e9moire int\u00e9gr\u00e9e Flash permet de personnaliser l\u2019interface<\/p>\n<div class=\"klb-readmore button\"><a class=\"btn link\" href=\"https:\/\/vidistechnology.com\/index.php\/product\/tft-7-panneau-repetiteur\/\">Read More <i class=\"klbth-icon-right-arrow\"><\/i><\/a><\/div>\n","protected":false},"featured_media":4518,"template":"","meta":[],"product_cat":[202],"product_tag":[],"class_list":["post-4517","product","type-product","status-publish","has-post-thumbnail","hentry","product_cat-detection-incendie"],"yoast_head":"<!-- This site is optimized with the Yoast SEO plugin v21.5 - https:\/\/yoast.com\/wordpress\/plugins\/seo\/ -->\n<title>TFT-7 - Panneau r\u00e9p\u00e9titeur - Vidistechnologie<\/title>\n<meta name=\"robots\" content=\"index, follow, max-snippet:-1, max-image-preview:large, max-video-preview:-1\" \/>\n<link rel=\"canonical\" href=\"http:\/\/vidistechnology.com\/index.php\/product\/tft-7-panneau-repetiteur\/\" \/>\n<meta property=\"og:locale\" content=\"fr_FR\" \/>\n<meta property=\"og:type\" content=\"article\" \/>\n<meta property=\"og:title\" content=\"TFT-7 - Panneau r\u00e9p\u00e9titeur - Vidistechnologie\" \/>\n<meta property=\"og:description\" content=\"Panneau r\u00e9p\u00e9titeur dot\u00e9 d&#8217;une interface utilisateur polyvalente compos\u00e9e d\u2019un \u00e9cran TFT de 7\u2018\u2019, une fonction de synth\u00e8se vocale multilingue avec une modalit\u00e9 bilingue, un dispositif de signalisation acoustique ainsi qu\u2019une fonction Help vocale et graphique Un total de 16 panneaux r\u00e9p\u00e9titeurs peut \u00eatre distribu\u00e9 sur le syst\u00e8me. La m\u00e9moire int\u00e9gr\u00e9e Flash permet de personnaliser l\u2019interfaceRead More\" \/>\n<meta property=\"og:url\" content=\"http:\/\/vidistechnology.com\/index.php\/product\/tft-7-panneau-repetiteur\/\" \/>\n<meta property=\"og:site_name\" content=\"Vidistechnologie\" \/>\n<meta property=\"article:publisher\" content=\"https:\/\/www.facebook.com\/profile.php?id=100089805237154\" \/>\n<meta property=\"article:modified_time\" content=\"2023-11-04T18:52:12+00:00\" \/>\n<meta property=\"og:image\" content=\"http:\/\/vidistechnology.com\/wp-content\/uploads\/2023\/11\/TFT7_27_04_2017_15_47.png\" \/>\n\t<meta property=\"og:image:width\" content=\"1024\" \/>\n\t<meta property=\"og:image:height\" content=\"1024\" \/>\n\t<meta property=\"og:image:type\" content=\"image\/png\" \/>\n<meta name=\"twitter:card\" content=\"summary_large_image\" \/>\n<meta name=\"twitter:label1\" content=\"Dur\u00e9e de lecture estim\u00e9e\" \/>\n\t<meta name=\"twitter:data1\" content=\"1 minute\" \/>\n<script type=\"application\/ld+json\" class=\"yoast-schema-graph\">{\"@context\":\"https:\/\/schema.org\",\"@graph\":[{\"@type\":\"WebPage\",\"@id\":\"http:\/\/vidistechnology.com\/index.php\/product\/tft-7-panneau-repetiteur\/\",\"url\":\"http:\/\/vidistechnology.com\/index.php\/product\/tft-7-panneau-repetiteur\/\",\"name\":\"TFT-7 - Panneau r\u00e9p\u00e9titeur - Vidistechnologie\",\"isPartOf\":{\"@id\":\"https:\/\/vidistechnology.com\/#website\"},\"datePublished\":\"2023-11-04T18:52:11+00:00\",\"dateModified\":\"2023-11-04T18:52:12+00:00\",\"breadcrumb\":{\"@id\":\"http:\/\/vidistechnology.com\/index.php\/product\/tft-7-panneau-repetiteur\/#breadcrumb\"},\"inLanguage\":\"fr-FR\",\"potentialAction\":[{\"@type\":\"ReadAction\",\"target\":[\"http:\/\/vidistechnology.com\/index.php\/product\/tft-7-panneau-repetiteur\/\"]}]},{\"@type\":\"BreadcrumbList\",\"@id\":\"http:\/\/vidistechnology.com\/index.php\/product\/tft-7-panneau-repetiteur\/#breadcrumb\",\"itemListElement\":[{\"@type\":\"ListItem\",\"position\":1,\"name\":\"Accueil\",\"item\":\"https:\/\/vidistechnology.com\/\"},{\"@type\":\"ListItem\",\"position\":2,\"name\":\"produits\",\"item\":\"https:\/\/vidistechnology.com\/index.php\/shop-2\/\"},{\"@type\":\"ListItem\",\"position\":3,\"name\":\"TFT-7 &#8211; Panneau r\u00e9p\u00e9titeur\"}]},{\"@type\":\"WebSite\",\"@id\":\"https:\/\/vidistechnology.com\/#website\",\"url\":\"https:\/\/vidistechnology.com\/\",\"name\":\"Vidistechnologie\",\"description\":\"\",\"publisher\":{\"@id\":\"https:\/\/vidistechnology.com\/#organization\"},\"potentialAction\":[{\"@type\":\"SearchAction\",\"target\":{\"@type\":\"EntryPoint\",\"urlTemplate\":\"https:\/\/vidistechnology.com\/?s={search_term_string}\"},\"query-input\":\"required name=search_term_string\"}],\"inLanguage\":\"fr-FR\"},{\"@type\":\"Organization\",\"@id\":\"https:\/\/vidistechnology.com\/#organization\",\"name\":\"Vidistechnologie\",\"url\":\"https:\/\/vidistechnology.com\/\",\"logo\":{\"@type\":\"ImageObject\",\"inLanguage\":\"fr-FR\",\"@id\":\"https:\/\/vidistechnology.com\/#\/schema\/logo\/image\/\",\"url\":\"https:\/\/vidistechnology.com\/wp-content\/uploads\/2023\/09\/332472308_904858154051322_6295981484547826480_n.png\",\"contentUrl\":\"https:\/\/vidistechnology.com\/wp-content\/uploads\/2023\/09\/332472308_904858154051322_6295981484547826480_n.png\",\"width\":1992,\"height\":1259,\"caption\":\"Vidistechnologie\"},\"image\":{\"@id\":\"https:\/\/vidistechnology.com\/#\/schema\/logo\/image\/\"},\"sameAs\":[\"https:\/\/www.facebook.com\/profile.php?id=100089805237154\"]}]}<\/script>\n<!-- \/ Yoast SEO plugin. -->","yoast_head_json":{"title":"TFT-7 - Panneau r\u00e9p\u00e9titeur - Vidistechnologie","robots":{"index":"index","follow":"follow","max-snippet":"max-snippet:-1","max-image-preview":"max-image-preview:large","max-video-preview":"max-video-preview:-1"},"canonical":"http:\/\/vidistechnology.com\/index.php\/product\/tft-7-panneau-repetiteur\/","og_locale":"fr_FR","og_type":"article","og_title":"TFT-7 - Panneau r\u00e9p\u00e9titeur - Vidistechnologie","og_description":"Panneau r\u00e9p\u00e9titeur dot\u00e9 d&#8217;une interface utilisateur polyvalente compos\u00e9e d\u2019un \u00e9cran TFT de 7\u2018\u2019, une fonction de synth\u00e8se vocale multilingue avec une modalit\u00e9 bilingue, un dispositif de signalisation acoustique ainsi qu\u2019une fonction Help vocale et graphique Un total de 16 panneaux r\u00e9p\u00e9titeurs peut \u00eatre distribu\u00e9 sur le syst\u00e8me. La m\u00e9moire int\u00e9gr\u00e9e Flash permet de personnaliser l\u2019interfaceRead More","og_url":"http:\/\/vidistechnology.com\/index.php\/product\/tft-7-panneau-repetiteur\/","og_site_name":"Vidistechnologie","article_publisher":"https:\/\/www.facebook.com\/profile.php?id=100089805237154","article_modified_time":"2023-11-04T18:52:12+00:00","og_image":[{"width":1024,"height":1024,"url":"http:\/\/vidistechnology.com\/wp-content\/uploads\/2023\/11\/TFT7_27_04_2017_15_47.png","type":"image\/png"}],"twitter_card":"summary_large_image","twitter_misc":{"Dur\u00e9e de lecture estim\u00e9e":"1 minute"},"schema":{"@context":"https:\/\/schema.org","@graph":[{"@type":"WebPage","@id":"http:\/\/vidistechnology.com\/index.php\/product\/tft-7-panneau-repetiteur\/","url":"http:\/\/vidistechnology.com\/index.php\/product\/tft-7-panneau-repetiteur\/","name":"TFT-7 - Panneau r\u00e9p\u00e9titeur - Vidistechnologie","isPartOf":{"@id":"https:\/\/vidistechnology.com\/#website"},"datePublished":"2023-11-04T18:52:11+00:00","dateModified":"2023-11-04T18:52:12+00:00","breadcrumb":{"@id":"http:\/\/vidistechnology.com\/index.php\/product\/tft-7-panneau-repetiteur\/#breadcrumb"},"inLanguage":"fr-FR","potentialAction":[{"@type":"ReadAction","target":["http:\/\/vidistechnology.com\/index.php\/product\/tft-7-panneau-repetiteur\/"]}]},{"@type":"BreadcrumbList","@id":"http:\/\/vidistechnology.com\/index.php\/product\/tft-7-panneau-repetiteur\/#breadcrumb","itemListElement":[{"@type":"ListItem","position":1,"name":"Accueil","item":"https:\/\/vidistechnology.com\/"},{"@type":"ListItem","position":2,"name":"produits","item":"https:\/\/vidistechnology.com\/index.php\/shop-2\/"},{"@type":"ListItem","position":3,"name":"TFT-7 &#8211; Panneau r\u00e9p\u00e9titeur"}]},{"@type":"WebSite","@id":"https:\/\/vidistechnology.com\/#website","url":"https:\/\/vidistechnology.com\/","name":"Vidistechnologie","description":"","publisher":{"@id":"https:\/\/vidistechnology.com\/#organization"},"potentialAction":[{"@type":"SearchAction","target":{"@type":"EntryPoint","urlTemplate":"https:\/\/vidistechnology.com\/?s={search_term_string}"},"query-input":"required name=search_term_string"}],"inLanguage":"fr-FR"},{"@type":"Organization","@id":"https:\/\/vidistechnology.com\/#organization","name":"Vidistechnologie","url":"https:\/\/vidistechnology.com\/","logo":{"@type":"ImageObject","inLanguage":"fr-FR","@id":"https:\/\/vidistechnology.com\/#\/schema\/logo\/image\/","url":"https:\/\/vidistechnology.com\/wp-content\/uploads\/2023\/09\/332472308_904858154051322_6295981484547826480_n.png","contentUrl":"https:\/\/vidistechnology.com\/wp-content\/uploads\/2023\/09\/332472308_904858154051322_6295981484547826480_n.png","width":1992,"height":1259,"caption":"Vidistechnologie"},"image":{"@id":"https:\/\/vidistechnology.com\/#\/schema\/logo\/image\/"},"sameAs":["https:\/\/www.facebook.com\/profile.php?id=100089805237154"]}]}},"_links":{"self":[{"href":"https:\/\/vidistechnology.com\/index.php\/wp-json\/wp\/v2\/product\/4517","targetHints":{"allow":["GET"]}}],"collection":[{"href":"https:\/\/vidistechnology.com\/index.php\/wp-json\/wp\/v2\/product"}],"about":[{"href":"https:\/\/vidistechnology.com\/index.php\/wp-json\/wp\/v2\/types\/product"}],"version-history":[{"count":1,"href":"https:\/\/vidistechnology.com\/index.php\/wp-json\/wp\/v2\/product\/4517\/revisions"}],"predecessor-version":[{"id":4519,"href":"https:\/\/vidistechnology.com\/index.php\/wp-json\/wp\/v2\/product\/4517\/revisions\/4519"}],"wp:featuredmedia":[{"embeddable":true,"href":"https:\/\/vidistechnology.com\/index.php\/wp-json\/wp\/v2\/media\/4518"}],"wp:attachment":[{"href":"https:\/\/vidistechnology.com\/index.php\/wp-json\/wp\/v2\/media?parent=4517"}],"wp:term":[{"taxonomy":"product_cat","embeddable":true,"href":"https:\/\/vidistechnology.com\/index.php\/wp-json\/wp\/v2\/product_cat?post=4517"},{"taxonomy":"product_tag","embeddable":true,"href":"https:\/\/vidistechnology.com\/index.php\/wp-json\/wp\/v2\/product_tag?post=4517"}],"curies":[{"name":"wp","href":"https:\/\/api.w.org\/{rel}","templated":true}]}}