{"id":4512,"date":"2023-11-04T18:46:36","date_gmt":"2023-11-04T18:46:36","guid":{"rendered":"https:\/\/vidistechnology.com\/?post_type=product&#038;p=4512"},"modified":"2023-11-04T18:55:33","modified_gmt":"2023-11-04T18:55:33","slug":"tfa2-596-centrale-adressable-2-boucles-tecnofire","status":"publish","type":"product","link":"https:\/\/vidistechnology.com\/index.php\/product\/tfa2-596-centrale-adressable-2-boucles-tecnofire\/","title":{"rendered":"TFA2-596 &#8211; Centrale adressable 2 boucles"},"content":{"rendered":"<p>Centrale de d\u00e9tection incendie adressable 2 boucles g\u00e9rant jusqu&#8217;\u00e0 596 dispositifs sur les boucles &#8211; Protocole propri\u00e9taire Fire-Speed &#8211; \u00c9cran TFT True Color 482 x 272 pixel &#8211; Haut-parleur int\u00e9gr\u00e9 avec r\u00e9glage du volume &#8211; Mode de fonctionnement programmable: local ou master\/slave &#8211; Max. 16 panneaux r\u00e9p\u00e9titeur avec \u00e9cran TFT 7&#8243; &#8211; 2 lignes s\u00e9rielles RS485 (master et slave) &#8211; 10 sorties &#8211; 300 zones programmables comme d\u00e9tection incendie ou zones techniques &#8211; 100 zones virtuelles pouvant \u00eatre utilis\u00e9es comme cat\u00e9gorie d\u2019op\u00e9ration pour les fonctions bool\u00e9ennes &#8211; 200 fonctions bool\u00e9ennes &#8211; 100 plans d\u2019alarme pouvant \u00eatre librement associ\u00e9s aux zones &#8211; 32 plages horaires pouvant \u00eatre utilis\u00e9es comme cat\u00e9gorie d\u2019op\u00e9ration &#8211; Source d\u2019alimentation \u00e0 d\u00e9coupage de 5A type Fly-back &#8211; Port USB &#8211; Port s\u00e9riel &#8211; Hub Ethernet &#8211; Protocoles internet Tecnoalarm, Contact-ID, SIA &#8211; Technologie RSC\u00ae int\u00e9gr\u00e9e: programmation et monitoring par LAN\/WAN, outils Contr\u00f4le Coh\u00e9rence Hardware, Analyse Param\u00e9trique, Device monitor et rapports correspondants EN 54-2:1997 + A1:2006 &#8211; EN 54-4:1997 + A2:2006 &#8211; Num\u00e9ro de certification 0051-CPR-0389<\/p>\n","protected":false},"excerpt":{"rendered":"<p>Centrale de d\u00e9tection incendie adressable 2 boucles g\u00e9rant jusqu&#8217;\u00e0 596 dispositifs sur les boucles &#8211; Protocole propri\u00e9taire Fire-Speed &#8211; \u00c9cran TFT True Color 482 x 272 pixel &#8211; Haut-parleur int\u00e9gr\u00e9 avec r\u00e9glage du volume &#8211; Mode de fonctionnement programmable: local ou master\/slave &#8211; Max. 16 panneaux r\u00e9p\u00e9titeur avec \u00e9cran TFT 7&#8243; &#8211; 2 lignes s\u00e9rielles<\/p>\n<div class=\"klb-readmore button\"><a class=\"btn link\" href=\"https:\/\/vidistechnology.com\/index.php\/product\/tfa2-596-centrale-adressable-2-boucles-tecnofire\/\">Read More <i class=\"klbth-icon-right-arrow\"><\/i><\/a><\/div>\n","protected":false},"featured_media":4513,"template":"","meta":[],"product_cat":[202],"product_tag":[],"class_list":["post-4512","product","type-product","status-publish","has-post-thumbnail","hentry","product_cat-detection-incendie"],"yoast_head":"<!-- This site is optimized with the Yoast SEO plugin v21.5 - https:\/\/yoast.com\/wordpress\/plugins\/seo\/ -->\n<title>TFA2-596 - Centrale adressable 2 boucles - Vidistechnologie<\/title>\n<meta name=\"robots\" content=\"index, follow, max-snippet:-1, max-image-preview:large, max-video-preview:-1\" \/>\n<link rel=\"canonical\" href=\"http:\/\/vidistechnology.com\/index.php\/product\/tfa2-596-centrale-adressable-2-boucles-tecnofire\/\" \/>\n<meta property=\"og:locale\" content=\"fr_FR\" \/>\n<meta property=\"og:type\" content=\"article\" \/>\n<meta property=\"og:title\" content=\"TFA2-596 - Centrale adressable 2 boucles - Vidistechnologie\" \/>\n<meta property=\"og:description\" content=\"Centrale de d\u00e9tection incendie adressable 2 boucles g\u00e9rant jusqu&#8217;\u00e0 596 dispositifs sur les boucles &#8211; Protocole propri\u00e9taire Fire-Speed &#8211; \u00c9cran TFT True Color 482 x 272 pixel &#8211; Haut-parleur int\u00e9gr\u00e9 avec r\u00e9glage du volume &#8211; Mode de fonctionnement programmable: local ou master\/slave &#8211; Max. 16 panneaux r\u00e9p\u00e9titeur avec \u00e9cran TFT 7&#8243; &#8211; 2 lignes s\u00e9riellesRead More\" \/>\n<meta property=\"og:url\" content=\"http:\/\/vidistechnology.com\/index.php\/product\/tfa2-596-centrale-adressable-2-boucles-tecnofire\/\" \/>\n<meta property=\"og:site_name\" content=\"Vidistechnologie\" \/>\n<meta property=\"article:publisher\" content=\"https:\/\/www.facebook.com\/profile.php?id=100089805237154\" \/>\n<meta property=\"article:modified_time\" content=\"2023-11-04T18:55:33+00:00\" \/>\n<meta property=\"og:image\" content=\"http:\/\/vidistechnology.com\/wp-content\/uploads\/2023\/11\/TFA2596_27_04_2017_15_35.png\" \/>\n\t<meta property=\"og:image:width\" content=\"1024\" \/>\n\t<meta property=\"og:image:height\" content=\"1024\" \/>\n\t<meta property=\"og:image:type\" content=\"image\/png\" \/>\n<meta name=\"twitter:card\" content=\"summary_large_image\" \/>\n<meta name=\"twitter:label1\" content=\"Dur\u00e9e de lecture estim\u00e9e\" \/>\n\t<meta name=\"twitter:data1\" content=\"1 minute\" \/>\n<script type=\"application\/ld+json\" class=\"yoast-schema-graph\">{\"@context\":\"https:\/\/schema.org\",\"@graph\":[{\"@type\":\"WebPage\",\"@id\":\"http:\/\/vidistechnology.com\/index.php\/product\/tfa2-596-centrale-adressable-2-boucles-tecnofire\/\",\"url\":\"http:\/\/vidistechnology.com\/index.php\/product\/tfa2-596-centrale-adressable-2-boucles-tecnofire\/\",\"name\":\"TFA2-596 - Centrale adressable 2 boucles - Vidistechnologie\",\"isPartOf\":{\"@id\":\"https:\/\/vidistechnology.com\/#website\"},\"datePublished\":\"2023-11-04T18:46:36+00:00\",\"dateModified\":\"2023-11-04T18:55:33+00:00\",\"breadcrumb\":{\"@id\":\"http:\/\/vidistechnology.com\/index.php\/product\/tfa2-596-centrale-adressable-2-boucles-tecnofire\/#breadcrumb\"},\"inLanguage\":\"fr-FR\",\"potentialAction\":[{\"@type\":\"ReadAction\",\"target\":[\"http:\/\/vidistechnology.com\/index.php\/product\/tfa2-596-centrale-adressable-2-boucles-tecnofire\/\"]}]},{\"@type\":\"BreadcrumbList\",\"@id\":\"http:\/\/vidistechnology.com\/index.php\/product\/tfa2-596-centrale-adressable-2-boucles-tecnofire\/#breadcrumb\",\"itemListElement\":[{\"@type\":\"ListItem\",\"position\":1,\"name\":\"Accueil\",\"item\":\"https:\/\/vidistechnology.com\/\"},{\"@type\":\"ListItem\",\"position\":2,\"name\":\"produits\",\"item\":\"https:\/\/vidistechnology.com\/index.php\/shop-2\/\"},{\"@type\":\"ListItem\",\"position\":3,\"name\":\"TFA2-596 &#8211; Centrale adressable 2 boucles\"}]},{\"@type\":\"WebSite\",\"@id\":\"https:\/\/vidistechnology.com\/#website\",\"url\":\"https:\/\/vidistechnology.com\/\",\"name\":\"Vidistechnologie\",\"description\":\"\",\"publisher\":{\"@id\":\"https:\/\/vidistechnology.com\/#organization\"},\"potentialAction\":[{\"@type\":\"SearchAction\",\"target\":{\"@type\":\"EntryPoint\",\"urlTemplate\":\"https:\/\/vidistechnology.com\/?s={search_term_string}\"},\"query-input\":\"required name=search_term_string\"}],\"inLanguage\":\"fr-FR\"},{\"@type\":\"Organization\",\"@id\":\"https:\/\/vidistechnology.com\/#organization\",\"name\":\"Vidistechnologie\",\"url\":\"https:\/\/vidistechnology.com\/\",\"logo\":{\"@type\":\"ImageObject\",\"inLanguage\":\"fr-FR\",\"@id\":\"https:\/\/vidistechnology.com\/#\/schema\/logo\/image\/\",\"url\":\"https:\/\/vidistechnology.com\/wp-content\/uploads\/2023\/09\/332472308_904858154051322_6295981484547826480_n.png\",\"contentUrl\":\"https:\/\/vidistechnology.com\/wp-content\/uploads\/2023\/09\/332472308_904858154051322_6295981484547826480_n.png\",\"width\":1992,\"height\":1259,\"caption\":\"Vidistechnologie\"},\"image\":{\"@id\":\"https:\/\/vidistechnology.com\/#\/schema\/logo\/image\/\"},\"sameAs\":[\"https:\/\/www.facebook.com\/profile.php?id=100089805237154\"]}]}<\/script>\n<!-- \/ Yoast SEO plugin. -->","yoast_head_json":{"title":"TFA2-596 - Centrale adressable 2 boucles - Vidistechnologie","robots":{"index":"index","follow":"follow","max-snippet":"max-snippet:-1","max-image-preview":"max-image-preview:large","max-video-preview":"max-video-preview:-1"},"canonical":"http:\/\/vidistechnology.com\/index.php\/product\/tfa2-596-centrale-adressable-2-boucles-tecnofire\/","og_locale":"fr_FR","og_type":"article","og_title":"TFA2-596 - Centrale adressable 2 boucles - Vidistechnologie","og_description":"Centrale de d\u00e9tection incendie adressable 2 boucles g\u00e9rant jusqu&#8217;\u00e0 596 dispositifs sur les boucles &#8211; Protocole propri\u00e9taire Fire-Speed &#8211; \u00c9cran TFT True Color 482 x 272 pixel &#8211; Haut-parleur int\u00e9gr\u00e9 avec r\u00e9glage du volume &#8211; Mode de fonctionnement programmable: local ou master\/slave &#8211; Max. 16 panneaux r\u00e9p\u00e9titeur avec \u00e9cran TFT 7&#8243; &#8211; 2 lignes s\u00e9riellesRead More","og_url":"http:\/\/vidistechnology.com\/index.php\/product\/tfa2-596-centrale-adressable-2-boucles-tecnofire\/","og_site_name":"Vidistechnologie","article_publisher":"https:\/\/www.facebook.com\/profile.php?id=100089805237154","article_modified_time":"2023-11-04T18:55:33+00:00","og_image":[{"width":1024,"height":1024,"url":"http:\/\/vidistechnology.com\/wp-content\/uploads\/2023\/11\/TFA2596_27_04_2017_15_35.png","type":"image\/png"}],"twitter_card":"summary_large_image","twitter_misc":{"Dur\u00e9e de lecture estim\u00e9e":"1 minute"},"schema":{"@context":"https:\/\/schema.org","@graph":[{"@type":"WebPage","@id":"http:\/\/vidistechnology.com\/index.php\/product\/tfa2-596-centrale-adressable-2-boucles-tecnofire\/","url":"http:\/\/vidistechnology.com\/index.php\/product\/tfa2-596-centrale-adressable-2-boucles-tecnofire\/","name":"TFA2-596 - Centrale adressable 2 boucles - Vidistechnologie","isPartOf":{"@id":"https:\/\/vidistechnology.com\/#website"},"datePublished":"2023-11-04T18:46:36+00:00","dateModified":"2023-11-04T18:55:33+00:00","breadcrumb":{"@id":"http:\/\/vidistechnology.com\/index.php\/product\/tfa2-596-centrale-adressable-2-boucles-tecnofire\/#breadcrumb"},"inLanguage":"fr-FR","potentialAction":[{"@type":"ReadAction","target":["http:\/\/vidistechnology.com\/index.php\/product\/tfa2-596-centrale-adressable-2-boucles-tecnofire\/"]}]},{"@type":"BreadcrumbList","@id":"http:\/\/vidistechnology.com\/index.php\/product\/tfa2-596-centrale-adressable-2-boucles-tecnofire\/#breadcrumb","itemListElement":[{"@type":"ListItem","position":1,"name":"Accueil","item":"https:\/\/vidistechnology.com\/"},{"@type":"ListItem","position":2,"name":"produits","item":"https:\/\/vidistechnology.com\/index.php\/shop-2\/"},{"@type":"ListItem","position":3,"name":"TFA2-596 &#8211; Centrale adressable 2 boucles"}]},{"@type":"WebSite","@id":"https:\/\/vidistechnology.com\/#website","url":"https:\/\/vidistechnology.com\/","name":"Vidistechnologie","description":"","publisher":{"@id":"https:\/\/vidistechnology.com\/#organization"},"potentialAction":[{"@type":"SearchAction","target":{"@type":"EntryPoint","urlTemplate":"https:\/\/vidistechnology.com\/?s={search_term_string}"},"query-input":"required name=search_term_string"}],"inLanguage":"fr-FR"},{"@type":"Organization","@id":"https:\/\/vidistechnology.com\/#organization","name":"Vidistechnologie","url":"https:\/\/vidistechnology.com\/","logo":{"@type":"ImageObject","inLanguage":"fr-FR","@id":"https:\/\/vidistechnology.com\/#\/schema\/logo\/image\/","url":"https:\/\/vidistechnology.com\/wp-content\/uploads\/2023\/09\/332472308_904858154051322_6295981484547826480_n.png","contentUrl":"https:\/\/vidistechnology.com\/wp-content\/uploads\/2023\/09\/332472308_904858154051322_6295981484547826480_n.png","width":1992,"height":1259,"caption":"Vidistechnologie"},"image":{"@id":"https:\/\/vidistechnology.com\/#\/schema\/logo\/image\/"},"sameAs":["https:\/\/www.facebook.com\/profile.php?id=100089805237154"]}]}},"_links":{"self":[{"href":"https:\/\/vidistechnology.com\/index.php\/wp-json\/wp\/v2\/product\/4512","targetHints":{"allow":["GET"]}}],"collection":[{"href":"https:\/\/vidistechnology.com\/index.php\/wp-json\/wp\/v2\/product"}],"about":[{"href":"https:\/\/vidistechnology.com\/index.php\/wp-json\/wp\/v2\/types\/product"}],"version-history":[{"count":2,"href":"https:\/\/vidistechnology.com\/index.php\/wp-json\/wp\/v2\/product\/4512\/revisions"}],"predecessor-version":[{"id":4524,"href":"https:\/\/vidistechnology.com\/index.php\/wp-json\/wp\/v2\/product\/4512\/revisions\/4524"}],"wp:featuredmedia":[{"embeddable":true,"href":"https:\/\/vidistechnology.com\/index.php\/wp-json\/wp\/v2\/media\/4513"}],"wp:attachment":[{"href":"https:\/\/vidistechnology.com\/index.php\/wp-json\/wp\/v2\/media?parent=4512"}],"wp:term":[{"taxonomy":"product_cat","embeddable":true,"href":"https:\/\/vidistechnology.com\/index.php\/wp-json\/wp\/v2\/product_cat?post=4512"},{"taxonomy":"product_tag","embeddable":true,"href":"https:\/\/vidistechnology.com\/index.php\/wp-json\/wp\/v2\/product_tag?post=4512"}],"curies":[{"name":"wp","href":"https:\/\/api.w.org\/{rel}","templated":true}]}}