{"id":4490,"date":"2023-10-21T19:54:27","date_gmt":"2023-10-21T19:54:27","guid":{"rendered":"http:\/\/vidistechnology.com\/?post_type=product&#038;p=4490"},"modified":"2024-02-16T17:48:04","modified_gmt":"2024-02-16T17:48:04","slug":"tenda-cp3","status":"publish","type":"product","link":"https:\/\/vidistechnology.com\/index.php\/product\/tenda-cp3\/","title":{"rendered":"TENDA CP3"},"content":{"rendered":"<p>La cam\u00e9ra de s\u00e9curit\u00e9 CP3 est une cam\u00e9ra de surveillance domestique haute performance qui int\u00e8gre une couverture visuelle \u00e0 360\u00b0 avec une r\u00e9solution de 1080P. Il est \u00e9galement dot\u00e9 de fonctions audio bidirectionnelles en duplex int\u00e9gral, de d\u00e9tection\/suivi de mouvement intelligent, d&#8217;alarme sonore et lumineuse. Le produit est principalement utilis\u00e9 pour la surveillance de sc\u00e9narios int\u00e9rieurs tels que les maisons, les magasins, les bureaux et les salles de classe, etc.<\/p>\n","protected":false},"excerpt":{"rendered":"<p>La cam\u00e9ra de s\u00e9curit\u00e9 CP3 est une cam\u00e9ra de surveillance domestique haute performance qui int\u00e8gre une couverture visuelle \u00e0 360\u00b0 avec une r\u00e9solution de 1080P. Il est \u00e9galement dot\u00e9 de fonctions audio bidirectionnelles en duplex int\u00e9gral, de d\u00e9tection\/suivi de mouvement intelligent, d&#8217;alarme sonore et lumineuse. Le produit est principalement utilis\u00e9 pour la surveillance de sc\u00e9narios<\/p>\n<div class=\"klb-readmore button\"><a class=\"btn link\" href=\"https:\/\/vidistechnology.com\/index.php\/product\/tenda-cp3\/\">Read More <i class=\"klbth-icon-right-arrow\"><\/i><\/a><\/div>\n","protected":false},"featured_media":4491,"template":"","meta":[],"product_cat":[217],"product_tag":[],"class_list":["post-4490","product","type-product","status-publish","has-post-thumbnail","hentry","product_cat-camera-wifi"],"yoast_head":"<!-- This site is optimized with the Yoast SEO plugin v21.5 - https:\/\/yoast.com\/wordpress\/plugins\/seo\/ -->\n<title>TENDA CP3 - Vidistechnologie<\/title>\n<meta name=\"robots\" content=\"index, follow, max-snippet:-1, max-image-preview:large, max-video-preview:-1\" \/>\n<link rel=\"canonical\" href=\"http:\/\/vidistechnology.com\/index.php\/product\/tenda-cp3\/\" \/>\n<meta property=\"og:locale\" content=\"fr_FR\" \/>\n<meta property=\"og:type\" content=\"article\" \/>\n<meta property=\"og:title\" content=\"TENDA CP3 - Vidistechnologie\" \/>\n<meta property=\"og:description\" content=\"La cam\u00e9ra de s\u00e9curit\u00e9 CP3 est une cam\u00e9ra de surveillance domestique haute performance qui int\u00e8gre une couverture visuelle \u00e0 360\u00b0 avec une r\u00e9solution de 1080P. Il est \u00e9galement dot\u00e9 de fonctions audio bidirectionnelles en duplex int\u00e9gral, de d\u00e9tection\/suivi de mouvement intelligent, d&#8217;alarme sonore et lumineuse. Le produit est principalement utilis\u00e9 pour la surveillance de sc\u00e9nariosRead More\" \/>\n<meta property=\"og:url\" content=\"http:\/\/vidistechnology.com\/index.php\/product\/tenda-cp3\/\" \/>\n<meta property=\"og:site_name\" content=\"Vidistechnologie\" \/>\n<meta property=\"article:publisher\" content=\"https:\/\/www.facebook.com\/profile.php?id=100089805237154\" \/>\n<meta property=\"article:modified_time\" content=\"2024-02-16T17:48:04+00:00\" \/>\n<meta property=\"og:image\" content=\"http:\/\/vidistechnology.com\/wp-content\/uploads\/2023\/10\/1-1-e1705340513865.png\" \/>\n\t<meta property=\"og:image:width\" content=\"400\" \/>\n\t<meta property=\"og:image:height\" content=\"525\" \/>\n\t<meta property=\"og:image:type\" content=\"image\/png\" \/>\n<meta name=\"twitter:card\" content=\"summary_large_image\" \/>\n<meta name=\"twitter:label1\" content=\"Dur\u00e9e de lecture estim\u00e9e\" \/>\n\t<meta name=\"twitter:data1\" content=\"1 minute\" \/>\n<script type=\"application\/ld+json\" class=\"yoast-schema-graph\">{\"@context\":\"https:\/\/schema.org\",\"@graph\":[{\"@type\":\"WebPage\",\"@id\":\"http:\/\/vidistechnology.com\/index.php\/product\/tenda-cp3\/\",\"url\":\"http:\/\/vidistechnology.com\/index.php\/product\/tenda-cp3\/\",\"name\":\"TENDA CP3 - Vidistechnologie\",\"isPartOf\":{\"@id\":\"https:\/\/vidistechnology.com\/#website\"},\"datePublished\":\"2023-10-21T19:54:27+00:00\",\"dateModified\":\"2024-02-16T17:48:04+00:00\",\"breadcrumb\":{\"@id\":\"http:\/\/vidistechnology.com\/index.php\/product\/tenda-cp3\/#breadcrumb\"},\"inLanguage\":\"fr-FR\",\"potentialAction\":[{\"@type\":\"ReadAction\",\"target\":[\"http:\/\/vidistechnology.com\/index.php\/product\/tenda-cp3\/\"]}]},{\"@type\":\"BreadcrumbList\",\"@id\":\"http:\/\/vidistechnology.com\/index.php\/product\/tenda-cp3\/#breadcrumb\",\"itemListElement\":[{\"@type\":\"ListItem\",\"position\":1,\"name\":\"Accueil\",\"item\":\"https:\/\/vidistechnology.com\/\"},{\"@type\":\"ListItem\",\"position\":2,\"name\":\"produits\",\"item\":\"https:\/\/vidistechnology.com\/index.php\/shop-2\/\"},{\"@type\":\"ListItem\",\"position\":3,\"name\":\"TENDA CP3\"}]},{\"@type\":\"WebSite\",\"@id\":\"https:\/\/vidistechnology.com\/#website\",\"url\":\"https:\/\/vidistechnology.com\/\",\"name\":\"Vidistechnologie\",\"description\":\"\",\"publisher\":{\"@id\":\"https:\/\/vidistechnology.com\/#organization\"},\"potentialAction\":[{\"@type\":\"SearchAction\",\"target\":{\"@type\":\"EntryPoint\",\"urlTemplate\":\"https:\/\/vidistechnology.com\/?s={search_term_string}\"},\"query-input\":\"required name=search_term_string\"}],\"inLanguage\":\"fr-FR\"},{\"@type\":\"Organization\",\"@id\":\"https:\/\/vidistechnology.com\/#organization\",\"name\":\"Vidistechnologie\",\"url\":\"https:\/\/vidistechnology.com\/\",\"logo\":{\"@type\":\"ImageObject\",\"inLanguage\":\"fr-FR\",\"@id\":\"https:\/\/vidistechnology.com\/#\/schema\/logo\/image\/\",\"url\":\"https:\/\/vidistechnology.com\/wp-content\/uploads\/2023\/09\/332472308_904858154051322_6295981484547826480_n.png\",\"contentUrl\":\"https:\/\/vidistechnology.com\/wp-content\/uploads\/2023\/09\/332472308_904858154051322_6295981484547826480_n.png\",\"width\":1992,\"height\":1259,\"caption\":\"Vidistechnologie\"},\"image\":{\"@id\":\"https:\/\/vidistechnology.com\/#\/schema\/logo\/image\/\"},\"sameAs\":[\"https:\/\/www.facebook.com\/profile.php?id=100089805237154\"]}]}<\/script>\n<!-- \/ Yoast SEO plugin. -->","yoast_head_json":{"title":"TENDA CP3 - Vidistechnologie","robots":{"index":"index","follow":"follow","max-snippet":"max-snippet:-1","max-image-preview":"max-image-preview:large","max-video-preview":"max-video-preview:-1"},"canonical":"http:\/\/vidistechnology.com\/index.php\/product\/tenda-cp3\/","og_locale":"fr_FR","og_type":"article","og_title":"TENDA CP3 - Vidistechnologie","og_description":"La cam\u00e9ra de s\u00e9curit\u00e9 CP3 est une cam\u00e9ra de surveillance domestique haute performance qui int\u00e8gre une couverture visuelle \u00e0 360\u00b0 avec une r\u00e9solution de 1080P. Il est \u00e9galement dot\u00e9 de fonctions audio bidirectionnelles en duplex int\u00e9gral, de d\u00e9tection\/suivi de mouvement intelligent, d&#8217;alarme sonore et lumineuse. Le produit est principalement utilis\u00e9 pour la surveillance de sc\u00e9nariosRead More","og_url":"http:\/\/vidistechnology.com\/index.php\/product\/tenda-cp3\/","og_site_name":"Vidistechnologie","article_publisher":"https:\/\/www.facebook.com\/profile.php?id=100089805237154","article_modified_time":"2024-02-16T17:48:04+00:00","og_image":[{"width":400,"height":525,"url":"http:\/\/vidistechnology.com\/wp-content\/uploads\/2023\/10\/1-1-e1705340513865.png","type":"image\/png"}],"twitter_card":"summary_large_image","twitter_misc":{"Dur\u00e9e de lecture estim\u00e9e":"1 minute"},"schema":{"@context":"https:\/\/schema.org","@graph":[{"@type":"WebPage","@id":"http:\/\/vidistechnology.com\/index.php\/product\/tenda-cp3\/","url":"http:\/\/vidistechnology.com\/index.php\/product\/tenda-cp3\/","name":"TENDA CP3 - Vidistechnologie","isPartOf":{"@id":"https:\/\/vidistechnology.com\/#website"},"datePublished":"2023-10-21T19:54:27+00:00","dateModified":"2024-02-16T17:48:04+00:00","breadcrumb":{"@id":"http:\/\/vidistechnology.com\/index.php\/product\/tenda-cp3\/#breadcrumb"},"inLanguage":"fr-FR","potentialAction":[{"@type":"ReadAction","target":["http:\/\/vidistechnology.com\/index.php\/product\/tenda-cp3\/"]}]},{"@type":"BreadcrumbList","@id":"http:\/\/vidistechnology.com\/index.php\/product\/tenda-cp3\/#breadcrumb","itemListElement":[{"@type":"ListItem","position":1,"name":"Accueil","item":"https:\/\/vidistechnology.com\/"},{"@type":"ListItem","position":2,"name":"produits","item":"https:\/\/vidistechnology.com\/index.php\/shop-2\/"},{"@type":"ListItem","position":3,"name":"TENDA CP3"}]},{"@type":"WebSite","@id":"https:\/\/vidistechnology.com\/#website","url":"https:\/\/vidistechnology.com\/","name":"Vidistechnologie","description":"","publisher":{"@id":"https:\/\/vidistechnology.com\/#organization"},"potentialAction":[{"@type":"SearchAction","target":{"@type":"EntryPoint","urlTemplate":"https:\/\/vidistechnology.com\/?s={search_term_string}"},"query-input":"required name=search_term_string"}],"inLanguage":"fr-FR"},{"@type":"Organization","@id":"https:\/\/vidistechnology.com\/#organization","name":"Vidistechnologie","url":"https:\/\/vidistechnology.com\/","logo":{"@type":"ImageObject","inLanguage":"fr-FR","@id":"https:\/\/vidistechnology.com\/#\/schema\/logo\/image\/","url":"https:\/\/vidistechnology.com\/wp-content\/uploads\/2023\/09\/332472308_904858154051322_6295981484547826480_n.png","contentUrl":"https:\/\/vidistechnology.com\/wp-content\/uploads\/2023\/09\/332472308_904858154051322_6295981484547826480_n.png","width":1992,"height":1259,"caption":"Vidistechnologie"},"image":{"@id":"https:\/\/vidistechnology.com\/#\/schema\/logo\/image\/"},"sameAs":["https:\/\/www.facebook.com\/profile.php?id=100089805237154"]}]}},"_links":{"self":[{"href":"https:\/\/vidistechnology.com\/index.php\/wp-json\/wp\/v2\/product\/4490","targetHints":{"allow":["GET"]}}],"collection":[{"href":"https:\/\/vidistechnology.com\/index.php\/wp-json\/wp\/v2\/product"}],"about":[{"href":"https:\/\/vidistechnology.com\/index.php\/wp-json\/wp\/v2\/types\/product"}],"version-history":[{"count":2,"href":"https:\/\/vidistechnology.com\/index.php\/wp-json\/wp\/v2\/product\/4490\/revisions"}],"predecessor-version":[{"id":4494,"href":"https:\/\/vidistechnology.com\/index.php\/wp-json\/wp\/v2\/product\/4490\/revisions\/4494"}],"wp:featuredmedia":[{"embeddable":true,"href":"https:\/\/vidistechnology.com\/index.php\/wp-json\/wp\/v2\/media\/4491"}],"wp:attachment":[{"href":"https:\/\/vidistechnology.com\/index.php\/wp-json\/wp\/v2\/media?parent=4490"}],"wp:term":[{"taxonomy":"product_cat","embeddable":true,"href":"https:\/\/vidistechnology.com\/index.php\/wp-json\/wp\/v2\/product_cat?post=4490"},{"taxonomy":"product_tag","embeddable":true,"href":"https:\/\/vidistechnology.com\/index.php\/wp-json\/wp\/v2\/product_tag?post=4490"}],"curies":[{"name":"wp","href":"https:\/\/api.w.org\/{rel}","templated":true}]}}