{"id":4479,"date":"2023-10-18T17:45:44","date_gmt":"2023-10-18T17:45:44","guid":{"rendered":"https:\/\/vidistechnology.com\/?post_type=product&#038;p=4479"},"modified":"2023-10-31T18:18:51","modified_gmt":"2023-10-31T18:18:51","slug":"keen-600va-in-line-usb","status":"publish","type":"product","link":"https:\/\/vidistechnology.com\/index.php\/product\/keen-600va-in-line-usb\/","title":{"rendered":"KEEN 600VA IN LINE"},"content":{"rendered":"<p>Onduleur NJOY Keen 600 &#8211; Technologie: Line Interactive &#8211; Puissance: 600VA\/360W &#8211; Autonomie 5 min \u00e0 50% de charge &#8211; Plage de tension d&#8217;entr\u00e9e accept\u00e9e: 162 ~ 290 VCA &#8211; Prises \u00e9lectriques: 2 x sauvegarde de batterie Schuko et protection contre les surtensions &#8211; Temps de transfert sur batterie \/ AC: Typiquement 4 ms &#8211; Onde sinuso\u00efdale simul\u00e9e &#8211; Red\u00e9marrage automatique pendant la r\u00e9cup\u00e9ration de courant alternatif &#8211; Charge automatique &#8211; R\u00e9gulation automatique de la tension (AVR) &#8211; Charge hors mode &#8211; Fonction de d\u00e9marrage \u00e0 froid &#8211; Dimensions: 276 x 87 x 165 mm &#8211; Poids: 4 kg<\/p>\n","protected":false},"excerpt":{"rendered":"<p>Onduleur NJOY Keen 600 &#8211; Technologie: Line Interactive &#8211; Puissance: 600VA\/360W &#8211; Autonomie 5 min \u00e0 50% de charge &#8211; Plage de tension d&#8217;entr\u00e9e accept\u00e9e: 162 ~ 290 VCA &#8211; Prises \u00e9lectriques: 2 x sauvegarde de batterie Schuko et protection contre les surtensions &#8211; Temps de transfert sur batterie \/ AC: Typiquement 4 ms &#8211;<\/p>\n<div class=\"klb-readmore button\"><a class=\"btn link\" href=\"https:\/\/vidistechnology.com\/index.php\/product\/keen-600va-in-line-usb\/\">Read More <i class=\"klbth-icon-right-arrow\"><\/i><\/a><\/div>\n","protected":false},"featured_media":4481,"template":"","meta":[],"product_cat":[214],"product_tag":[],"class_list":["post-4479","product","type-product","status-publish","has-post-thumbnail","hentry","product_cat-onduleur"],"yoast_head":"<!-- This site is optimized with the Yoast SEO plugin v21.5 - https:\/\/yoast.com\/wordpress\/plugins\/seo\/ -->\n<title>KEEN 600VA IN LINE - Vidistechnologie<\/title>\n<meta name=\"robots\" content=\"index, follow, max-snippet:-1, max-image-preview:large, max-video-preview:-1\" \/>\n<link rel=\"canonical\" href=\"http:\/\/vidistechnology.com\/index.php\/product\/keen-600va-in-line-usb\/\" \/>\n<meta property=\"og:locale\" content=\"fr_FR\" \/>\n<meta property=\"og:type\" content=\"article\" \/>\n<meta property=\"og:title\" content=\"KEEN 600VA IN LINE - Vidistechnologie\" \/>\n<meta property=\"og:description\" content=\"Onduleur NJOY Keen 600 &#8211; Technologie: Line Interactive &#8211; Puissance: 600VA\/360W &#8211; Autonomie 5 min \u00e0 50% de charge &#8211; Plage de tension d&#8217;entr\u00e9e accept\u00e9e: 162 ~ 290 VCA &#8211; Prises \u00e9lectriques: 2 x sauvegarde de batterie Schuko et protection contre les surtensions &#8211; Temps de transfert sur batterie \/ AC: Typiquement 4 ms &#8211;Read More\" \/>\n<meta property=\"og:url\" content=\"http:\/\/vidistechnology.com\/index.php\/product\/keen-600va-in-line-usb\/\" \/>\n<meta property=\"og:site_name\" content=\"Vidistechnologie\" \/>\n<meta property=\"article:publisher\" content=\"https:\/\/www.facebook.com\/profile.php?id=100089805237154\" \/>\n<meta property=\"article:modified_time\" content=\"2023-10-31T18:18:51+00:00\" \/>\n<meta property=\"og:image\" content=\"http:\/\/vidistechnology.com\/wp-content\/uploads\/2023\/10\/onduleur-njoy-keen-600-in-line-usb-600va360w.png\" \/>\n\t<meta property=\"og:image:width\" content=\"800\" \/>\n\t<meta property=\"og:image:height\" content=\"800\" \/>\n\t<meta property=\"og:image:type\" content=\"image\/png\" \/>\n<meta name=\"twitter:card\" content=\"summary_large_image\" \/>\n<script type=\"application\/ld+json\" class=\"yoast-schema-graph\">{\"@context\":\"https:\/\/schema.org\",\"@graph\":[{\"@type\":\"WebPage\",\"@id\":\"http:\/\/vidistechnology.com\/index.php\/product\/keen-600va-in-line-usb\/\",\"url\":\"http:\/\/vidistechnology.com\/index.php\/product\/keen-600va-in-line-usb\/\",\"name\":\"KEEN 600VA IN LINE - Vidistechnologie\",\"isPartOf\":{\"@id\":\"https:\/\/vidistechnology.com\/#website\"},\"datePublished\":\"2023-10-18T17:45:44+00:00\",\"dateModified\":\"2023-10-31T18:18:51+00:00\",\"breadcrumb\":{\"@id\":\"http:\/\/vidistechnology.com\/index.php\/product\/keen-600va-in-line-usb\/#breadcrumb\"},\"inLanguage\":\"fr-FR\",\"potentialAction\":[{\"@type\":\"ReadAction\",\"target\":[\"http:\/\/vidistechnology.com\/index.php\/product\/keen-600va-in-line-usb\/\"]}]},{\"@type\":\"BreadcrumbList\",\"@id\":\"http:\/\/vidistechnology.com\/index.php\/product\/keen-600va-in-line-usb\/#breadcrumb\",\"itemListElement\":[{\"@type\":\"ListItem\",\"position\":1,\"name\":\"Accueil\",\"item\":\"https:\/\/vidistechnology.com\/\"},{\"@type\":\"ListItem\",\"position\":2,\"name\":\"produits\",\"item\":\"https:\/\/vidistechnology.com\/index.php\/shop-2\/\"},{\"@type\":\"ListItem\",\"position\":3,\"name\":\"KEEN 600VA IN LINE\"}]},{\"@type\":\"WebSite\",\"@id\":\"https:\/\/vidistechnology.com\/#website\",\"url\":\"https:\/\/vidistechnology.com\/\",\"name\":\"Vidistechnologie\",\"description\":\"\",\"publisher\":{\"@id\":\"https:\/\/vidistechnology.com\/#organization\"},\"potentialAction\":[{\"@type\":\"SearchAction\",\"target\":{\"@type\":\"EntryPoint\",\"urlTemplate\":\"https:\/\/vidistechnology.com\/?s={search_term_string}\"},\"query-input\":\"required name=search_term_string\"}],\"inLanguage\":\"fr-FR\"},{\"@type\":\"Organization\",\"@id\":\"https:\/\/vidistechnology.com\/#organization\",\"name\":\"Vidistechnologie\",\"url\":\"https:\/\/vidistechnology.com\/\",\"logo\":{\"@type\":\"ImageObject\",\"inLanguage\":\"fr-FR\",\"@id\":\"https:\/\/vidistechnology.com\/#\/schema\/logo\/image\/\",\"url\":\"https:\/\/vidistechnology.com\/wp-content\/uploads\/2023\/09\/332472308_904858154051322_6295981484547826480_n.png\",\"contentUrl\":\"https:\/\/vidistechnology.com\/wp-content\/uploads\/2023\/09\/332472308_904858154051322_6295981484547826480_n.png\",\"width\":1992,\"height\":1259,\"caption\":\"Vidistechnologie\"},\"image\":{\"@id\":\"https:\/\/vidistechnology.com\/#\/schema\/logo\/image\/\"},\"sameAs\":[\"https:\/\/www.facebook.com\/profile.php?id=100089805237154\"]}]}<\/script>\n<!-- \/ Yoast SEO plugin. -->","yoast_head_json":{"title":"KEEN 600VA IN LINE - Vidistechnologie","robots":{"index":"index","follow":"follow","max-snippet":"max-snippet:-1","max-image-preview":"max-image-preview:large","max-video-preview":"max-video-preview:-1"},"canonical":"http:\/\/vidistechnology.com\/index.php\/product\/keen-600va-in-line-usb\/","og_locale":"fr_FR","og_type":"article","og_title":"KEEN 600VA IN LINE - Vidistechnologie","og_description":"Onduleur NJOY Keen 600 &#8211; Technologie: Line Interactive &#8211; Puissance: 600VA\/360W &#8211; Autonomie 5 min \u00e0 50% de charge &#8211; Plage de tension d&#8217;entr\u00e9e accept\u00e9e: 162 ~ 290 VCA &#8211; Prises \u00e9lectriques: 2 x sauvegarde de batterie Schuko et protection contre les surtensions &#8211; Temps de transfert sur batterie \/ AC: Typiquement 4 ms &#8211;Read More","og_url":"http:\/\/vidistechnology.com\/index.php\/product\/keen-600va-in-line-usb\/","og_site_name":"Vidistechnologie","article_publisher":"https:\/\/www.facebook.com\/profile.php?id=100089805237154","article_modified_time":"2023-10-31T18:18:51+00:00","og_image":[{"width":800,"height":800,"url":"http:\/\/vidistechnology.com\/wp-content\/uploads\/2023\/10\/onduleur-njoy-keen-600-in-line-usb-600va360w.png","type":"image\/png"}],"twitter_card":"summary_large_image","schema":{"@context":"https:\/\/schema.org","@graph":[{"@type":"WebPage","@id":"http:\/\/vidistechnology.com\/index.php\/product\/keen-600va-in-line-usb\/","url":"http:\/\/vidistechnology.com\/index.php\/product\/keen-600va-in-line-usb\/","name":"KEEN 600VA IN LINE - Vidistechnologie","isPartOf":{"@id":"https:\/\/vidistechnology.com\/#website"},"datePublished":"2023-10-18T17:45:44+00:00","dateModified":"2023-10-31T18:18:51+00:00","breadcrumb":{"@id":"http:\/\/vidistechnology.com\/index.php\/product\/keen-600va-in-line-usb\/#breadcrumb"},"inLanguage":"fr-FR","potentialAction":[{"@type":"ReadAction","target":["http:\/\/vidistechnology.com\/index.php\/product\/keen-600va-in-line-usb\/"]}]},{"@type":"BreadcrumbList","@id":"http:\/\/vidistechnology.com\/index.php\/product\/keen-600va-in-line-usb\/#breadcrumb","itemListElement":[{"@type":"ListItem","position":1,"name":"Accueil","item":"https:\/\/vidistechnology.com\/"},{"@type":"ListItem","position":2,"name":"produits","item":"https:\/\/vidistechnology.com\/index.php\/shop-2\/"},{"@type":"ListItem","position":3,"name":"KEEN 600VA IN LINE"}]},{"@type":"WebSite","@id":"https:\/\/vidistechnology.com\/#website","url":"https:\/\/vidistechnology.com\/","name":"Vidistechnologie","description":"","publisher":{"@id":"https:\/\/vidistechnology.com\/#organization"},"potentialAction":[{"@type":"SearchAction","target":{"@type":"EntryPoint","urlTemplate":"https:\/\/vidistechnology.com\/?s={search_term_string}"},"query-input":"required name=search_term_string"}],"inLanguage":"fr-FR"},{"@type":"Organization","@id":"https:\/\/vidistechnology.com\/#organization","name":"Vidistechnologie","url":"https:\/\/vidistechnology.com\/","logo":{"@type":"ImageObject","inLanguage":"fr-FR","@id":"https:\/\/vidistechnology.com\/#\/schema\/logo\/image\/","url":"https:\/\/vidistechnology.com\/wp-content\/uploads\/2023\/09\/332472308_904858154051322_6295981484547826480_n.png","contentUrl":"https:\/\/vidistechnology.com\/wp-content\/uploads\/2023\/09\/332472308_904858154051322_6295981484547826480_n.png","width":1992,"height":1259,"caption":"Vidistechnologie"},"image":{"@id":"https:\/\/vidistechnology.com\/#\/schema\/logo\/image\/"},"sameAs":["https:\/\/www.facebook.com\/profile.php?id=100089805237154"]}]}},"_links":{"self":[{"href":"https:\/\/vidistechnology.com\/index.php\/wp-json\/wp\/v2\/product\/4479","targetHints":{"allow":["GET"]}}],"collection":[{"href":"https:\/\/vidistechnology.com\/index.php\/wp-json\/wp\/v2\/product"}],"about":[{"href":"https:\/\/vidistechnology.com\/index.php\/wp-json\/wp\/v2\/types\/product"}],"version-history":[{"count":4,"href":"https:\/\/vidistechnology.com\/index.php\/wp-json\/wp\/v2\/product\/4479\/revisions"}],"predecessor-version":[{"id":4497,"href":"https:\/\/vidistechnology.com\/index.php\/wp-json\/wp\/v2\/product\/4479\/revisions\/4497"}],"wp:featuredmedia":[{"embeddable":true,"href":"https:\/\/vidistechnology.com\/index.php\/wp-json\/wp\/v2\/media\/4481"}],"wp:attachment":[{"href":"https:\/\/vidistechnology.com\/index.php\/wp-json\/wp\/v2\/media?parent=4479"}],"wp:term":[{"taxonomy":"product_cat","embeddable":true,"href":"https:\/\/vidistechnology.com\/index.php\/wp-json\/wp\/v2\/product_cat?post=4479"},{"taxonomy":"product_tag","embeddable":true,"href":"https:\/\/vidistechnology.com\/index.php\/wp-json\/wp\/v2\/product_tag?post=4479"}],"curies":[{"name":"wp","href":"https:\/\/api.w.org\/{rel}","templated":true}]}}