{"id":4458,"date":"2023-10-07T19:24:47","date_gmt":"2023-10-07T19:24:47","guid":{"rendered":"https:\/\/vidistechnology.com\/?post_type=product&#038;p=4458"},"modified":"2024-02-16T18:02:35","modified_gmt":"2024-02-16T18:02:35","slug":"ds-7108ni-q1-8p-m","status":"publish","type":"product","link":"https:\/\/vidistechnology.com\/index.php\/product\/ds-7108ni-q1-8p-m\/","title":{"rendered":"DS-7108NI-Q1\/8P\/M"},"content":{"rendered":"<h2 class=\"prod_name\"><span class=\"prod_name-content\">NVR Mini 1U 8 canaux<\/span><\/h2>\n<ul class=\"product_description_item-list\">\n<li class=\"product_description_item\">Compression vid\u00e9o H.265+\/H.265\/H.264+\/H.264<\/li>\n<li class=\"product_description_item\">Jusqu&#8217;\u00e0 60 Mbps de bande passante entrante et 60 Mbps de bande passante sortante<\/li>\n<li class=\"product_description_item\">Jusqu&#8217;\u00e0 8 entr\u00e9es de cam\u00e9ra r\u00e9seau<\/li>\n<li class=\"product_description_item\">Capacit\u00e9 de d\u00e9codage jusqu&#8217;\u00e0 4 canaux 1080p<\/li>\n<li class=\"product_description_item\">Sortie simultan\u00e9e HDMI et VGA<\/li>\n<\/ul>\n","protected":false},"excerpt":{"rendered":"<p>NVR Mini 1U 8 canaux Compression vid\u00e9o H.265+\/H.265\/H.264+\/H.264 Jusqu&#8217;\u00e0 60 Mbps de bande passante entrante et 60 Mbps de bande passante sortante Jusqu&#8217;\u00e0 8 entr\u00e9es de cam\u00e9ra r\u00e9seau Capacit\u00e9 de d\u00e9codage jusqu&#8217;\u00e0 4 canaux 1080p Sortie simultan\u00e9e HDMI et VGA<\/p>\n","protected":false},"featured_media":4459,"template":"","meta":[],"product_cat":[211],"product_tag":[],"class_list":["post-4458","product","type-product","status-publish","has-post-thumbnail","hentry","product_cat-nvr"],"yoast_head":"<!-- This site is optimized with the Yoast SEO plugin v21.5 - https:\/\/yoast.com\/wordpress\/plugins\/seo\/ -->\n<title>DS-7108NI-Q1\/8P\/M - Vidistechnologie<\/title>\n<meta name=\"robots\" content=\"index, follow, max-snippet:-1, max-image-preview:large, max-video-preview:-1\" \/>\n<link rel=\"canonical\" href=\"http:\/\/vidistechnology.com\/index.php\/product\/ds-7108ni-q1-8p-m\/\" \/>\n<meta property=\"og:locale\" content=\"fr_FR\" \/>\n<meta property=\"og:type\" content=\"article\" \/>\n<meta property=\"og:title\" content=\"DS-7108NI-Q1\/8P\/M - Vidistechnologie\" \/>\n<meta property=\"og:description\" content=\"NVR Mini 1U 8 canaux Compression vid\u00e9o H.265+\/H.265\/H.264+\/H.264 Jusqu&#8217;\u00e0 60 Mbps de bande passante entrante et 60 Mbps de bande passante sortante Jusqu&#8217;\u00e0 8 entr\u00e9es de cam\u00e9ra r\u00e9seau Capacit\u00e9 de d\u00e9codage jusqu&#8217;\u00e0 4 canaux 1080p Sortie simultan\u00e9e HDMI et VGA\" \/>\n<meta property=\"og:url\" content=\"http:\/\/vidistechnology.com\/index.php\/product\/ds-7108ni-q1-8p-m\/\" \/>\n<meta property=\"og:site_name\" content=\"Vidistechnologie\" \/>\n<meta property=\"article:publisher\" content=\"https:\/\/www.facebook.com\/profile.php?id=100089805237154\" \/>\n<meta property=\"article:modified_time\" content=\"2024-02-16T18:02:35+00:00\" \/>\n<meta property=\"og:image\" content=\"http:\/\/vidistechnology.com\/wp-content\/uploads\/2023\/10\/DS-7104NI-Q1-1.webp\" \/>\n\t<meta property=\"og:image:width\" content=\"800\" \/>\n\t<meta property=\"og:image:height\" content=\"800\" \/>\n\t<meta property=\"og:image:type\" content=\"image\/webp\" \/>\n<meta name=\"twitter:card\" content=\"summary_large_image\" \/>\n<script type=\"application\/ld+json\" class=\"yoast-schema-graph\">{\"@context\":\"https:\/\/schema.org\",\"@graph\":[{\"@type\":\"WebPage\",\"@id\":\"http:\/\/vidistechnology.com\/index.php\/product\/ds-7108ni-q1-8p-m\/\",\"url\":\"http:\/\/vidistechnology.com\/index.php\/product\/ds-7108ni-q1-8p-m\/\",\"name\":\"DS-7108NI-Q1\/8P\/M - Vidistechnologie\",\"isPartOf\":{\"@id\":\"https:\/\/vidistechnology.com\/#website\"},\"datePublished\":\"2023-10-07T19:24:47+00:00\",\"dateModified\":\"2024-02-16T18:02:35+00:00\",\"breadcrumb\":{\"@id\":\"http:\/\/vidistechnology.com\/index.php\/product\/ds-7108ni-q1-8p-m\/#breadcrumb\"},\"inLanguage\":\"fr-FR\",\"potentialAction\":[{\"@type\":\"ReadAction\",\"target\":[\"http:\/\/vidistechnology.com\/index.php\/product\/ds-7108ni-q1-8p-m\/\"]}]},{\"@type\":\"BreadcrumbList\",\"@id\":\"http:\/\/vidistechnology.com\/index.php\/product\/ds-7108ni-q1-8p-m\/#breadcrumb\",\"itemListElement\":[{\"@type\":\"ListItem\",\"position\":1,\"name\":\"Accueil\",\"item\":\"https:\/\/vidistechnology.com\/\"},{\"@type\":\"ListItem\",\"position\":2,\"name\":\"produits\",\"item\":\"https:\/\/vidistechnology.com\/index.php\/shop-2\/\"},{\"@type\":\"ListItem\",\"position\":3,\"name\":\"DS-7108NI-Q1\/8P\/M\"}]},{\"@type\":\"WebSite\",\"@id\":\"https:\/\/vidistechnology.com\/#website\",\"url\":\"https:\/\/vidistechnology.com\/\",\"name\":\"Vidistechnologie\",\"description\":\"\",\"publisher\":{\"@id\":\"https:\/\/vidistechnology.com\/#organization\"},\"potentialAction\":[{\"@type\":\"SearchAction\",\"target\":{\"@type\":\"EntryPoint\",\"urlTemplate\":\"https:\/\/vidistechnology.com\/?s={search_term_string}\"},\"query-input\":\"required name=search_term_string\"}],\"inLanguage\":\"fr-FR\"},{\"@type\":\"Organization\",\"@id\":\"https:\/\/vidistechnology.com\/#organization\",\"name\":\"Vidistechnologie\",\"url\":\"https:\/\/vidistechnology.com\/\",\"logo\":{\"@type\":\"ImageObject\",\"inLanguage\":\"fr-FR\",\"@id\":\"https:\/\/vidistechnology.com\/#\/schema\/logo\/image\/\",\"url\":\"https:\/\/vidistechnology.com\/wp-content\/uploads\/2023\/09\/332472308_904858154051322_6295981484547826480_n.png\",\"contentUrl\":\"https:\/\/vidistechnology.com\/wp-content\/uploads\/2023\/09\/332472308_904858154051322_6295981484547826480_n.png\",\"width\":1992,\"height\":1259,\"caption\":\"Vidistechnologie\"},\"image\":{\"@id\":\"https:\/\/vidistechnology.com\/#\/schema\/logo\/image\/\"},\"sameAs\":[\"https:\/\/www.facebook.com\/profile.php?id=100089805237154\"]}]}<\/script>\n<!-- \/ Yoast SEO plugin. -->","yoast_head_json":{"title":"DS-7108NI-Q1\/8P\/M - Vidistechnologie","robots":{"index":"index","follow":"follow","max-snippet":"max-snippet:-1","max-image-preview":"max-image-preview:large","max-video-preview":"max-video-preview:-1"},"canonical":"http:\/\/vidistechnology.com\/index.php\/product\/ds-7108ni-q1-8p-m\/","og_locale":"fr_FR","og_type":"article","og_title":"DS-7108NI-Q1\/8P\/M - Vidistechnologie","og_description":"NVR Mini 1U 8 canaux Compression vid\u00e9o H.265+\/H.265\/H.264+\/H.264 Jusqu&#8217;\u00e0 60 Mbps de bande passante entrante et 60 Mbps de bande passante sortante Jusqu&#8217;\u00e0 8 entr\u00e9es de cam\u00e9ra r\u00e9seau Capacit\u00e9 de d\u00e9codage jusqu&#8217;\u00e0 4 canaux 1080p Sortie simultan\u00e9e HDMI et VGA","og_url":"http:\/\/vidistechnology.com\/index.php\/product\/ds-7108ni-q1-8p-m\/","og_site_name":"Vidistechnologie","article_publisher":"https:\/\/www.facebook.com\/profile.php?id=100089805237154","article_modified_time":"2024-02-16T18:02:35+00:00","og_image":[{"width":800,"height":800,"url":"http:\/\/vidistechnology.com\/wp-content\/uploads\/2023\/10\/DS-7104NI-Q1-1.webp","type":"image\/webp"}],"twitter_card":"summary_large_image","schema":{"@context":"https:\/\/schema.org","@graph":[{"@type":"WebPage","@id":"http:\/\/vidistechnology.com\/index.php\/product\/ds-7108ni-q1-8p-m\/","url":"http:\/\/vidistechnology.com\/index.php\/product\/ds-7108ni-q1-8p-m\/","name":"DS-7108NI-Q1\/8P\/M - Vidistechnologie","isPartOf":{"@id":"https:\/\/vidistechnology.com\/#website"},"datePublished":"2023-10-07T19:24:47+00:00","dateModified":"2024-02-16T18:02:35+00:00","breadcrumb":{"@id":"http:\/\/vidistechnology.com\/index.php\/product\/ds-7108ni-q1-8p-m\/#breadcrumb"},"inLanguage":"fr-FR","potentialAction":[{"@type":"ReadAction","target":["http:\/\/vidistechnology.com\/index.php\/product\/ds-7108ni-q1-8p-m\/"]}]},{"@type":"BreadcrumbList","@id":"http:\/\/vidistechnology.com\/index.php\/product\/ds-7108ni-q1-8p-m\/#breadcrumb","itemListElement":[{"@type":"ListItem","position":1,"name":"Accueil","item":"https:\/\/vidistechnology.com\/"},{"@type":"ListItem","position":2,"name":"produits","item":"https:\/\/vidistechnology.com\/index.php\/shop-2\/"},{"@type":"ListItem","position":3,"name":"DS-7108NI-Q1\/8P\/M"}]},{"@type":"WebSite","@id":"https:\/\/vidistechnology.com\/#website","url":"https:\/\/vidistechnology.com\/","name":"Vidistechnologie","description":"","publisher":{"@id":"https:\/\/vidistechnology.com\/#organization"},"potentialAction":[{"@type":"SearchAction","target":{"@type":"EntryPoint","urlTemplate":"https:\/\/vidistechnology.com\/?s={search_term_string}"},"query-input":"required name=search_term_string"}],"inLanguage":"fr-FR"},{"@type":"Organization","@id":"https:\/\/vidistechnology.com\/#organization","name":"Vidistechnologie","url":"https:\/\/vidistechnology.com\/","logo":{"@type":"ImageObject","inLanguage":"fr-FR","@id":"https:\/\/vidistechnology.com\/#\/schema\/logo\/image\/","url":"https:\/\/vidistechnology.com\/wp-content\/uploads\/2023\/09\/332472308_904858154051322_6295981484547826480_n.png","contentUrl":"https:\/\/vidistechnology.com\/wp-content\/uploads\/2023\/09\/332472308_904858154051322_6295981484547826480_n.png","width":1992,"height":1259,"caption":"Vidistechnologie"},"image":{"@id":"https:\/\/vidistechnology.com\/#\/schema\/logo\/image\/"},"sameAs":["https:\/\/www.facebook.com\/profile.php?id=100089805237154"]}]}},"_links":{"self":[{"href":"https:\/\/vidistechnology.com\/index.php\/wp-json\/wp\/v2\/product\/4458","targetHints":{"allow":["GET"]}}],"collection":[{"href":"https:\/\/vidistechnology.com\/index.php\/wp-json\/wp\/v2\/product"}],"about":[{"href":"https:\/\/vidistechnology.com\/index.php\/wp-json\/wp\/v2\/types\/product"}],"version-history":[{"count":1,"href":"https:\/\/vidistechnology.com\/index.php\/wp-json\/wp\/v2\/product\/4458\/revisions"}],"predecessor-version":[{"id":4460,"href":"https:\/\/vidistechnology.com\/index.php\/wp-json\/wp\/v2\/product\/4458\/revisions\/4460"}],"wp:featuredmedia":[{"embeddable":true,"href":"https:\/\/vidistechnology.com\/index.php\/wp-json\/wp\/v2\/media\/4459"}],"wp:attachment":[{"href":"https:\/\/vidistechnology.com\/index.php\/wp-json\/wp\/v2\/media?parent=4458"}],"wp:term":[{"taxonomy":"product_cat","embeddable":true,"href":"https:\/\/vidistechnology.com\/index.php\/wp-json\/wp\/v2\/product_cat?post=4458"},{"taxonomy":"product_tag","embeddable":true,"href":"https:\/\/vidistechnology.com\/index.php\/wp-json\/wp\/v2\/product_tag?post=4458"}],"curies":[{"name":"wp","href":"https:\/\/api.w.org\/{rel}","templated":true}]}}