{"id":4443,"date":"2023-10-07T18:35:01","date_gmt":"2023-10-07T18:35:01","guid":{"rendered":"https:\/\/vidistechnology.com\/?post_type=product&#038;p=4443"},"modified":"2024-02-16T18:02:13","modified_gmt":"2024-02-16T18:02:13","slug":"ds-7208hghi-k1","status":"publish","type":"product","link":"https:\/\/vidistechnology.com\/index.php\/product\/ds-7208hghi-k1\/","title":{"rendered":"DS-7208HGHI-K1"},"content":{"rendered":"<h2 class=\"prod_name\"><span class=\"prod_name-content\">XVR 8-ch 1080p Lite 1U H.265<\/span><\/h2>\n<ul class=\"product_description_item-list\">\n<li class=\"product_description_item\">Classification des cibles humaines et v\u00e9hicules bas\u00e9e sur l&#8217;apprentissage profond de Motion Detection 2.0<\/li>\n<li class=\"product_description_item\">Compression vid\u00e9o H.265 Pro+\/H.265 Pro\/H.265<\/li>\n<li class=\"product_description_item\">Entr\u00e9e vid\u00e9o HDTVI\/AHD\/CVI\/CVBS\/IP<\/li>\n<li class=\"product_description_item\">Audio via c\u00e2ble coaxial<\/li>\n<li class=\"product_description_item\">Entr\u00e9e cam\u00e9ra IP jusqu&#8217;\u00e0 10 canaux (jusqu&#8217;\u00e0 5 MP)<\/li>\n<li class=\"product_description_item\">Capacit\u00e9 d&#8217;encodage jusqu&#8217;\u00e0 1080p Lite \u00e0 15 ips<\/li>\n<li class=\"product_description_item\">Max.\u00a01 200 m pour un signal HDTVI 720p<\/li>\n<\/ul>\n","protected":false},"excerpt":{"rendered":"<p>XVR 8-ch 1080p Lite 1U H.265 Classification des cibles humaines et v\u00e9hicules bas\u00e9e sur l&#8217;apprentissage profond de Motion Detection 2.0 Compression vid\u00e9o H.265 Pro+\/H.265 Pro\/H.265 Entr\u00e9e vid\u00e9o HDTVI\/AHD\/CVI\/CVBS\/IP Audio via c\u00e2ble coaxial Entr\u00e9e cam\u00e9ra IP jusqu&#8217;\u00e0 10 canaux (jusqu&#8217;\u00e0 5 MP) Capacit\u00e9 d&#8217;encodage jusqu&#8217;\u00e0 1080p Lite \u00e0 15 ips Max.\u00a01 200 m pour un signal<\/p>\n<div class=\"klb-readmore button\"><a class=\"btn link\" href=\"https:\/\/vidistechnology.com\/index.php\/product\/ds-7208hghi-k1\/\">Read More <i class=\"klbth-icon-right-arrow\"><\/i><\/a><\/div>\n","protected":false},"featured_media":4441,"template":"","meta":[],"product_cat":[210],"product_tag":[],"class_list":["post-4443","product","type-product","status-publish","has-post-thumbnail","hentry","product_cat-xvr"],"yoast_head":"<!-- This site is optimized with the Yoast SEO plugin v21.5 - https:\/\/yoast.com\/wordpress\/plugins\/seo\/ -->\n<title>DS-7208HGHI-K1 - Vidistechnologie<\/title>\n<meta name=\"robots\" content=\"index, follow, max-snippet:-1, max-image-preview:large, max-video-preview:-1\" \/>\n<link rel=\"canonical\" href=\"http:\/\/vidistechnology.com\/index.php\/product\/ds-7208hghi-k1\/\" \/>\n<meta property=\"og:locale\" content=\"fr_FR\" \/>\n<meta property=\"og:type\" content=\"article\" \/>\n<meta property=\"og:title\" content=\"DS-7208HGHI-K1 - Vidistechnologie\" \/>\n<meta property=\"og:description\" content=\"XVR 8-ch 1080p Lite 1U H.265 Classification des cibles humaines et v\u00e9hicules bas\u00e9e sur l&#8217;apprentissage profond de Motion Detection 2.0 Compression vid\u00e9o H.265 Pro+\/H.265 Pro\/H.265 Entr\u00e9e vid\u00e9o HDTVI\/AHD\/CVI\/CVBS\/IP Audio via c\u00e2ble coaxial Entr\u00e9e cam\u00e9ra IP jusqu&#8217;\u00e0 10 canaux (jusqu&#8217;\u00e0 5 MP) Capacit\u00e9 d&#8217;encodage jusqu&#8217;\u00e0 1080p Lite \u00e0 15 ips Max.\u00a01 200 m pour un signalRead More\" \/>\n<meta property=\"og:url\" content=\"http:\/\/vidistechnology.com\/index.php\/product\/ds-7208hghi-k1\/\" \/>\n<meta property=\"og:site_name\" content=\"Vidistechnologie\" \/>\n<meta property=\"article:publisher\" content=\"https:\/\/www.facebook.com\/profile.php?id=100089805237154\" \/>\n<meta property=\"article:modified_time\" content=\"2024-02-16T18:02:13+00:00\" \/>\n<meta property=\"og:image\" content=\"http:\/\/vidistechnology.com\/wp-content\/uploads\/2023\/10\/images.png\" \/>\n\t<meta property=\"og:image:width\" content=\"225\" \/>\n\t<meta property=\"og:image:height\" content=\"225\" \/>\n\t<meta property=\"og:image:type\" content=\"image\/png\" \/>\n<meta name=\"twitter:card\" content=\"summary_large_image\" \/>\n<script type=\"application\/ld+json\" class=\"yoast-schema-graph\">{\"@context\":\"https:\/\/schema.org\",\"@graph\":[{\"@type\":\"WebPage\",\"@id\":\"http:\/\/vidistechnology.com\/index.php\/product\/ds-7208hghi-k1\/\",\"url\":\"http:\/\/vidistechnology.com\/index.php\/product\/ds-7208hghi-k1\/\",\"name\":\"DS-7208HGHI-K1 - Vidistechnologie\",\"isPartOf\":{\"@id\":\"https:\/\/vidistechnology.com\/#website\"},\"datePublished\":\"2023-10-07T18:35:01+00:00\",\"dateModified\":\"2024-02-16T18:02:13+00:00\",\"breadcrumb\":{\"@id\":\"http:\/\/vidistechnology.com\/index.php\/product\/ds-7208hghi-k1\/#breadcrumb\"},\"inLanguage\":\"fr-FR\",\"potentialAction\":[{\"@type\":\"ReadAction\",\"target\":[\"http:\/\/vidistechnology.com\/index.php\/product\/ds-7208hghi-k1\/\"]}]},{\"@type\":\"BreadcrumbList\",\"@id\":\"http:\/\/vidistechnology.com\/index.php\/product\/ds-7208hghi-k1\/#breadcrumb\",\"itemListElement\":[{\"@type\":\"ListItem\",\"position\":1,\"name\":\"Accueil\",\"item\":\"https:\/\/vidistechnology.com\/\"},{\"@type\":\"ListItem\",\"position\":2,\"name\":\"produits\",\"item\":\"https:\/\/vidistechnology.com\/index.php\/shop-2\/\"},{\"@type\":\"ListItem\",\"position\":3,\"name\":\"DS-7208HGHI-K1\"}]},{\"@type\":\"WebSite\",\"@id\":\"https:\/\/vidistechnology.com\/#website\",\"url\":\"https:\/\/vidistechnology.com\/\",\"name\":\"Vidistechnologie\",\"description\":\"\",\"publisher\":{\"@id\":\"https:\/\/vidistechnology.com\/#organization\"},\"potentialAction\":[{\"@type\":\"SearchAction\",\"target\":{\"@type\":\"EntryPoint\",\"urlTemplate\":\"https:\/\/vidistechnology.com\/?s={search_term_string}\"},\"query-input\":\"required name=search_term_string\"}],\"inLanguage\":\"fr-FR\"},{\"@type\":\"Organization\",\"@id\":\"https:\/\/vidistechnology.com\/#organization\",\"name\":\"Vidistechnologie\",\"url\":\"https:\/\/vidistechnology.com\/\",\"logo\":{\"@type\":\"ImageObject\",\"inLanguage\":\"fr-FR\",\"@id\":\"https:\/\/vidistechnology.com\/#\/schema\/logo\/image\/\",\"url\":\"https:\/\/vidistechnology.com\/wp-content\/uploads\/2023\/09\/332472308_904858154051322_6295981484547826480_n.png\",\"contentUrl\":\"https:\/\/vidistechnology.com\/wp-content\/uploads\/2023\/09\/332472308_904858154051322_6295981484547826480_n.png\",\"width\":1992,\"height\":1259,\"caption\":\"Vidistechnologie\"},\"image\":{\"@id\":\"https:\/\/vidistechnology.com\/#\/schema\/logo\/image\/\"},\"sameAs\":[\"https:\/\/www.facebook.com\/profile.php?id=100089805237154\"]}]}<\/script>\n<!-- \/ Yoast SEO plugin. -->","yoast_head_json":{"title":"DS-7208HGHI-K1 - Vidistechnologie","robots":{"index":"index","follow":"follow","max-snippet":"max-snippet:-1","max-image-preview":"max-image-preview:large","max-video-preview":"max-video-preview:-1"},"canonical":"http:\/\/vidistechnology.com\/index.php\/product\/ds-7208hghi-k1\/","og_locale":"fr_FR","og_type":"article","og_title":"DS-7208HGHI-K1 - Vidistechnologie","og_description":"XVR 8-ch 1080p Lite 1U H.265 Classification des cibles humaines et v\u00e9hicules bas\u00e9e sur l&#8217;apprentissage profond de Motion Detection 2.0 Compression vid\u00e9o H.265 Pro+\/H.265 Pro\/H.265 Entr\u00e9e vid\u00e9o HDTVI\/AHD\/CVI\/CVBS\/IP Audio via c\u00e2ble coaxial Entr\u00e9e cam\u00e9ra IP jusqu&#8217;\u00e0 10 canaux (jusqu&#8217;\u00e0 5 MP) Capacit\u00e9 d&#8217;encodage jusqu&#8217;\u00e0 1080p Lite \u00e0 15 ips Max.\u00a01 200 m pour un signalRead More","og_url":"http:\/\/vidistechnology.com\/index.php\/product\/ds-7208hghi-k1\/","og_site_name":"Vidistechnologie","article_publisher":"https:\/\/www.facebook.com\/profile.php?id=100089805237154","article_modified_time":"2024-02-16T18:02:13+00:00","og_image":[{"width":225,"height":225,"url":"http:\/\/vidistechnology.com\/wp-content\/uploads\/2023\/10\/images.png","type":"image\/png"}],"twitter_card":"summary_large_image","schema":{"@context":"https:\/\/schema.org","@graph":[{"@type":"WebPage","@id":"http:\/\/vidistechnology.com\/index.php\/product\/ds-7208hghi-k1\/","url":"http:\/\/vidistechnology.com\/index.php\/product\/ds-7208hghi-k1\/","name":"DS-7208HGHI-K1 - Vidistechnologie","isPartOf":{"@id":"https:\/\/vidistechnology.com\/#website"},"datePublished":"2023-10-07T18:35:01+00:00","dateModified":"2024-02-16T18:02:13+00:00","breadcrumb":{"@id":"http:\/\/vidistechnology.com\/index.php\/product\/ds-7208hghi-k1\/#breadcrumb"},"inLanguage":"fr-FR","potentialAction":[{"@type":"ReadAction","target":["http:\/\/vidistechnology.com\/index.php\/product\/ds-7208hghi-k1\/"]}]},{"@type":"BreadcrumbList","@id":"http:\/\/vidistechnology.com\/index.php\/product\/ds-7208hghi-k1\/#breadcrumb","itemListElement":[{"@type":"ListItem","position":1,"name":"Accueil","item":"https:\/\/vidistechnology.com\/"},{"@type":"ListItem","position":2,"name":"produits","item":"https:\/\/vidistechnology.com\/index.php\/shop-2\/"},{"@type":"ListItem","position":3,"name":"DS-7208HGHI-K1"}]},{"@type":"WebSite","@id":"https:\/\/vidistechnology.com\/#website","url":"https:\/\/vidistechnology.com\/","name":"Vidistechnologie","description":"","publisher":{"@id":"https:\/\/vidistechnology.com\/#organization"},"potentialAction":[{"@type":"SearchAction","target":{"@type":"EntryPoint","urlTemplate":"https:\/\/vidistechnology.com\/?s={search_term_string}"},"query-input":"required name=search_term_string"}],"inLanguage":"fr-FR"},{"@type":"Organization","@id":"https:\/\/vidistechnology.com\/#organization","name":"Vidistechnologie","url":"https:\/\/vidistechnology.com\/","logo":{"@type":"ImageObject","inLanguage":"fr-FR","@id":"https:\/\/vidistechnology.com\/#\/schema\/logo\/image\/","url":"https:\/\/vidistechnology.com\/wp-content\/uploads\/2023\/09\/332472308_904858154051322_6295981484547826480_n.png","contentUrl":"https:\/\/vidistechnology.com\/wp-content\/uploads\/2023\/09\/332472308_904858154051322_6295981484547826480_n.png","width":1992,"height":1259,"caption":"Vidistechnologie"},"image":{"@id":"https:\/\/vidistechnology.com\/#\/schema\/logo\/image\/"},"sameAs":["https:\/\/www.facebook.com\/profile.php?id=100089805237154"]}]}},"_links":{"self":[{"href":"https:\/\/vidistechnology.com\/index.php\/wp-json\/wp\/v2\/product\/4443","targetHints":{"allow":["GET"]}}],"collection":[{"href":"https:\/\/vidistechnology.com\/index.php\/wp-json\/wp\/v2\/product"}],"about":[{"href":"https:\/\/vidistechnology.com\/index.php\/wp-json\/wp\/v2\/types\/product"}],"version-history":[{"count":2,"href":"https:\/\/vidistechnology.com\/index.php\/wp-json\/wp\/v2\/product\/4443\/revisions"}],"predecessor-version":[{"id":4445,"href":"https:\/\/vidistechnology.com\/index.php\/wp-json\/wp\/v2\/product\/4443\/revisions\/4445"}],"wp:featuredmedia":[{"embeddable":true,"href":"https:\/\/vidistechnology.com\/index.php\/wp-json\/wp\/v2\/media\/4441"}],"wp:attachment":[{"href":"https:\/\/vidistechnology.com\/index.php\/wp-json\/wp\/v2\/media?parent=4443"}],"wp:term":[{"taxonomy":"product_cat","embeddable":true,"href":"https:\/\/vidistechnology.com\/index.php\/wp-json\/wp\/v2\/product_cat?post=4443"},{"taxonomy":"product_tag","embeddable":true,"href":"https:\/\/vidistechnology.com\/index.php\/wp-json\/wp\/v2\/product_tag?post=4443"}],"curies":[{"name":"wp","href":"https:\/\/api.w.org\/{rel}","templated":true}]}}