{"id":4436,"date":"2023-10-07T18:14:49","date_gmt":"2023-10-07T18:14:49","guid":{"rendered":"https:\/\/vidistechnology.com\/?post_type=product&#038;p=4436"},"modified":"2024-02-16T18:01:21","modified_gmt":"2024-02-16T18:01:21","slug":"ds-2ce10df0t-f","status":"publish","type":"product","link":"https:\/\/vidistechnology.com\/index.php\/product\/ds-2ce10df0t-f\/","title":{"rendered":"DS-2CE10DF0T-F"},"content":{"rendered":"<h2 class=\"prod_name\"><span class=\"prod_name-content\">Mini cam\u00e9ra Bullet fixe ColorVu 2 MP<\/span><\/h2>\n<ul class=\"product_description_item-list\">\n<li class=\"product_description_item\">Imagerie de haute qualit\u00e9 avec une r\u00e9solution de 2 MP, 1920 \u00d7 1080<\/li>\n<li class=\"product_description_item\">Imagerie couleur 24h\/24 et 7j\/7 avec ouverture F1.0<\/li>\n<li class=\"product_description_item\">La technologie 3D DNR offre des images nettes et nettes<\/li>\n<li class=\"product_description_item\">Objectif focal fixe 2,8 mm, 3,6 mm, 6 mm<\/li>\n<li class=\"product_description_item\">Distance de lumi\u00e8re blanche jusqu&#8217;\u00e0 20 m pour une imagerie nocturne lumineuse<\/li>\n<li class=\"product_description_item\">Un port pour quatre signaux commutables (TVI\/AHD\/CVI\/CVBS)<\/li>\n<li class=\"product_description_item\">R\u00e9sistant \u00e0 l&#8217;eau et \u00e0 la poussi\u00e8re (IP67)<\/li>\n<\/ul>\n","protected":false},"excerpt":{"rendered":"<p>Mini cam\u00e9ra Bullet fixe ColorVu 2 MP Imagerie de haute qualit\u00e9 avec une r\u00e9solution de 2 MP, 1920 \u00d7 1080 Imagerie couleur 24h\/24 et 7j\/7 avec ouverture F1.0 La technologie 3D DNR offre des images nettes et nettes Objectif focal fixe 2,8 mm, 3,6 mm, 6 mm Distance de lumi\u00e8re blanche jusqu&#8217;\u00e0 20 m pour<\/p>\n<div class=\"klb-readmore button\"><a class=\"btn link\" href=\"https:\/\/vidistechnology.com\/index.php\/product\/ds-2ce10df0t-f\/\">Read More <i class=\"klbth-icon-right-arrow\"><\/i><\/a><\/div>\n","protected":false},"featured_media":4437,"template":"","meta":[],"product_cat":[208],"product_tag":[],"class_list":["post-4436","product","type-product","status-publish","has-post-thumbnail","hentry","product_cat-camera-hd"],"yoast_head":"<!-- This site is optimized with the Yoast SEO plugin v21.5 - https:\/\/yoast.com\/wordpress\/plugins\/seo\/ -->\n<title>DS-2CE10DF0T-F - Vidistechnologie<\/title>\n<meta name=\"robots\" content=\"index, follow, max-snippet:-1, max-image-preview:large, max-video-preview:-1\" \/>\n<link rel=\"canonical\" href=\"https:\/\/vidistechnology.com\/index.php\/product\/ds-2ce10df0t-f\/\" \/>\n<meta property=\"og:locale\" content=\"fr_FR\" \/>\n<meta property=\"og:type\" content=\"article\" \/>\n<meta property=\"og:title\" content=\"DS-2CE10DF0T-F - Vidistechnologie\" \/>\n<meta property=\"og:description\" content=\"Mini cam\u00e9ra Bullet fixe ColorVu 2 MP Imagerie de haute qualit\u00e9 avec une r\u00e9solution de 2 MP, 1920 \u00d7 1080 Imagerie couleur 24h\/24 et 7j\/7 avec ouverture F1.0 La technologie 3D DNR offre des images nettes et nettes Objectif focal fixe 2,8 mm, 3,6 mm, 6 mm Distance de lumi\u00e8re blanche jusqu&#8217;\u00e0 20 m pourRead More\" \/>\n<meta property=\"og:url\" content=\"https:\/\/vidistechnology.com\/index.php\/product\/ds-2ce10df0t-f\/\" \/>\n<meta property=\"og:site_name\" content=\"Vidistechnologie\" \/>\n<meta property=\"article:publisher\" content=\"https:\/\/www.facebook.com\/profile.php?id=100089805237154\" \/>\n<meta property=\"article:modified_time\" content=\"2024-02-16T18:01:21+00:00\" \/>\n<meta property=\"og:image\" content=\"https:\/\/vidistechnology.com\/wp-content\/uploads\/2023\/10\/DS-2CE10DF0T-F.webp\" \/>\n\t<meta property=\"og:image:width\" content=\"800\" \/>\n\t<meta property=\"og:image:height\" content=\"800\" \/>\n\t<meta property=\"og:image:type\" content=\"image\/webp\" \/>\n<meta name=\"twitter:card\" content=\"summary_large_image\" \/>\n<script type=\"application\/ld+json\" class=\"yoast-schema-graph\">{\"@context\":\"https:\/\/schema.org\",\"@graph\":[{\"@type\":\"WebPage\",\"@id\":\"https:\/\/vidistechnology.com\/index.php\/product\/ds-2ce10df0t-f\/\",\"url\":\"https:\/\/vidistechnology.com\/index.php\/product\/ds-2ce10df0t-f\/\",\"name\":\"DS-2CE10DF0T-F - Vidistechnologie\",\"isPartOf\":{\"@id\":\"https:\/\/vidistechnology.com\/#website\"},\"datePublished\":\"2023-10-07T18:14:49+00:00\",\"dateModified\":\"2024-02-16T18:01:21+00:00\",\"breadcrumb\":{\"@id\":\"https:\/\/vidistechnology.com\/index.php\/product\/ds-2ce10df0t-f\/#breadcrumb\"},\"inLanguage\":\"fr-FR\",\"potentialAction\":[{\"@type\":\"ReadAction\",\"target\":[\"https:\/\/vidistechnology.com\/index.php\/product\/ds-2ce10df0t-f\/\"]}]},{\"@type\":\"BreadcrumbList\",\"@id\":\"https:\/\/vidistechnology.com\/index.php\/product\/ds-2ce10df0t-f\/#breadcrumb\",\"itemListElement\":[{\"@type\":\"ListItem\",\"position\":1,\"name\":\"Accueil\",\"item\":\"https:\/\/vidistechnology.com\/\"},{\"@type\":\"ListItem\",\"position\":2,\"name\":\"produits\",\"item\":\"https:\/\/vidistechnology.com\/index.php\/shop-2\/\"},{\"@type\":\"ListItem\",\"position\":3,\"name\":\"DS-2CE10DF0T-F\"}]},{\"@type\":\"WebSite\",\"@id\":\"https:\/\/vidistechnology.com\/#website\",\"url\":\"https:\/\/vidistechnology.com\/\",\"name\":\"Vidistechnologie\",\"description\":\"\",\"publisher\":{\"@id\":\"https:\/\/vidistechnology.com\/#organization\"},\"potentialAction\":[{\"@type\":\"SearchAction\",\"target\":{\"@type\":\"EntryPoint\",\"urlTemplate\":\"https:\/\/vidistechnology.com\/?s={search_term_string}\"},\"query-input\":\"required name=search_term_string\"}],\"inLanguage\":\"fr-FR\"},{\"@type\":\"Organization\",\"@id\":\"https:\/\/vidistechnology.com\/#organization\",\"name\":\"Vidistechnologie\",\"url\":\"https:\/\/vidistechnology.com\/\",\"logo\":{\"@type\":\"ImageObject\",\"inLanguage\":\"fr-FR\",\"@id\":\"https:\/\/vidistechnology.com\/#\/schema\/logo\/image\/\",\"url\":\"https:\/\/vidistechnology.com\/wp-content\/uploads\/2023\/09\/332472308_904858154051322_6295981484547826480_n.png\",\"contentUrl\":\"https:\/\/vidistechnology.com\/wp-content\/uploads\/2023\/09\/332472308_904858154051322_6295981484547826480_n.png\",\"width\":1992,\"height\":1259,\"caption\":\"Vidistechnologie\"},\"image\":{\"@id\":\"https:\/\/vidistechnology.com\/#\/schema\/logo\/image\/\"},\"sameAs\":[\"https:\/\/www.facebook.com\/profile.php?id=100089805237154\"]}]}<\/script>\n<!-- \/ Yoast SEO plugin. -->","yoast_head_json":{"title":"DS-2CE10DF0T-F - Vidistechnologie","robots":{"index":"index","follow":"follow","max-snippet":"max-snippet:-1","max-image-preview":"max-image-preview:large","max-video-preview":"max-video-preview:-1"},"canonical":"https:\/\/vidistechnology.com\/index.php\/product\/ds-2ce10df0t-f\/","og_locale":"fr_FR","og_type":"article","og_title":"DS-2CE10DF0T-F - Vidistechnologie","og_description":"Mini cam\u00e9ra Bullet fixe ColorVu 2 MP Imagerie de haute qualit\u00e9 avec une r\u00e9solution de 2 MP, 1920 \u00d7 1080 Imagerie couleur 24h\/24 et 7j\/7 avec ouverture F1.0 La technologie 3D DNR offre des images nettes et nettes Objectif focal fixe 2,8 mm, 3,6 mm, 6 mm Distance de lumi\u00e8re blanche jusqu&#8217;\u00e0 20 m pourRead More","og_url":"https:\/\/vidistechnology.com\/index.php\/product\/ds-2ce10df0t-f\/","og_site_name":"Vidistechnologie","article_publisher":"https:\/\/www.facebook.com\/profile.php?id=100089805237154","article_modified_time":"2024-02-16T18:01:21+00:00","og_image":[{"width":800,"height":800,"url":"https:\/\/vidistechnology.com\/wp-content\/uploads\/2023\/10\/DS-2CE10DF0T-F.webp","type":"image\/webp"}],"twitter_card":"summary_large_image","schema":{"@context":"https:\/\/schema.org","@graph":[{"@type":"WebPage","@id":"https:\/\/vidistechnology.com\/index.php\/product\/ds-2ce10df0t-f\/","url":"https:\/\/vidistechnology.com\/index.php\/product\/ds-2ce10df0t-f\/","name":"DS-2CE10DF0T-F - Vidistechnologie","isPartOf":{"@id":"https:\/\/vidistechnology.com\/#website"},"datePublished":"2023-10-07T18:14:49+00:00","dateModified":"2024-02-16T18:01:21+00:00","breadcrumb":{"@id":"https:\/\/vidistechnology.com\/index.php\/product\/ds-2ce10df0t-f\/#breadcrumb"},"inLanguage":"fr-FR","potentialAction":[{"@type":"ReadAction","target":["https:\/\/vidistechnology.com\/index.php\/product\/ds-2ce10df0t-f\/"]}]},{"@type":"BreadcrumbList","@id":"https:\/\/vidistechnology.com\/index.php\/product\/ds-2ce10df0t-f\/#breadcrumb","itemListElement":[{"@type":"ListItem","position":1,"name":"Accueil","item":"https:\/\/vidistechnology.com\/"},{"@type":"ListItem","position":2,"name":"produits","item":"https:\/\/vidistechnology.com\/index.php\/shop-2\/"},{"@type":"ListItem","position":3,"name":"DS-2CE10DF0T-F"}]},{"@type":"WebSite","@id":"https:\/\/vidistechnology.com\/#website","url":"https:\/\/vidistechnology.com\/","name":"Vidistechnologie","description":"","publisher":{"@id":"https:\/\/vidistechnology.com\/#organization"},"potentialAction":[{"@type":"SearchAction","target":{"@type":"EntryPoint","urlTemplate":"https:\/\/vidistechnology.com\/?s={search_term_string}"},"query-input":"required name=search_term_string"}],"inLanguage":"fr-FR"},{"@type":"Organization","@id":"https:\/\/vidistechnology.com\/#organization","name":"Vidistechnologie","url":"https:\/\/vidistechnology.com\/","logo":{"@type":"ImageObject","inLanguage":"fr-FR","@id":"https:\/\/vidistechnology.com\/#\/schema\/logo\/image\/","url":"https:\/\/vidistechnology.com\/wp-content\/uploads\/2023\/09\/332472308_904858154051322_6295981484547826480_n.png","contentUrl":"https:\/\/vidistechnology.com\/wp-content\/uploads\/2023\/09\/332472308_904858154051322_6295981484547826480_n.png","width":1992,"height":1259,"caption":"Vidistechnologie"},"image":{"@id":"https:\/\/vidistechnology.com\/#\/schema\/logo\/image\/"},"sameAs":["https:\/\/www.facebook.com\/profile.php?id=100089805237154"]}]}},"_links":{"self":[{"href":"https:\/\/vidistechnology.com\/index.php\/wp-json\/wp\/v2\/product\/4436","targetHints":{"allow":["GET"]}}],"collection":[{"href":"https:\/\/vidistechnology.com\/index.php\/wp-json\/wp\/v2\/product"}],"about":[{"href":"https:\/\/vidistechnology.com\/index.php\/wp-json\/wp\/v2\/types\/product"}],"version-history":[{"count":2,"href":"https:\/\/vidistechnology.com\/index.php\/wp-json\/wp\/v2\/product\/4436\/revisions"}],"predecessor-version":[{"id":4439,"href":"https:\/\/vidistechnology.com\/index.php\/wp-json\/wp\/v2\/product\/4436\/revisions\/4439"}],"wp:featuredmedia":[{"embeddable":true,"href":"https:\/\/vidistechnology.com\/index.php\/wp-json\/wp\/v2\/media\/4437"}],"wp:attachment":[{"href":"https:\/\/vidistechnology.com\/index.php\/wp-json\/wp\/v2\/media?parent=4436"}],"wp:term":[{"taxonomy":"product_cat","embeddable":true,"href":"https:\/\/vidistechnology.com\/index.php\/wp-json\/wp\/v2\/product_cat?post=4436"},{"taxonomy":"product_tag","embeddable":true,"href":"https:\/\/vidistechnology.com\/index.php\/wp-json\/wp\/v2\/product_tag?post=4436"}],"curies":[{"name":"wp","href":"https:\/\/api.w.org\/{rel}","templated":true}]}}