{"id":4429,"date":"2023-10-07T18:08:57","date_gmt":"2023-10-07T18:08:57","guid":{"rendered":"https:\/\/vidistechnology.com\/?post_type=product&#038;p=4429"},"modified":"2024-02-16T18:00:48","modified_gmt":"2024-02-16T18:00:48","slug":"ds-2ce16d0t-exif","status":"publish","type":"product","link":"https:\/\/vidistechnology.com\/index.php\/product\/ds-2ce16d0t-exif\/","title":{"rendered":"DS-2CE16D0T-EXIF"},"content":{"rendered":"<ul class=\"product_description_item-list\">\n<li class=\"product_description_item\"><span>Image de haute qualit\u00e9 avec une r\u00e9solution de 2 MP, 1920 \u00d7 1080<\/span><\/li>\n<li class=\"product_description_item\"><span>Objectif fixe 2,8 mm, 3,6 mm<\/span><\/li>\n<li class=\"product_description_item\"><span>Distance IR jusqu&#8217;\u00e0 20 m pour une image nocturne lumineuse<\/span><\/li>\n<li class=\"product_description_item\"><span>Un port pour quatre signaux commutables (TVI\/AHD\/CVI\/CVBS)<\/span><\/li>\n<li class=\"product_description_item\"><span>R\u00e9sistant \u00e0 l&#8217;eau et \u00e0 la poussi\u00e8re (IP67)<\/span><\/li>\n<\/ul>\n","protected":false},"excerpt":{"rendered":"<p>Image de haute qualit\u00e9 avec une r\u00e9solution de 2 MP, 1920 \u00d7 1080 Objectif fixe 2,8 mm, 3,6 mm Distance IR jusqu&#8217;\u00e0 20 m pour une image nocturne lumineuse Un port pour quatre signaux commutables (TVI\/AHD\/CVI\/CVBS) R\u00e9sistant \u00e0 l&#8217;eau et \u00e0 la poussi\u00e8re (IP67)<\/p>\n","protected":false},"featured_media":4430,"template":"","meta":[],"product_cat":[208],"product_tag":[],"class_list":["post-4429","product","type-product","status-publish","has-post-thumbnail","hentry","product_cat-camera-hd"],"yoast_head":"<!-- This site is optimized with the Yoast SEO plugin v21.5 - https:\/\/yoast.com\/wordpress\/plugins\/seo\/ -->\n<title>DS-2CE16D0T-EXIF - Vidistechnologie<\/title>\n<meta name=\"robots\" content=\"index, follow, max-snippet:-1, max-image-preview:large, max-video-preview:-1\" \/>\n<link rel=\"canonical\" href=\"http:\/\/vidistechnology.com\/index.php\/product\/ds-2ce16d0t-exif\/\" \/>\n<meta property=\"og:locale\" content=\"fr_FR\" \/>\n<meta property=\"og:type\" content=\"article\" \/>\n<meta property=\"og:title\" content=\"DS-2CE16D0T-EXIF - Vidistechnologie\" \/>\n<meta property=\"og:description\" content=\"Image de haute qualit\u00e9 avec une r\u00e9solution de 2 MP, 1920 \u00d7 1080 Objectif fixe 2,8 mm, 3,6 mm Distance IR jusqu&#8217;\u00e0 20 m pour une image nocturne lumineuse Un port pour quatre signaux commutables (TVI\/AHD\/CVI\/CVBS) R\u00e9sistant \u00e0 l&#8217;eau et \u00e0 la poussi\u00e8re (IP67)\" \/>\n<meta property=\"og:url\" content=\"http:\/\/vidistechnology.com\/index.php\/product\/ds-2ce16d0t-exif\/\" \/>\n<meta property=\"og:site_name\" content=\"Vidistechnologie\" \/>\n<meta property=\"article:publisher\" content=\"https:\/\/www.facebook.com\/profile.php?id=100089805237154\" \/>\n<meta property=\"article:modified_time\" content=\"2024-02-16T18:00:48+00:00\" \/>\n<meta property=\"og:image\" content=\"http:\/\/vidistechnology.com\/wp-content\/uploads\/2023\/10\/DS-2CE16D0T-EXIF.webp\" \/>\n\t<meta property=\"og:image:width\" content=\"800\" \/>\n\t<meta property=\"og:image:height\" content=\"405\" \/>\n\t<meta property=\"og:image:type\" content=\"image\/webp\" \/>\n<meta name=\"twitter:card\" content=\"summary_large_image\" \/>\n<script type=\"application\/ld+json\" class=\"yoast-schema-graph\">{\"@context\":\"https:\/\/schema.org\",\"@graph\":[{\"@type\":\"WebPage\",\"@id\":\"http:\/\/vidistechnology.com\/index.php\/product\/ds-2ce16d0t-exif\/\",\"url\":\"http:\/\/vidistechnology.com\/index.php\/product\/ds-2ce16d0t-exif\/\",\"name\":\"DS-2CE16D0T-EXIF - Vidistechnologie\",\"isPartOf\":{\"@id\":\"https:\/\/vidistechnology.com\/#website\"},\"datePublished\":\"2023-10-07T18:08:57+00:00\",\"dateModified\":\"2024-02-16T18:00:48+00:00\",\"breadcrumb\":{\"@id\":\"http:\/\/vidistechnology.com\/index.php\/product\/ds-2ce16d0t-exif\/#breadcrumb\"},\"inLanguage\":\"fr-FR\",\"potentialAction\":[{\"@type\":\"ReadAction\",\"target\":[\"http:\/\/vidistechnology.com\/index.php\/product\/ds-2ce16d0t-exif\/\"]}]},{\"@type\":\"BreadcrumbList\",\"@id\":\"http:\/\/vidistechnology.com\/index.php\/product\/ds-2ce16d0t-exif\/#breadcrumb\",\"itemListElement\":[{\"@type\":\"ListItem\",\"position\":1,\"name\":\"Accueil\",\"item\":\"https:\/\/vidistechnology.com\/\"},{\"@type\":\"ListItem\",\"position\":2,\"name\":\"produits\",\"item\":\"https:\/\/vidistechnology.com\/index.php\/shop-2\/\"},{\"@type\":\"ListItem\",\"position\":3,\"name\":\"DS-2CE16D0T-EXIF\"}]},{\"@type\":\"WebSite\",\"@id\":\"https:\/\/vidistechnology.com\/#website\",\"url\":\"https:\/\/vidistechnology.com\/\",\"name\":\"Vidistechnologie\",\"description\":\"\",\"publisher\":{\"@id\":\"https:\/\/vidistechnology.com\/#organization\"},\"potentialAction\":[{\"@type\":\"SearchAction\",\"target\":{\"@type\":\"EntryPoint\",\"urlTemplate\":\"https:\/\/vidistechnology.com\/?s={search_term_string}\"},\"query-input\":\"required name=search_term_string\"}],\"inLanguage\":\"fr-FR\"},{\"@type\":\"Organization\",\"@id\":\"https:\/\/vidistechnology.com\/#organization\",\"name\":\"Vidistechnologie\",\"url\":\"https:\/\/vidistechnology.com\/\",\"logo\":{\"@type\":\"ImageObject\",\"inLanguage\":\"fr-FR\",\"@id\":\"https:\/\/vidistechnology.com\/#\/schema\/logo\/image\/\",\"url\":\"https:\/\/vidistechnology.com\/wp-content\/uploads\/2023\/09\/332472308_904858154051322_6295981484547826480_n.png\",\"contentUrl\":\"https:\/\/vidistechnology.com\/wp-content\/uploads\/2023\/09\/332472308_904858154051322_6295981484547826480_n.png\",\"width\":1992,\"height\":1259,\"caption\":\"Vidistechnologie\"},\"image\":{\"@id\":\"https:\/\/vidistechnology.com\/#\/schema\/logo\/image\/\"},\"sameAs\":[\"https:\/\/www.facebook.com\/profile.php?id=100089805237154\"]}]}<\/script>\n<!-- \/ Yoast SEO plugin. -->","yoast_head_json":{"title":"DS-2CE16D0T-EXIF - Vidistechnologie","robots":{"index":"index","follow":"follow","max-snippet":"max-snippet:-1","max-image-preview":"max-image-preview:large","max-video-preview":"max-video-preview:-1"},"canonical":"http:\/\/vidistechnology.com\/index.php\/product\/ds-2ce16d0t-exif\/","og_locale":"fr_FR","og_type":"article","og_title":"DS-2CE16D0T-EXIF - Vidistechnologie","og_description":"Image de haute qualit\u00e9 avec une r\u00e9solution de 2 MP, 1920 \u00d7 1080 Objectif fixe 2,8 mm, 3,6 mm Distance IR jusqu&#8217;\u00e0 20 m pour une image nocturne lumineuse Un port pour quatre signaux commutables (TVI\/AHD\/CVI\/CVBS) R\u00e9sistant \u00e0 l&#8217;eau et \u00e0 la poussi\u00e8re (IP67)","og_url":"http:\/\/vidistechnology.com\/index.php\/product\/ds-2ce16d0t-exif\/","og_site_name":"Vidistechnologie","article_publisher":"https:\/\/www.facebook.com\/profile.php?id=100089805237154","article_modified_time":"2024-02-16T18:00:48+00:00","og_image":[{"width":800,"height":405,"url":"http:\/\/vidistechnology.com\/wp-content\/uploads\/2023\/10\/DS-2CE16D0T-EXIF.webp","type":"image\/webp"}],"twitter_card":"summary_large_image","schema":{"@context":"https:\/\/schema.org","@graph":[{"@type":"WebPage","@id":"http:\/\/vidistechnology.com\/index.php\/product\/ds-2ce16d0t-exif\/","url":"http:\/\/vidistechnology.com\/index.php\/product\/ds-2ce16d0t-exif\/","name":"DS-2CE16D0T-EXIF - Vidistechnologie","isPartOf":{"@id":"https:\/\/vidistechnology.com\/#website"},"datePublished":"2023-10-07T18:08:57+00:00","dateModified":"2024-02-16T18:00:48+00:00","breadcrumb":{"@id":"http:\/\/vidistechnology.com\/index.php\/product\/ds-2ce16d0t-exif\/#breadcrumb"},"inLanguage":"fr-FR","potentialAction":[{"@type":"ReadAction","target":["http:\/\/vidistechnology.com\/index.php\/product\/ds-2ce16d0t-exif\/"]}]},{"@type":"BreadcrumbList","@id":"http:\/\/vidistechnology.com\/index.php\/product\/ds-2ce16d0t-exif\/#breadcrumb","itemListElement":[{"@type":"ListItem","position":1,"name":"Accueil","item":"https:\/\/vidistechnology.com\/"},{"@type":"ListItem","position":2,"name":"produits","item":"https:\/\/vidistechnology.com\/index.php\/shop-2\/"},{"@type":"ListItem","position":3,"name":"DS-2CE16D0T-EXIF"}]},{"@type":"WebSite","@id":"https:\/\/vidistechnology.com\/#website","url":"https:\/\/vidistechnology.com\/","name":"Vidistechnologie","description":"","publisher":{"@id":"https:\/\/vidistechnology.com\/#organization"},"potentialAction":[{"@type":"SearchAction","target":{"@type":"EntryPoint","urlTemplate":"https:\/\/vidistechnology.com\/?s={search_term_string}"},"query-input":"required name=search_term_string"}],"inLanguage":"fr-FR"},{"@type":"Organization","@id":"https:\/\/vidistechnology.com\/#organization","name":"Vidistechnologie","url":"https:\/\/vidistechnology.com\/","logo":{"@type":"ImageObject","inLanguage":"fr-FR","@id":"https:\/\/vidistechnology.com\/#\/schema\/logo\/image\/","url":"https:\/\/vidistechnology.com\/wp-content\/uploads\/2023\/09\/332472308_904858154051322_6295981484547826480_n.png","contentUrl":"https:\/\/vidistechnology.com\/wp-content\/uploads\/2023\/09\/332472308_904858154051322_6295981484547826480_n.png","width":1992,"height":1259,"caption":"Vidistechnologie"},"image":{"@id":"https:\/\/vidistechnology.com\/#\/schema\/logo\/image\/"},"sameAs":["https:\/\/www.facebook.com\/profile.php?id=100089805237154"]}]}},"_links":{"self":[{"href":"https:\/\/vidistechnology.com\/index.php\/wp-json\/wp\/v2\/product\/4429","targetHints":{"allow":["GET"]}}],"collection":[{"href":"https:\/\/vidistechnology.com\/index.php\/wp-json\/wp\/v2\/product"}],"about":[{"href":"https:\/\/vidistechnology.com\/index.php\/wp-json\/wp\/v2\/types\/product"}],"version-history":[{"count":1,"href":"https:\/\/vidistechnology.com\/index.php\/wp-json\/wp\/v2\/product\/4429\/revisions"}],"predecessor-version":[{"id":4431,"href":"https:\/\/vidistechnology.com\/index.php\/wp-json\/wp\/v2\/product\/4429\/revisions\/4431"}],"wp:featuredmedia":[{"embeddable":true,"href":"https:\/\/vidistechnology.com\/index.php\/wp-json\/wp\/v2\/media\/4430"}],"wp:attachment":[{"href":"https:\/\/vidistechnology.com\/index.php\/wp-json\/wp\/v2\/media?parent=4429"}],"wp:term":[{"taxonomy":"product_cat","embeddable":true,"href":"https:\/\/vidistechnology.com\/index.php\/wp-json\/wp\/v2\/product_cat?post=4429"},{"taxonomy":"product_tag","embeddable":true,"href":"https:\/\/vidistechnology.com\/index.php\/wp-json\/wp\/v2\/product_tag?post=4429"}],"curies":[{"name":"wp","href":"https:\/\/api.w.org\/{rel}","templated":true}]}}