{"id":4410,"date":"2023-10-07T17:41:16","date_gmt":"2023-10-07T17:41:16","guid":{"rendered":"https:\/\/vidistechnology.com\/?post_type=product&#038;p=4410"},"modified":"2024-03-03T18:03:53","modified_gmt":"2024-03-03T18:03:53","slug":"simplya","status":"publish","type":"product","link":"https:\/\/vidistechnology.com\/index.php\/product\/simplya\/","title":{"rendered":"SIMPLYA"},"content":{"rendered":"<div>SIMPLYA II est un clavier de commande \u00e0 \u00e9cran tactile 5\u201d (r\u00e9solution 800&#215;480 pixels) sur BUS RS-485, compatible avec toutes les centrales Combivox, avec un design \u00e9l\u00e9gant et adapt\u00e9 \u00e0 une utilisation dans n\u2019importe quel environnement. L\u2019ergonomie de l\u2019\u00e9cran tactile et l\u2019interface graphique avec des ic\u00f4nes facilite l\u2019utilisation du syst\u00e8me et de toutes les fonctions d\u2019Anti-vol et Domotique. Il suffit de toucher les ic\u00f4nes (par exemple, Anti-vol, Lumi\u00e8res, commandes, sc\u00e9narios, etc.), bien identifi\u00e9s par une description, et de naviguer dans les pages et les sous-pages pour activer rapidement les fonctions (armer\/d\u00e9sarmer les partitions individuelles du syst\u00e8me, exclure\/inclure les zones, activer\/d\u00e9sactiver les lumi\u00e8res\/stores et sc\u00e9narios, etc.).<\/div>\n<div>Le clavier, \u00e0 l\u2019\u00e9tat de repos, affiche en permanence l\u2019\u00e9tat du syst\u00e8me avec des ic\u00f4nes d\u2019\u00e9tat (partitions arm\u00e9es, zones ouvertes, d\u00e9fauts) ; on peut acc\u00e9der aux pages de gestion (anti-vol et domotique) \u00e0 travers les ic\u00f4nes ; lors du d\u00e9sarmement ou de l\u2019affichage d\u2019une alarme, un clavier alphanum\u00e9rique appara\u00eet imm\u00e9diatement \u00e0 travers lequel il est possible d\u2019effectuer le d\u00e9sarmement du syst\u00e8me ou le blocage d\u2019une alarme.<\/div>\n<div>On peut acc\u00e9der rapidement aux fonctions domotiques pour le contr\u00f4le des lumi\u00e8res, des commandes et du climat (les modules correspondants doivent \u00eatre int\u00e9gr\u00e9s au syst\u00e8me d\u2019alarme antivol : s\u2019adresser \u00e0 l\u2019installateur) \u00e0 travers la touche \u201cEnvironnements\u201d, \u00e0 partir duquel il est possible d\u2019identifier les fonctions<\/div>\n<div>domotiques (par ex., \u00e9clairage, commande store motoris\u00e9e ou portail, r\u00e9glage de la climatisation, etc.). en fonction de la zone (par ex. salon, cuisine, sous-sol, garage, etc.).<\/div>\n","protected":false},"excerpt":{"rendered":"<p>SIMPLYA II est un clavier de commande \u00e0 \u00e9cran tactile 5\u201d (r\u00e9solution 800&#215;480 pixels) sur BUS RS-485, compatible avec toutes les centrales Combivox, avec un design \u00e9l\u00e9gant et adapt\u00e9 \u00e0 une utilisation dans n\u2019importe quel environnement. L\u2019ergonomie de l\u2019\u00e9cran tactile et l\u2019interface graphique avec des ic\u00f4nes facilite l\u2019utilisation du syst\u00e8me et de toutes les fonctions<\/p>\n<div class=\"klb-readmore button\"><a class=\"btn link\" href=\"https:\/\/vidistechnology.com\/index.php\/product\/simplya\/\">Read More <i class=\"klbth-icon-right-arrow\"><\/i><\/a><\/div>\n","protected":false},"featured_media":4412,"template":"","meta":[],"product_cat":[219],"product_tag":[],"class_list":["post-4410","product","type-product","status-publish","has-post-thumbnail","hentry","product_cat-combivox"],"yoast_head":"<!-- This site is optimized with the Yoast SEO plugin v21.5 - https:\/\/yoast.com\/wordpress\/plugins\/seo\/ -->\n<title>SIMPLYA - Vidistechnologie<\/title>\n<meta name=\"robots\" content=\"index, follow, max-snippet:-1, max-image-preview:large, max-video-preview:-1\" \/>\n<link rel=\"canonical\" href=\"http:\/\/vidistechnology.com\/index.php\/product\/simplya\/\" \/>\n<meta property=\"og:locale\" content=\"fr_FR\" \/>\n<meta property=\"og:type\" content=\"article\" \/>\n<meta property=\"og:title\" content=\"SIMPLYA - Vidistechnologie\" \/>\n<meta property=\"og:description\" content=\"SIMPLYA II est un clavier de commande \u00e0 \u00e9cran tactile 5\u201d (r\u00e9solution 800&#215;480 pixels) sur BUS RS-485, compatible avec toutes les centrales Combivox, avec un design \u00e9l\u00e9gant et adapt\u00e9 \u00e0 une utilisation dans n\u2019importe quel environnement. L\u2019ergonomie de l\u2019\u00e9cran tactile et l\u2019interface graphique avec des ic\u00f4nes facilite l\u2019utilisation du syst\u00e8me et de toutes les fonctionsRead More\" \/>\n<meta property=\"og:url\" content=\"http:\/\/vidistechnology.com\/index.php\/product\/simplya\/\" \/>\n<meta property=\"og:site_name\" content=\"Vidistechnologie\" \/>\n<meta property=\"article:publisher\" content=\"https:\/\/www.facebook.com\/profile.php?id=100089805237154\" \/>\n<meta property=\"article:modified_time\" content=\"2024-03-03T18:03:53+00:00\" \/>\n<meta property=\"og:image\" content=\"http:\/\/vidistechnology.com\/wp-content\/uploads\/2023\/10\/SIMPLYA.png\" \/>\n\t<meta property=\"og:image:width\" content=\"320\" \/>\n\t<meta property=\"og:image:height\" content=\"213\" \/>\n\t<meta property=\"og:image:type\" content=\"image\/png\" \/>\n<meta name=\"twitter:card\" content=\"summary_large_image\" \/>\n<meta name=\"twitter:label1\" content=\"Dur\u00e9e de lecture estim\u00e9e\" \/>\n\t<meta name=\"twitter:data1\" content=\"1 minute\" \/>\n<script type=\"application\/ld+json\" class=\"yoast-schema-graph\">{\"@context\":\"https:\/\/schema.org\",\"@graph\":[{\"@type\":\"WebPage\",\"@id\":\"http:\/\/vidistechnology.com\/index.php\/product\/simplya\/\",\"url\":\"http:\/\/vidistechnology.com\/index.php\/product\/simplya\/\",\"name\":\"SIMPLYA - Vidistechnologie\",\"isPartOf\":{\"@id\":\"https:\/\/vidistechnology.com\/#website\"},\"datePublished\":\"2023-10-07T17:41:16+00:00\",\"dateModified\":\"2024-03-03T18:03:53+00:00\",\"breadcrumb\":{\"@id\":\"http:\/\/vidistechnology.com\/index.php\/product\/simplya\/#breadcrumb\"},\"inLanguage\":\"fr-FR\",\"potentialAction\":[{\"@type\":\"ReadAction\",\"target\":[\"http:\/\/vidistechnology.com\/index.php\/product\/simplya\/\"]}]},{\"@type\":\"BreadcrumbList\",\"@id\":\"http:\/\/vidistechnology.com\/index.php\/product\/simplya\/#breadcrumb\",\"itemListElement\":[{\"@type\":\"ListItem\",\"position\":1,\"name\":\"Accueil\",\"item\":\"https:\/\/vidistechnology.com\/\"},{\"@type\":\"ListItem\",\"position\":2,\"name\":\"produits\",\"item\":\"https:\/\/vidistechnology.com\/index.php\/shop-2\/\"},{\"@type\":\"ListItem\",\"position\":3,\"name\":\"SIMPLYA\"}]},{\"@type\":\"WebSite\",\"@id\":\"https:\/\/vidistechnology.com\/#website\",\"url\":\"https:\/\/vidistechnology.com\/\",\"name\":\"Vidistechnologie\",\"description\":\"\",\"publisher\":{\"@id\":\"https:\/\/vidistechnology.com\/#organization\"},\"potentialAction\":[{\"@type\":\"SearchAction\",\"target\":{\"@type\":\"EntryPoint\",\"urlTemplate\":\"https:\/\/vidistechnology.com\/?s={search_term_string}\"},\"query-input\":\"required name=search_term_string\"}],\"inLanguage\":\"fr-FR\"},{\"@type\":\"Organization\",\"@id\":\"https:\/\/vidistechnology.com\/#organization\",\"name\":\"Vidistechnologie\",\"url\":\"https:\/\/vidistechnology.com\/\",\"logo\":{\"@type\":\"ImageObject\",\"inLanguage\":\"fr-FR\",\"@id\":\"https:\/\/vidistechnology.com\/#\/schema\/logo\/image\/\",\"url\":\"https:\/\/vidistechnology.com\/wp-content\/uploads\/2023\/09\/332472308_904858154051322_6295981484547826480_n.png\",\"contentUrl\":\"https:\/\/vidistechnology.com\/wp-content\/uploads\/2023\/09\/332472308_904858154051322_6295981484547826480_n.png\",\"width\":1992,\"height\":1259,\"caption\":\"Vidistechnologie\"},\"image\":{\"@id\":\"https:\/\/vidistechnology.com\/#\/schema\/logo\/image\/\"},\"sameAs\":[\"https:\/\/www.facebook.com\/profile.php?id=100089805237154\"]}]}<\/script>\n<!-- \/ Yoast SEO plugin. -->","yoast_head_json":{"title":"SIMPLYA - Vidistechnologie","robots":{"index":"index","follow":"follow","max-snippet":"max-snippet:-1","max-image-preview":"max-image-preview:large","max-video-preview":"max-video-preview:-1"},"canonical":"http:\/\/vidistechnology.com\/index.php\/product\/simplya\/","og_locale":"fr_FR","og_type":"article","og_title":"SIMPLYA - Vidistechnologie","og_description":"SIMPLYA II est un clavier de commande \u00e0 \u00e9cran tactile 5\u201d (r\u00e9solution 800&#215;480 pixels) sur BUS RS-485, compatible avec toutes les centrales Combivox, avec un design \u00e9l\u00e9gant et adapt\u00e9 \u00e0 une utilisation dans n\u2019importe quel environnement. L\u2019ergonomie de l\u2019\u00e9cran tactile et l\u2019interface graphique avec des ic\u00f4nes facilite l\u2019utilisation du syst\u00e8me et de toutes les fonctionsRead More","og_url":"http:\/\/vidistechnology.com\/index.php\/product\/simplya\/","og_site_name":"Vidistechnologie","article_publisher":"https:\/\/www.facebook.com\/profile.php?id=100089805237154","article_modified_time":"2024-03-03T18:03:53+00:00","og_image":[{"width":320,"height":213,"url":"http:\/\/vidistechnology.com\/wp-content\/uploads\/2023\/10\/SIMPLYA.png","type":"image\/png"}],"twitter_card":"summary_large_image","twitter_misc":{"Dur\u00e9e de lecture estim\u00e9e":"1 minute"},"schema":{"@context":"https:\/\/schema.org","@graph":[{"@type":"WebPage","@id":"http:\/\/vidistechnology.com\/index.php\/product\/simplya\/","url":"http:\/\/vidistechnology.com\/index.php\/product\/simplya\/","name":"SIMPLYA - Vidistechnologie","isPartOf":{"@id":"https:\/\/vidistechnology.com\/#website"},"datePublished":"2023-10-07T17:41:16+00:00","dateModified":"2024-03-03T18:03:53+00:00","breadcrumb":{"@id":"http:\/\/vidistechnology.com\/index.php\/product\/simplya\/#breadcrumb"},"inLanguage":"fr-FR","potentialAction":[{"@type":"ReadAction","target":["http:\/\/vidistechnology.com\/index.php\/product\/simplya\/"]}]},{"@type":"BreadcrumbList","@id":"http:\/\/vidistechnology.com\/index.php\/product\/simplya\/#breadcrumb","itemListElement":[{"@type":"ListItem","position":1,"name":"Accueil","item":"https:\/\/vidistechnology.com\/"},{"@type":"ListItem","position":2,"name":"produits","item":"https:\/\/vidistechnology.com\/index.php\/shop-2\/"},{"@type":"ListItem","position":3,"name":"SIMPLYA"}]},{"@type":"WebSite","@id":"https:\/\/vidistechnology.com\/#website","url":"https:\/\/vidistechnology.com\/","name":"Vidistechnologie","description":"","publisher":{"@id":"https:\/\/vidistechnology.com\/#organization"},"potentialAction":[{"@type":"SearchAction","target":{"@type":"EntryPoint","urlTemplate":"https:\/\/vidistechnology.com\/?s={search_term_string}"},"query-input":"required name=search_term_string"}],"inLanguage":"fr-FR"},{"@type":"Organization","@id":"https:\/\/vidistechnology.com\/#organization","name":"Vidistechnologie","url":"https:\/\/vidistechnology.com\/","logo":{"@type":"ImageObject","inLanguage":"fr-FR","@id":"https:\/\/vidistechnology.com\/#\/schema\/logo\/image\/","url":"https:\/\/vidistechnology.com\/wp-content\/uploads\/2023\/09\/332472308_904858154051322_6295981484547826480_n.png","contentUrl":"https:\/\/vidistechnology.com\/wp-content\/uploads\/2023\/09\/332472308_904858154051322_6295981484547826480_n.png","width":1992,"height":1259,"caption":"Vidistechnologie"},"image":{"@id":"https:\/\/vidistechnology.com\/#\/schema\/logo\/image\/"},"sameAs":["https:\/\/www.facebook.com\/profile.php?id=100089805237154"]}]}},"_links":{"self":[{"href":"https:\/\/vidistechnology.com\/index.php\/wp-json\/wp\/v2\/product\/4410","targetHints":{"allow":["GET"]}}],"collection":[{"href":"https:\/\/vidistechnology.com\/index.php\/wp-json\/wp\/v2\/product"}],"about":[{"href":"https:\/\/vidistechnology.com\/index.php\/wp-json\/wp\/v2\/types\/product"}],"version-history":[{"count":1,"href":"https:\/\/vidistechnology.com\/index.php\/wp-json\/wp\/v2\/product\/4410\/revisions"}],"predecessor-version":[{"id":4413,"href":"https:\/\/vidistechnology.com\/index.php\/wp-json\/wp\/v2\/product\/4410\/revisions\/4413"}],"wp:featuredmedia":[{"embeddable":true,"href":"https:\/\/vidistechnology.com\/index.php\/wp-json\/wp\/v2\/media\/4412"}],"wp:attachment":[{"href":"https:\/\/vidistechnology.com\/index.php\/wp-json\/wp\/v2\/media?parent=4410"}],"wp:term":[{"taxonomy":"product_cat","embeddable":true,"href":"https:\/\/vidistechnology.com\/index.php\/wp-json\/wp\/v2\/product_cat?post=4410"},{"taxonomy":"product_tag","embeddable":true,"href":"https:\/\/vidistechnology.com\/index.php\/wp-json\/wp\/v2\/product_tag?post=4410"}],"curies":[{"name":"wp","href":"https:\/\/api.w.org\/{rel}","templated":true}]}}