{"id":4399,"date":"2023-10-07T17:33:41","date_gmt":"2023-10-07T17:33:41","guid":{"rendered":"https:\/\/vidistechnology.com\/?post_type=product&#038;p=4399"},"modified":"2024-03-03T18:03:08","modified_gmt":"2024-03-03T18:03:08","slug":"eva-8-24","status":"publish","type":"product","link":"https:\/\/vidistechnology.com\/index.php\/product\/eva-8-24\/","title":{"rendered":"EVA 8 &#8211; 24 RTC"},"content":{"rendered":"<p class=\"p1\">Centrale 8\u00a0zones extensibles \u00e0 24, librement programmables\u00a0<b>(m\u00eame toutes)<\/b>\u00a0comme zones sans fil\u00a0; 6\u00a0partitions d\u2019armement. Dot\u00e9e d\u2019un port USB. BUS\u00a0RS485 haut d\u00e9bit pour la connexion de modules suppl\u00e9mentaires (blocs d\u2019alimentation, extensions d\u2019entr\u00e9es et de sorties, r\u00e9cepteur radio, claviers, sir\u00e8nes, lecteurs de proximit\u00e9 et module LAN). Jusqu\u2019\u00e0 16\u00a0sorties (OC et relais) pouvant \u00eatre associ\u00e9es \u00e0 des \u00e9v\u00e9nements ou programm\u00e9es comme commandes \u00e0 distance. 32\u00a0utilisateurs par clavier + 24 par cl\u00e9 + 8 par t\u00e9l\u00e9commande. Messages vocaux multilingues, programmables par clavier et logiciel via \u00ab\u00a0text to speech\u00a0\u00bb. Pr\u00e9r\u00e9gl\u00e9e pour le module RTC\u00a0Plug &amp; Play (opt.) pour l\u2019envoi d\u2019indications par t\u00e9l\u00e9phone avec identification de partition, zone et \u00e9v\u00e9nement. Gestion \u00e0 distance via un menu vocal interactif. Fonction de t\u00e9l\u00e9-\u00e9coute environnementale. Communicateur num\u00e9rique int\u00e9gr\u00e9. Bloc d\u2019alimentation 2,6\u00a0A. Module LAN (opt.) Smartweb sur BUS\u00a0RS485 pour la programmation locale et \u00e0 distance via un logiciel et la gestion utilisateur sur le navigateur Web et avec l\u2019app.<\/p>\n<p class=\"p1\"><b>Fonctions de vid\u00e9o-surveillance\u00a0:<\/b>\u00a0affichage direct (dans le navigateur Web et sur l\u2019app) jusqu\u2019\u00e0 16\u00a0cam\u00e9ras vid\u00e9o IP via un module LAN\u00a0; Pr\u00e9 et post enregistrement via le clavier Simplya.<\/p>\n","protected":false},"excerpt":{"rendered":"<p>Centrale 8\u00a0zones extensibles \u00e0 24, librement programmables\u00a0(m\u00eame toutes)\u00a0comme zones sans fil\u00a0; 6\u00a0partitions d\u2019armement. Dot\u00e9e d\u2019un port USB. BUS\u00a0RS485 haut d\u00e9bit pour la connexion de modules suppl\u00e9mentaires (blocs d\u2019alimentation, extensions d\u2019entr\u00e9es et de sorties, r\u00e9cepteur radio, claviers, sir\u00e8nes, lecteurs de proximit\u00e9 et module LAN). Jusqu\u2019\u00e0 16\u00a0sorties (OC et relais) pouvant \u00eatre associ\u00e9es \u00e0 des \u00e9v\u00e9nements ou<\/p>\n<div class=\"klb-readmore button\"><a class=\"btn link\" href=\"https:\/\/vidistechnology.com\/index.php\/product\/eva-8-24\/\">Read More <i class=\"klbth-icon-right-arrow\"><\/i><\/a><\/div>\n","protected":false},"featured_media":4400,"template":"","meta":[],"product_cat":[219],"product_tag":[],"class_list":["post-4399","product","type-product","status-publish","has-post-thumbnail","hentry","product_cat-combivox"],"yoast_head":"<!-- This site is optimized with the Yoast SEO plugin v21.5 - https:\/\/yoast.com\/wordpress\/plugins\/seo\/ -->\n<title>EVA 8 - 24 RTC - Vidistechnologie<\/title>\n<meta name=\"robots\" content=\"index, follow, max-snippet:-1, max-image-preview:large, max-video-preview:-1\" \/>\n<link rel=\"canonical\" href=\"http:\/\/vidistechnology.com\/index.php\/product\/eva-8-24\/\" \/>\n<meta property=\"og:locale\" content=\"fr_FR\" \/>\n<meta property=\"og:type\" content=\"article\" \/>\n<meta property=\"og:title\" content=\"EVA 8 - 24 RTC - Vidistechnologie\" \/>\n<meta property=\"og:description\" content=\"Centrale 8\u00a0zones extensibles \u00e0 24, librement programmables\u00a0(m\u00eame toutes)\u00a0comme zones sans fil\u00a0; 6\u00a0partitions d\u2019armement. Dot\u00e9e d\u2019un port USB. BUS\u00a0RS485 haut d\u00e9bit pour la connexion de modules suppl\u00e9mentaires (blocs d\u2019alimentation, extensions d\u2019entr\u00e9es et de sorties, r\u00e9cepteur radio, claviers, sir\u00e8nes, lecteurs de proximit\u00e9 et module LAN). Jusqu\u2019\u00e0 16\u00a0sorties (OC et relais) pouvant \u00eatre associ\u00e9es \u00e0 des \u00e9v\u00e9nements ouRead More\" \/>\n<meta property=\"og:url\" content=\"http:\/\/vidistechnology.com\/index.php\/product\/eva-8-24\/\" \/>\n<meta property=\"og:site_name\" content=\"Vidistechnologie\" \/>\n<meta property=\"article:publisher\" content=\"https:\/\/www.facebook.com\/profile.php?id=100089805237154\" \/>\n<meta property=\"article:modified_time\" content=\"2024-03-03T18:03:08+00:00\" \/>\n<meta property=\"og:image\" content=\"http:\/\/vidistechnology.com\/wp-content\/uploads\/2023\/10\/EVA-8-24.jpg\" \/>\n\t<meta property=\"og:image:width\" content=\"800\" \/>\n\t<meta property=\"og:image:height\" content=\"800\" \/>\n\t<meta property=\"og:image:type\" content=\"image\/jpeg\" \/>\n<meta name=\"twitter:card\" content=\"summary_large_image\" \/>\n<meta name=\"twitter:label1\" content=\"Dur\u00e9e de lecture estim\u00e9e\" \/>\n\t<meta name=\"twitter:data1\" content=\"1 minute\" \/>\n<script type=\"application\/ld+json\" class=\"yoast-schema-graph\">{\"@context\":\"https:\/\/schema.org\",\"@graph\":[{\"@type\":\"WebPage\",\"@id\":\"http:\/\/vidistechnology.com\/index.php\/product\/eva-8-24\/\",\"url\":\"http:\/\/vidistechnology.com\/index.php\/product\/eva-8-24\/\",\"name\":\"EVA 8 - 24 RTC - Vidistechnologie\",\"isPartOf\":{\"@id\":\"https:\/\/vidistechnology.com\/#website\"},\"datePublished\":\"2023-10-07T17:33:41+00:00\",\"dateModified\":\"2024-03-03T18:03:08+00:00\",\"breadcrumb\":{\"@id\":\"http:\/\/vidistechnology.com\/index.php\/product\/eva-8-24\/#breadcrumb\"},\"inLanguage\":\"fr-FR\",\"potentialAction\":[{\"@type\":\"ReadAction\",\"target\":[\"http:\/\/vidistechnology.com\/index.php\/product\/eva-8-24\/\"]}]},{\"@type\":\"BreadcrumbList\",\"@id\":\"http:\/\/vidistechnology.com\/index.php\/product\/eva-8-24\/#breadcrumb\",\"itemListElement\":[{\"@type\":\"ListItem\",\"position\":1,\"name\":\"Accueil\",\"item\":\"https:\/\/vidistechnology.com\/\"},{\"@type\":\"ListItem\",\"position\":2,\"name\":\"produits\",\"item\":\"https:\/\/vidistechnology.com\/index.php\/shop-2\/\"},{\"@type\":\"ListItem\",\"position\":3,\"name\":\"EVA 8 &#8211; 24 RTC\"}]},{\"@type\":\"WebSite\",\"@id\":\"https:\/\/vidistechnology.com\/#website\",\"url\":\"https:\/\/vidistechnology.com\/\",\"name\":\"Vidistechnologie\",\"description\":\"\",\"publisher\":{\"@id\":\"https:\/\/vidistechnology.com\/#organization\"},\"potentialAction\":[{\"@type\":\"SearchAction\",\"target\":{\"@type\":\"EntryPoint\",\"urlTemplate\":\"https:\/\/vidistechnology.com\/?s={search_term_string}\"},\"query-input\":\"required name=search_term_string\"}],\"inLanguage\":\"fr-FR\"},{\"@type\":\"Organization\",\"@id\":\"https:\/\/vidistechnology.com\/#organization\",\"name\":\"Vidistechnologie\",\"url\":\"https:\/\/vidistechnology.com\/\",\"logo\":{\"@type\":\"ImageObject\",\"inLanguage\":\"fr-FR\",\"@id\":\"https:\/\/vidistechnology.com\/#\/schema\/logo\/image\/\",\"url\":\"https:\/\/vidistechnology.com\/wp-content\/uploads\/2023\/09\/332472308_904858154051322_6295981484547826480_n.png\",\"contentUrl\":\"https:\/\/vidistechnology.com\/wp-content\/uploads\/2023\/09\/332472308_904858154051322_6295981484547826480_n.png\",\"width\":1992,\"height\":1259,\"caption\":\"Vidistechnologie\"},\"image\":{\"@id\":\"https:\/\/vidistechnology.com\/#\/schema\/logo\/image\/\"},\"sameAs\":[\"https:\/\/www.facebook.com\/profile.php?id=100089805237154\"]}]}<\/script>\n<!-- \/ Yoast SEO plugin. -->","yoast_head_json":{"title":"EVA 8 - 24 RTC - Vidistechnologie","robots":{"index":"index","follow":"follow","max-snippet":"max-snippet:-1","max-image-preview":"max-image-preview:large","max-video-preview":"max-video-preview:-1"},"canonical":"http:\/\/vidistechnology.com\/index.php\/product\/eva-8-24\/","og_locale":"fr_FR","og_type":"article","og_title":"EVA 8 - 24 RTC - Vidistechnologie","og_description":"Centrale 8\u00a0zones extensibles \u00e0 24, librement programmables\u00a0(m\u00eame toutes)\u00a0comme zones sans fil\u00a0; 6\u00a0partitions d\u2019armement. Dot\u00e9e d\u2019un port USB. BUS\u00a0RS485 haut d\u00e9bit pour la connexion de modules suppl\u00e9mentaires (blocs d\u2019alimentation, extensions d\u2019entr\u00e9es et de sorties, r\u00e9cepteur radio, claviers, sir\u00e8nes, lecteurs de proximit\u00e9 et module LAN). Jusqu\u2019\u00e0 16\u00a0sorties (OC et relais) pouvant \u00eatre associ\u00e9es \u00e0 des \u00e9v\u00e9nements ouRead More","og_url":"http:\/\/vidistechnology.com\/index.php\/product\/eva-8-24\/","og_site_name":"Vidistechnologie","article_publisher":"https:\/\/www.facebook.com\/profile.php?id=100089805237154","article_modified_time":"2024-03-03T18:03:08+00:00","og_image":[{"width":800,"height":800,"url":"http:\/\/vidistechnology.com\/wp-content\/uploads\/2023\/10\/EVA-8-24.jpg","type":"image\/jpeg"}],"twitter_card":"summary_large_image","twitter_misc":{"Dur\u00e9e de lecture estim\u00e9e":"1 minute"},"schema":{"@context":"https:\/\/schema.org","@graph":[{"@type":"WebPage","@id":"http:\/\/vidistechnology.com\/index.php\/product\/eva-8-24\/","url":"http:\/\/vidistechnology.com\/index.php\/product\/eva-8-24\/","name":"EVA 8 - 24 RTC - Vidistechnologie","isPartOf":{"@id":"https:\/\/vidistechnology.com\/#website"},"datePublished":"2023-10-07T17:33:41+00:00","dateModified":"2024-03-03T18:03:08+00:00","breadcrumb":{"@id":"http:\/\/vidistechnology.com\/index.php\/product\/eva-8-24\/#breadcrumb"},"inLanguage":"fr-FR","potentialAction":[{"@type":"ReadAction","target":["http:\/\/vidistechnology.com\/index.php\/product\/eva-8-24\/"]}]},{"@type":"BreadcrumbList","@id":"http:\/\/vidistechnology.com\/index.php\/product\/eva-8-24\/#breadcrumb","itemListElement":[{"@type":"ListItem","position":1,"name":"Accueil","item":"https:\/\/vidistechnology.com\/"},{"@type":"ListItem","position":2,"name":"produits","item":"https:\/\/vidistechnology.com\/index.php\/shop-2\/"},{"@type":"ListItem","position":3,"name":"EVA 8 &#8211; 24 RTC"}]},{"@type":"WebSite","@id":"https:\/\/vidistechnology.com\/#website","url":"https:\/\/vidistechnology.com\/","name":"Vidistechnologie","description":"","publisher":{"@id":"https:\/\/vidistechnology.com\/#organization"},"potentialAction":[{"@type":"SearchAction","target":{"@type":"EntryPoint","urlTemplate":"https:\/\/vidistechnology.com\/?s={search_term_string}"},"query-input":"required name=search_term_string"}],"inLanguage":"fr-FR"},{"@type":"Organization","@id":"https:\/\/vidistechnology.com\/#organization","name":"Vidistechnologie","url":"https:\/\/vidistechnology.com\/","logo":{"@type":"ImageObject","inLanguage":"fr-FR","@id":"https:\/\/vidistechnology.com\/#\/schema\/logo\/image\/","url":"https:\/\/vidistechnology.com\/wp-content\/uploads\/2023\/09\/332472308_904858154051322_6295981484547826480_n.png","contentUrl":"https:\/\/vidistechnology.com\/wp-content\/uploads\/2023\/09\/332472308_904858154051322_6295981484547826480_n.png","width":1992,"height":1259,"caption":"Vidistechnologie"},"image":{"@id":"https:\/\/vidistechnology.com\/#\/schema\/logo\/image\/"},"sameAs":["https:\/\/www.facebook.com\/profile.php?id=100089805237154"]}]}},"_links":{"self":[{"href":"https:\/\/vidistechnology.com\/index.php\/wp-json\/wp\/v2\/product\/4399","targetHints":{"allow":["GET"]}}],"collection":[{"href":"https:\/\/vidistechnology.com\/index.php\/wp-json\/wp\/v2\/product"}],"about":[{"href":"https:\/\/vidistechnology.com\/index.php\/wp-json\/wp\/v2\/types\/product"}],"version-history":[{"count":2,"href":"https:\/\/vidistechnology.com\/index.php\/wp-json\/wp\/v2\/product\/4399\/revisions"}],"predecessor-version":[{"id":4406,"href":"https:\/\/vidistechnology.com\/index.php\/wp-json\/wp\/v2\/product\/4399\/revisions\/4406"}],"wp:featuredmedia":[{"embeddable":true,"href":"https:\/\/vidistechnology.com\/index.php\/wp-json\/wp\/v2\/media\/4400"}],"wp:attachment":[{"href":"https:\/\/vidistechnology.com\/index.php\/wp-json\/wp\/v2\/media?parent=4399"}],"wp:term":[{"taxonomy":"product_cat","embeddable":true,"href":"https:\/\/vidistechnology.com\/index.php\/wp-json\/wp\/v2\/product_cat?post=4399"},{"taxonomy":"product_tag","embeddable":true,"href":"https:\/\/vidistechnology.com\/index.php\/wp-json\/wp\/v2\/product_tag?post=4399"}],"curies":[{"name":"wp","href":"https:\/\/api.w.org\/{rel}","templated":true}]}}