{"id":4312,"date":"2023-10-06T17:47:23","date_gmt":"2023-10-06T17:47:23","guid":{"rendered":"https:\/\/vidistechnology.com\/?post_type=product&#038;p=4312"},"modified":"2023-10-06T18:34:19","modified_gmt":"2023-10-06T18:34:19","slug":"ds-2cd1123g0e-i","status":"publish","type":"product","link":"https:\/\/vidistechnology.com\/index.php\/product\/ds-2cd1123g0e-i\/","title":{"rendered":"DS-2CD1123G0E-I"},"content":{"rendered":"<h2 class=\"prod_name\"><span class=\"prod_name-content\">Cam\u00e9ra IP d\u00f4me fixe 2 MP<\/span><\/h2>\n<ul class=\"product_description_item-list\">\n<li class=\"product_description_item\">Image de haute qualit\u00e9 avec une r\u00e9solution de 2 MP<\/li>\n<li class=\"product_description_item\">Technologie de compression H.265+ efficace<\/li>\n<li class=\"product_description_item\">Image claire contre un fort contre-jour gr\u00e2ce \u00e0 la technologie DWDR<\/li>\n<li class=\"product_description_item\">R\u00e9sistant \u00e0 l&#8217;eau et \u00e0 la poussi\u00e8re (IP67) et r\u00e9sistant au vandalisme (IK10)<\/li>\n<li class=\"product_description_item\">EXIR 2.0 : technologie infrarouge avanc\u00e9e avec une longue port\u00e9e IR 30M<\/li>\n<\/ul>\n","protected":false},"excerpt":{"rendered":"<p>Cam\u00e9ra IP d\u00f4me fixe 2 MP Image de haute qualit\u00e9 avec une r\u00e9solution de 2 MP Technologie de compression H.265+ efficace Image claire contre un fort contre-jour gr\u00e2ce \u00e0 la technologie DWDR R\u00e9sistant \u00e0 l&#8217;eau et \u00e0 la poussi\u00e8re (IP67) et r\u00e9sistant au vandalisme (IK10) EXIR 2.0 : technologie infrarouge avanc\u00e9e avec une longue port\u00e9e<\/p>\n<div class=\"klb-readmore button\"><a class=\"btn link\" href=\"https:\/\/vidistechnology.com\/index.php\/product\/ds-2cd1123g0e-i\/\">Read More <i class=\"klbth-icon-right-arrow\"><\/i><\/a><\/div>\n","protected":false},"featured_media":4314,"template":"","meta":[],"product_cat":[209],"product_tag":[],"class_list":["post-4312","product","type-product","status-publish","has-post-thumbnail","hentry","product_cat-camera-ip"],"yoast_head":"<!-- This site is optimized with the Yoast SEO plugin v21.5 - https:\/\/yoast.com\/wordpress\/plugins\/seo\/ -->\n<title>DS-2CD1123G0E-I - Vidistechnologie<\/title>\n<meta name=\"robots\" content=\"index, follow, max-snippet:-1, max-image-preview:large, max-video-preview:-1\" \/>\n<link rel=\"canonical\" href=\"http:\/\/vidistechnology.com\/index.php\/product\/ds-2cd1123g0e-i\/\" \/>\n<meta property=\"og:locale\" content=\"fr_FR\" \/>\n<meta property=\"og:type\" content=\"article\" \/>\n<meta property=\"og:title\" content=\"DS-2CD1123G0E-I - Vidistechnologie\" \/>\n<meta property=\"og:description\" content=\"Cam\u00e9ra IP d\u00f4me fixe 2 MP Image de haute qualit\u00e9 avec une r\u00e9solution de 2 MP Technologie de compression H.265+ efficace Image claire contre un fort contre-jour gr\u00e2ce \u00e0 la technologie DWDR R\u00e9sistant \u00e0 l&#8217;eau et \u00e0 la poussi\u00e8re (IP67) et r\u00e9sistant au vandalisme (IK10) EXIR 2.0 : technologie infrarouge avanc\u00e9e avec une longue port\u00e9eRead More\" \/>\n<meta property=\"og:url\" content=\"http:\/\/vidistechnology.com\/index.php\/product\/ds-2cd1123g0e-i\/\" \/>\n<meta property=\"og:site_name\" content=\"Vidistechnologie\" \/>\n<meta property=\"article:publisher\" content=\"https:\/\/www.facebook.com\/profile.php?id=100089805237154\" \/>\n<meta property=\"article:modified_time\" content=\"2023-10-06T18:34:19+00:00\" \/>\n<meta property=\"og:image\" content=\"http:\/\/vidistechnology.com\/wp-content\/uploads\/2023\/10\/DS-2CD2123G2-IS.png\" \/>\n\t<meta property=\"og:image:width\" content=\"800\" \/>\n\t<meta property=\"og:image:height\" content=\"800\" \/>\n\t<meta property=\"og:image:type\" content=\"image\/png\" \/>\n<meta name=\"twitter:card\" content=\"summary_large_image\" \/>\n<script type=\"application\/ld+json\" class=\"yoast-schema-graph\">{\"@context\":\"https:\/\/schema.org\",\"@graph\":[{\"@type\":\"WebPage\",\"@id\":\"http:\/\/vidistechnology.com\/index.php\/product\/ds-2cd1123g0e-i\/\",\"url\":\"http:\/\/vidistechnology.com\/index.php\/product\/ds-2cd1123g0e-i\/\",\"name\":\"DS-2CD1123G0E-I - Vidistechnologie\",\"isPartOf\":{\"@id\":\"https:\/\/vidistechnology.com\/#website\"},\"datePublished\":\"2023-10-06T17:47:23+00:00\",\"dateModified\":\"2023-10-06T18:34:19+00:00\",\"breadcrumb\":{\"@id\":\"http:\/\/vidistechnology.com\/index.php\/product\/ds-2cd1123g0e-i\/#breadcrumb\"},\"inLanguage\":\"fr-FR\",\"potentialAction\":[{\"@type\":\"ReadAction\",\"target\":[\"http:\/\/vidistechnology.com\/index.php\/product\/ds-2cd1123g0e-i\/\"]}]},{\"@type\":\"BreadcrumbList\",\"@id\":\"http:\/\/vidistechnology.com\/index.php\/product\/ds-2cd1123g0e-i\/#breadcrumb\",\"itemListElement\":[{\"@type\":\"ListItem\",\"position\":1,\"name\":\"Accueil\",\"item\":\"https:\/\/vidistechnology.com\/\"},{\"@type\":\"ListItem\",\"position\":2,\"name\":\"produits\",\"item\":\"https:\/\/vidistechnology.com\/index.php\/shop-2\/\"},{\"@type\":\"ListItem\",\"position\":3,\"name\":\"DS-2CD1123G0E-I\"}]},{\"@type\":\"WebSite\",\"@id\":\"https:\/\/vidistechnology.com\/#website\",\"url\":\"https:\/\/vidistechnology.com\/\",\"name\":\"Vidistechnologie\",\"description\":\"\",\"publisher\":{\"@id\":\"https:\/\/vidistechnology.com\/#organization\"},\"potentialAction\":[{\"@type\":\"SearchAction\",\"target\":{\"@type\":\"EntryPoint\",\"urlTemplate\":\"https:\/\/vidistechnology.com\/?s={search_term_string}\"},\"query-input\":\"required name=search_term_string\"}],\"inLanguage\":\"fr-FR\"},{\"@type\":\"Organization\",\"@id\":\"https:\/\/vidistechnology.com\/#organization\",\"name\":\"Vidistechnologie\",\"url\":\"https:\/\/vidistechnology.com\/\",\"logo\":{\"@type\":\"ImageObject\",\"inLanguage\":\"fr-FR\",\"@id\":\"https:\/\/vidistechnology.com\/#\/schema\/logo\/image\/\",\"url\":\"https:\/\/vidistechnology.com\/wp-content\/uploads\/2023\/09\/332472308_904858154051322_6295981484547826480_n.png\",\"contentUrl\":\"https:\/\/vidistechnology.com\/wp-content\/uploads\/2023\/09\/332472308_904858154051322_6295981484547826480_n.png\",\"width\":1992,\"height\":1259,\"caption\":\"Vidistechnologie\"},\"image\":{\"@id\":\"https:\/\/vidistechnology.com\/#\/schema\/logo\/image\/\"},\"sameAs\":[\"https:\/\/www.facebook.com\/profile.php?id=100089805237154\"]}]}<\/script>\n<!-- \/ Yoast SEO plugin. -->","yoast_head_json":{"title":"DS-2CD1123G0E-I - Vidistechnologie","robots":{"index":"index","follow":"follow","max-snippet":"max-snippet:-1","max-image-preview":"max-image-preview:large","max-video-preview":"max-video-preview:-1"},"canonical":"http:\/\/vidistechnology.com\/index.php\/product\/ds-2cd1123g0e-i\/","og_locale":"fr_FR","og_type":"article","og_title":"DS-2CD1123G0E-I - Vidistechnologie","og_description":"Cam\u00e9ra IP d\u00f4me fixe 2 MP Image de haute qualit\u00e9 avec une r\u00e9solution de 2 MP Technologie de compression H.265+ efficace Image claire contre un fort contre-jour gr\u00e2ce \u00e0 la technologie DWDR R\u00e9sistant \u00e0 l&#8217;eau et \u00e0 la poussi\u00e8re (IP67) et r\u00e9sistant au vandalisme (IK10) EXIR 2.0 : technologie infrarouge avanc\u00e9e avec une longue port\u00e9eRead More","og_url":"http:\/\/vidistechnology.com\/index.php\/product\/ds-2cd1123g0e-i\/","og_site_name":"Vidistechnologie","article_publisher":"https:\/\/www.facebook.com\/profile.php?id=100089805237154","article_modified_time":"2023-10-06T18:34:19+00:00","og_image":[{"width":800,"height":800,"url":"http:\/\/vidistechnology.com\/wp-content\/uploads\/2023\/10\/DS-2CD2123G2-IS.png","type":"image\/png"}],"twitter_card":"summary_large_image","schema":{"@context":"https:\/\/schema.org","@graph":[{"@type":"WebPage","@id":"http:\/\/vidistechnology.com\/index.php\/product\/ds-2cd1123g0e-i\/","url":"http:\/\/vidistechnology.com\/index.php\/product\/ds-2cd1123g0e-i\/","name":"DS-2CD1123G0E-I - Vidistechnologie","isPartOf":{"@id":"https:\/\/vidistechnology.com\/#website"},"datePublished":"2023-10-06T17:47:23+00:00","dateModified":"2023-10-06T18:34:19+00:00","breadcrumb":{"@id":"http:\/\/vidistechnology.com\/index.php\/product\/ds-2cd1123g0e-i\/#breadcrumb"},"inLanguage":"fr-FR","potentialAction":[{"@type":"ReadAction","target":["http:\/\/vidistechnology.com\/index.php\/product\/ds-2cd1123g0e-i\/"]}]},{"@type":"BreadcrumbList","@id":"http:\/\/vidistechnology.com\/index.php\/product\/ds-2cd1123g0e-i\/#breadcrumb","itemListElement":[{"@type":"ListItem","position":1,"name":"Accueil","item":"https:\/\/vidistechnology.com\/"},{"@type":"ListItem","position":2,"name":"produits","item":"https:\/\/vidistechnology.com\/index.php\/shop-2\/"},{"@type":"ListItem","position":3,"name":"DS-2CD1123G0E-I"}]},{"@type":"WebSite","@id":"https:\/\/vidistechnology.com\/#website","url":"https:\/\/vidistechnology.com\/","name":"Vidistechnologie","description":"","publisher":{"@id":"https:\/\/vidistechnology.com\/#organization"},"potentialAction":[{"@type":"SearchAction","target":{"@type":"EntryPoint","urlTemplate":"https:\/\/vidistechnology.com\/?s={search_term_string}"},"query-input":"required name=search_term_string"}],"inLanguage":"fr-FR"},{"@type":"Organization","@id":"https:\/\/vidistechnology.com\/#organization","name":"Vidistechnologie","url":"https:\/\/vidistechnology.com\/","logo":{"@type":"ImageObject","inLanguage":"fr-FR","@id":"https:\/\/vidistechnology.com\/#\/schema\/logo\/image\/","url":"https:\/\/vidistechnology.com\/wp-content\/uploads\/2023\/09\/332472308_904858154051322_6295981484547826480_n.png","contentUrl":"https:\/\/vidistechnology.com\/wp-content\/uploads\/2023\/09\/332472308_904858154051322_6295981484547826480_n.png","width":1992,"height":1259,"caption":"Vidistechnologie"},"image":{"@id":"https:\/\/vidistechnology.com\/#\/schema\/logo\/image\/"},"sameAs":["https:\/\/www.facebook.com\/profile.php?id=100089805237154"]}]}},"_links":{"self":[{"href":"https:\/\/vidistechnology.com\/index.php\/wp-json\/wp\/v2\/product\/4312","targetHints":{"allow":["GET"]}}],"collection":[{"href":"https:\/\/vidistechnology.com\/index.php\/wp-json\/wp\/v2\/product"}],"about":[{"href":"https:\/\/vidistechnology.com\/index.php\/wp-json\/wp\/v2\/types\/product"}],"version-history":[{"count":6,"href":"https:\/\/vidistechnology.com\/index.php\/wp-json\/wp\/v2\/product\/4312\/revisions"}],"predecessor-version":[{"id":4370,"href":"https:\/\/vidistechnology.com\/index.php\/wp-json\/wp\/v2\/product\/4312\/revisions\/4370"}],"wp:featuredmedia":[{"embeddable":true,"href":"https:\/\/vidistechnology.com\/index.php\/wp-json\/wp\/v2\/media\/4314"}],"wp:attachment":[{"href":"https:\/\/vidistechnology.com\/index.php\/wp-json\/wp\/v2\/media?parent=4312"}],"wp:term":[{"taxonomy":"product_cat","embeddable":true,"href":"https:\/\/vidistechnology.com\/index.php\/wp-json\/wp\/v2\/product_cat?post=4312"},{"taxonomy":"product_tag","embeddable":true,"href":"https:\/\/vidistechnology.com\/index.php\/wp-json\/wp\/v2\/product_tag?post=4312"}],"curies":[{"name":"wp","href":"https:\/\/api.w.org\/{rel}","templated":true}]}}